{"id":2053,"date":"2025-09-02T10:12:05","date_gmt":"2025-09-02T10:12:05","guid":{"rendered":"https:\/\/geolit.es\/reservasalas\/?page_id=2053"},"modified":"2025-09-24T03:34:31","modified_gmt":"2025-09-24T03:34:31","slug":"concurso-retos-innovacion","status":"publish","type":"page","link":"https:\/\/geolit.es\/reservasalas\/concurso-retos-innovacion\/","title":{"rendered":"Geolit lanza el concurso \u00abRetos de la Innovaci\u00f3n\u00bb"},"content":{"rendered":"\t\t<div data-elementor-type=\"wp-page\" data-elementor-id=\"2053\" class=\"elementor elementor-2053\" data-elementor-post-type=\"page\">\n\t\t\t\t\t\t<section class=\"elementor-section elementor-top-section elementor-element elementor-element-dd49eea elementor-section-height-min-height elementor-section-boxed elementor-section-height-default elementor-section-items-middle\" data-id=\"dd49eea\" data-element_type=\"section\" data-settings=\"{&quot;background_background&quot;:&quot;classic&quot;}\">\n\t\t\t\t\t\t\t<div class=\"elementor-background-overlay\"><\/div>\n\t\t\t\t\t\t\t<div class=\"elementor-container elementor-column-gap-default\">\n\t\t\t\t\t<div class=\"elementor-column elementor-col-100 elementor-top-column elementor-element elementor-element-86cf0b7\" data-id=\"86cf0b7\" data-element_type=\"column\">\n\t\t\t<div class=\"elementor-widget-wrap elementor-element-populated\">\n\t\t\t\t\t\t<div class=\"elementor-element elementor-element-dd8c590 elementor-widget elementor-widget-heading\" data-id=\"dd8c590\" data-element_type=\"widget\" data-widget_type=\"heading.default\">\n\t\t\t\t<div class=\"elementor-widget-container\">\n\t\t\t\t\t<h1 class=\"elementor-heading-title elementor-size-default\">Concurso \"Retos de la Innovaci\u00f3n\"<\/h1>\t\t\t\t<\/div>\n\t\t\t\t<\/div>\n\t\t\t\t<div class=\"elementor-element elementor-element-93edab9 elementor-widget elementor-widget-heading\" data-id=\"93edab9\" data-element_type=\"widget\" data-widget_type=\"heading.default\">\n\t\t\t\t<div class=\"elementor-widget-container\">\n\t\t\t\t\t<h2 class=\"elementor-heading-title elementor-size-default\">25\u00ba Aniversario del Parque Cient\u00edfico Tecnol\u00f3gico GEOLIT<\/h2>\t\t\t\t<\/div>\n\t\t\t\t<\/div>\n\t\t\t\t\t<\/div>\n\t\t<\/div>\n\t\t\t\t\t<\/div>\n\t\t<\/section>\n\t\t\t\t<section class=\"elementor-section elementor-top-section elementor-element elementor-element-d074420 elementor-section-boxed elementor-section-height-default elementor-section-height-default\" data-id=\"d074420\" data-element_type=\"section\">\n\t\t\t\t\t\t<div class=\"elementor-container elementor-column-gap-default\">\n\t\t\t\t\t<div class=\"elementor-column elementor-col-100 elementor-top-column elementor-element elementor-element-6f6e302\" data-id=\"6f6e302\" data-element_type=\"column\">\n\t\t\t<div class=\"elementor-widget-wrap elementor-element-populated\">\n\t\t\t\t\t\t<div class=\"elementor-element elementor-element-f88c268 elementor-widget elementor-widget-heading\" data-id=\"f88c268\" data-element_type=\"widget\" data-widget_type=\"heading.default\">\n\t\t\t\t<div class=\"elementor-widget-container\">\n\t\t\t\t\t<h3 class=\"elementor-heading-title elementor-size-default\">Geolit lanza el concurso \"Retos de la Innovaci\u00f3n\"<\/h3>\t\t\t\t<\/div>\n\t\t\t\t<\/div>\n\t\t\t\t<div class=\"elementor-element elementor-element-e6936a7 elementor-widget elementor-widget-text-editor\" data-id=\"e6936a7\" data-element_type=\"widget\" data-widget_type=\"text-editor.default\">\n\t\t\t\t<div class=\"elementor-widget-container\">\n\t\t\t\t\t\t\t\t\t<p>En el marco de las actividades programadas con motivo del 25\u00ba aniversario del Parque Cient\u00edfico Tecnol\u00f3gico GEOLIT, se convoca el I Concurso \u201c<strong>Retos de la Innovaci\u00f3n<\/strong>\u201d.<\/p><p>El Concurso premiar\u00e1 propuestas disruptivas que aporten valor a Geolit como ecosistema de innovaci\u00f3n, en torno a retos relacionados con<\/p><ul><li>Sostenibilidad ambiental y econom\u00eda circular<\/li><li>Fomento de la innovaci\u00f3n colaborativa<\/li><\/ul><p>El Concurso \u201c<strong>Retos de la Innovaci\u00f3n<\/strong>\u201d tiene como finalidad impulsar propuestas innovadoras que mejoren la competitividad, sostenibilidad y cooperaci\u00f3n dentro del ecosistema GEOLIT, as\u00ed como reconocer y premiar el talento y la capacidad de innovaci\u00f3n de los distintos agentes y del capital humano presentes en el Parque.<\/p><p>El concurso pretende, adem\u00e1s, fomentar la interacci\u00f3n y la colaboraci\u00f3n entre las empresas, agentes tecnol\u00f3gicos y organizaciones del tercer sector instalados en <strong>GEOLIT<\/strong>.<\/p>\t\t\t\t\t\t\t\t<\/div>\n\t\t\t\t<\/div>\n\t\t\t\t<div class=\"elementor-element elementor-element-25af8e6 elementor-widget elementor-widget-button\" data-id=\"25af8e6\" data-element_type=\"widget\" data-widget_type=\"button.default\">\n\t\t\t\t<div class=\"elementor-widget-container\">\n\t\t\t\t\t\t\t\t\t<div class=\"elementor-button-wrapper\">\n\t\t\t\t\t<a class=\"elementor-button elementor-button-link elementor-size-sm\" href=\"#envio\">\n\t\t\t\t\t\t<span class=\"elementor-button-content-wrapper\">\n\t\t\t\t\t\t\t\t\t<span class=\"elementor-button-text\">Env\u00eda tu proyecto<\/span>\n\t\t\t\t\t<\/span>\n\t\t\t\t\t<\/a>\n\t\t\t\t<\/div>\n\t\t\t\t\t\t\t\t<\/div>\n\t\t\t\t<\/div>\n\t\t\t\t\t<\/div>\n\t\t<\/div>\n\t\t\t\t\t<\/div>\n\t\t<\/section>\n\t\t\t\t<section class=\"elementor-section elementor-top-section elementor-element elementor-element-fc84c1a elementor-section-boxed elementor-section-height-default elementor-section-height-default\" data-id=\"fc84c1a\" data-element_type=\"section\">\n\t\t\t\t\t\t<div class=\"elementor-container elementor-column-gap-wider\">\n\t\t\t\t\t<div class=\"elementor-column elementor-col-50 elementor-top-column elementor-element elementor-element-56935e2\" data-id=\"56935e2\" data-element_type=\"column\">\n\t\t\t<div class=\"elementor-widget-wrap elementor-element-populated\">\n\t\t\t\t\t\t<div class=\"elementor-element elementor-element-9fca066 elementor-widget elementor-widget-image\" data-id=\"9fca066\" data-element_type=\"widget\" data-widget_type=\"image.default\">\n\t\t\t\t<div class=\"elementor-widget-container\">\n\t\t\t\t\t\t\t\t\t\t\t\t\t\t\t<img fetchpriority=\"high\" decoding=\"async\" width=\"595\" height=\"842\" src=\"https:\/\/geolit.es\/reservasalas\/wp-content\/uploads\/2025\/09\/Flyer-A4-Charla-sobre-Innovacion-Inclusiva-Empresarial-Moderno-Verde-DEFINITIVO.jpg\" class=\"attachment-large size-large wp-image-2052\" alt=\"\" srcset=\"https:\/\/geolit.es\/reservasalas\/wp-content\/uploads\/2025\/09\/Flyer-A4-Charla-sobre-Innovacion-Inclusiva-Empresarial-Moderno-Verde-DEFINITIVO.jpg 595w, https:\/\/geolit.es\/reservasalas\/wp-content\/uploads\/2025\/09\/Flyer-A4-Charla-sobre-Innovacion-Inclusiva-Empresarial-Moderno-Verde-DEFINITIVO-212x300.jpg 212w\" sizes=\"(max-width: 595px) 100vw, 595px\" \/>\t\t\t\t\t\t\t\t\t\t\t\t\t\t\t<\/div>\n\t\t\t\t<\/div>\n\t\t\t\t\t<\/div>\n\t\t<\/div>\n\t\t\t\t<div class=\"elementor-column elementor-col-50 elementor-top-column elementor-element elementor-element-20aa7bd\" data-id=\"20aa7bd\" data-element_type=\"column\">\n\t\t\t<div class=\"elementor-widget-wrap elementor-element-populated\">\n\t\t\t\t\t\t<div class=\"elementor-element elementor-element-fba9a73 elementor-widget elementor-widget-text-editor\" data-id=\"fba9a73\" data-element_type=\"widget\" data-widget_type=\"text-editor.default\">\n\t\t\t\t<div class=\"elementor-widget-container\">\n\t\t\t\t\t\t\t\t\t<h3>3. Retos propuestos<\/h3><p>En esta primera edici\u00f3n del concurso se plantean dos retos para los cuales los participantes podr\u00e1n presentar sus propuestas:<\/p><p><strong>Reto 1:<\/strong> Mejora del Parque Cient\u00edfico y Tecnol\u00f3gico Geolit en t\u00e9rminos de biodiversidad, gesti\u00f3n ecosist\u00e9mica, eficiencia de recursos, integraci\u00f3n social y coherencia paisaj\u00edstica.<\/p><p>En este reto se espera que las propuestas presentadas aborden una o varias debilidades identificadas en el Informe de diagn\u00f3stico de actuaciones medioambientales del Proyecto Crecer Verde, que se adjunta como<strong><a href=\"https:\/\/geolit.es\/reservasalas\/wp-content\/uploads\/2025\/09\/Diagnostico-Medioambiental-Anexo1.pdf\" target=\"_blank\" rel=\"noopener\"> Anexo I de las presentes bases<\/a><\/strong><\/p><p><strong>Reto 2 :<\/strong> Impulso de los procesos de innovaci\u00f3n colaborativa entre agentes de Geolit (empresas, centros tecnol\u00f3gicos y organizaciones del tercer sector).<\/p><p>En este reto se espera que las propuestas presentadas faciliten la creaci\u00f3n de un ecosistema de innovaci\u00f3n abierta que permita aumentar la capacidad de innovaci\u00f3n de los agentes que operan en Geolit, aprovechando el talento y las competencias tecnol\u00f3gicas disponibles en el Parque.<\/p><h3>4. Condiciones de participaci\u00f3n<\/h3><p>Podr\u00e1n participar en el Concurso<\/p><ol><li>Personas f\u00edsicas: personal de cualquiera de las empresas y entidades ubicadas en el Parque o incubadas en IAT MATRIZ.<\/li><li>Personas jur\u00eddicas: empresas y entidades con establecimiento f\u00edsico en Geolit y proyectos incubados en IAT MATRIZ.<\/li><\/ol><p>Cada participante podr\u00e1 presentar una o m\u00e1s ideas, siempre que cumplan todos los requisitos antes mencionados.<\/p><p>Se permite presentar ideas de titularidad compartida, siempre y cuando se elija un portavoz que rellene el formulario de inscripci\u00f3n. La persona que realice la inscripci\u00f3n en nombre de un grupo de participantes responder\u00e1 de la veracidad de los datos facilitados y deber\u00e1 contar con la autorizaci\u00f3n del resto de miembros del equipo para que la inscripci\u00f3n sea considerada v\u00e1lida.<\/p><p>La organizaci\u00f3n del Premio se reserva el derecho a excluir del concurso a todos aquellos solicitantes que no cumplan los requisitos establecidos en las presentes bases o faciliten datos falsos, incompletos o sin la autorizaci\u00f3n correspondiente.<\/p><p>El participante garantiza la autor\u00eda de la idea que presenta. As\u00ed, el participante ser\u00e1 el \u00fanico responsable legal ante cualquier controversia que pueda surgir por incumplimiento de la ley respecto a los derechos de propiedad intelectual y\/o industrial.<\/p>\t\t\t\t\t\t\t\t<\/div>\n\t\t\t\t<\/div>\n\t\t\t\t<div class=\"elementor-element elementor-element-14f088c elementor-widget elementor-widget-button\" data-id=\"14f088c\" data-element_type=\"widget\" data-widget_type=\"button.default\">\n\t\t\t\t<div class=\"elementor-widget-container\">\n\t\t\t\t\t\t\t\t\t<div class=\"elementor-button-wrapper\">\n\t\t\t\t\t<a class=\"elementor-button elementor-button-link elementor-size-sm\" href=\"https:\/\/geolit.es\/reservasalas\/wp-content\/uploads\/2025\/09\/Bases-Concurso-Reto-Innovacion-GEOLIT.pdf\" target=\"_blank\">\n\t\t\t\t\t\t<span class=\"elementor-button-content-wrapper\">\n\t\t\t\t\t\t\t\t\t<span class=\"elementor-button-text\">Descargar bases <\/span>\n\t\t\t\t\t<\/span>\n\t\t\t\t\t<\/a>\n\t\t\t\t<\/div>\n\t\t\t\t\t\t\t\t<\/div>\n\t\t\t\t<\/div>\n\t\t\t\t\t<\/div>\n\t\t<\/div>\n\t\t\t\t\t<\/div>\n\t\t<\/section>\n\t\t\t\t<section class=\"elementor-section elementor-top-section elementor-element elementor-element-a5824cc elementor-section-boxed elementor-section-height-default elementor-section-height-default\" data-id=\"a5824cc\" data-element_type=\"section\">\n\t\t\t\t\t\t<div class=\"elementor-container elementor-column-gap-default\">\n\t\t\t\t\t<div class=\"elementor-column elementor-col-100 elementor-top-column elementor-element elementor-element-ef10df0\" data-id=\"ef10df0\" data-element_type=\"column\">\n\t\t\t<div class=\"elementor-widget-wrap\">\n\t\t\t\t\t\t\t<\/div>\n\t\t<\/div>\n\t\t\t\t\t<\/div>\n\t\t<\/section>\n\t\t\t\t<section class=\"elementor-section elementor-top-section elementor-element elementor-element-8a8911b elementor-section-boxed elementor-section-height-default elementor-section-height-default\" data-id=\"8a8911b\" data-element_type=\"section\" id=\"envio\" data-settings=\"{&quot;background_background&quot;:&quot;classic&quot;,&quot;shape_divider_top&quot;:&quot;tilt&quot;}\">\n\t\t\t\t\t<div class=\"elementor-shape elementor-shape-top\" data-negative=\"false\">\n\t\t\t<svg xmlns=\"http:\/\/www.w3.org\/2000\/svg\" viewBox=\"0 0 1000 100\" preserveAspectRatio=\"none\">\n\t<path class=\"elementor-shape-fill\" d=\"M0,6V0h1000v100L0,6z\"\/>\n<\/svg>\t\t<\/div>\n\t\t\t\t\t<div class=\"elementor-container elementor-column-gap-default\">\n\t\t\t\t\t<div class=\"elementor-column elementor-col-100 elementor-top-column elementor-element elementor-element-6042af5\" data-id=\"6042af5\" data-element_type=\"column\">\n\t\t\t<div class=\"elementor-widget-wrap elementor-element-populated\">\n\t\t\t\t\t\t<div class=\"elementor-element elementor-element-0ad193c elementor-widget elementor-widget-heading\" data-id=\"0ad193c\" data-element_type=\"widget\" data-widget_type=\"heading.default\">\n\t\t\t\t<div class=\"elementor-widget-container\">\n\t\t\t\t\t<h2 class=\"elementor-heading-title elementor-size-default\">ENV\u00cdA TU PROPUESTA<\/h2>\t\t\t\t<\/div>\n\t\t\t\t<\/div>\n\t\t\t\t<div class=\"elementor-element elementor-element-291d8c8 elementor-alert-warning elementor-widget elementor-widget-alert\" data-id=\"291d8c8\" data-element_type=\"widget\" data-widget_type=\"alert.default\">\n\t\t\t\t<div class=\"elementor-widget-container\">\n\t\t\t\t\t\t\t<div class=\"elementor-alert\" role=\"alert\">\n\n\t\t\t\t\t\t<span class=\"elementor-alert-title\">Inscripci\u00f3n y presentaci\u00f3n de las propuestas<\/span>\n\t\t\t\n\t\t\t\t\t\t<span class=\"elementor-alert-description\">El plazo de inscripci\u00f3n y presentaci\u00f3n de propuestas se iniciar\u00e1 el 3 de septiembre de 2025 y se prolongar\u00e1 hasta el 11 de octubre de 2025.<\/span>\n\t\t\t\n\t\t\t\t\t\t<button type=\"button\" class=\"elementor-alert-dismiss\" aria-label=\"Descartar esta alerta.\">\n\t\t\t\t\t\t\t\t\t<span aria-hidden=\"true\">&times;<\/span>\n\t\t\t\t\t\t\t<\/button>\n\t\t\t\n\t\t<\/div>\n\t\t\t\t\t\t<\/div>\n\t\t\t\t<\/div>\n\t\t\t\t<div class=\"elementor-element elementor-element-542888e elementor-button-align-stretch elementor-widget elementor-widget-form\" data-id=\"542888e\" data-element_type=\"widget\" data-settings=\"{&quot;step_next_label&quot;:&quot;Siguiente&quot;,&quot;step_previous_label&quot;:&quot;Anterior&quot;,&quot;button_width&quot;:&quot;100&quot;,&quot;step_type&quot;:&quot;number_text&quot;,&quot;step_icon_shape&quot;:&quot;circle&quot;}\" data-widget_type=\"form.default\">\n\t\t\t\t<div class=\"elementor-widget-container\">\n\t\t\t\t\t\t\t<form class=\"elementor-form\" method=\"post\" name=\"Nuevo formulario\">\n\t\t\t<input type=\"hidden\" name=\"post_id\" value=\"2053\"\/>\n\t\t\t<input type=\"hidden\" name=\"form_id\" value=\"542888e\"\/>\n\t\t\t<input type=\"hidden\" name=\"referer_title\" value=\"\" \/>\n\n\t\t\t\n\t\t\t<div class=\"elementor-form-fields-wrapper elementor-labels-above\">\n\t\t\t\t\t\t\t\t<div class=\"elementor-field-type-text elementor-field-group elementor-column elementor-field-group-name elementor-col-100 elementor-field-required\">\n\t\t\t\t\t\t\t\t\t\t\t\t<label for=\"form-field-name\" class=\"elementor-field-label\">\n\t\t\t\t\t\t\t\tNombre\t\t\t\t\t\t\t<\/label>\n\t\t\t\t\t\t\t\t\t\t\t\t\t\t<input size=\"1\" type=\"text\" name=\"form_fields[name]\" id=\"form-field-name\" class=\"elementor-field elementor-size-sm  elementor-field-textual\" placeholder=\"Nombre\" required=\"required\">\n\t\t\t\t\t\t\t\t\t\t\t<\/div>\n\t\t\t\t\t\t\t\t<div class=\"elementor-field-type-email elementor-field-group elementor-column elementor-field-group-email elementor-col-100 elementor-field-required\">\n\t\t\t\t\t\t\t\t\t\t\t\t<label for=\"form-field-email\" class=\"elementor-field-label\">\n\t\t\t\t\t\t\t\tCorreo electr\u00f3nico\t\t\t\t\t\t\t<\/label>\n\t\t\t\t\t\t\t\t\t\t\t\t\t\t<input size=\"1\" type=\"email\" name=\"form_fields[email]\" id=\"form-field-email\" class=\"elementor-field elementor-size-sm  elementor-field-textual\" placeholder=\"Correo electr\u00f3nico\" required=\"required\">\n\t\t\t\t\t\t\t\t\t\t\t<\/div>\n\t\t\t\t\t\t\t\t<div class=\"elementor-field-type-upload elementor-field-group elementor-column elementor-field-group-message elementor-col-100 elementor-field-required\">\n\t\t\t\t\t\t\t\t\t\t\t\t<label for=\"form-field-message\" class=\"elementor-field-label\">\n\t\t\t\t\t\t\t\tPDF. M\u00e1ximo 20MB. Formatos admitidos .PDF\t\t\t\t\t\t\t<\/label>\n\t\t\t\t\t\t\t\t<input type=\"file\" name=\"form_fields[message]\" id=\"form-field-message\" class=\"elementor-field elementor-size-sm  elementor-upload-field\" required=\"required\" data-maxsize=\"20\" data-maxsize-message=\"Este archivo excede el tama\u00f1o m\u00e1ximo permitido.\">\n\n\t\t\t\t\t\t<\/div>\n\t\t\t\t\t\t\t\t<div class=\"elementor-field-type-recaptcha_v3 elementor-field-group elementor-column elementor-field-group-field_85ef9ab elementor-col-100 recaptcha_v3-bottomright\">\n\t\t\t\t\t<div class=\"elementor-field\" id=\"form-field-field_85ef9ab\"><div class=\"elementor-g-recaptcha\" data-sitekey=\"6LcWSPgqAAAAAJcREyGBmfVZI6MVDGihZNiGEe-7\" data-type=\"v3\" data-action=\"Form\" data-badge=\"bottomright\" data-size=\"invisible\"><\/div><\/div>\t\t\t\t<\/div>\n\t\t\t\t\t\t\t\t<div class=\"elementor-field-type-html elementor-field-group elementor-column elementor-field-group-field_d2b49db elementor-col-100\">\n\t\t\t\t\t<b>Informaci\u00f3n b\u00e1sica sobre Protecci\u00f3n de Datos:<\/b>  <br\/>Diputaci\u00f3n  Provincial de Ja\u00e9n trata los datos ofrecidos con el fin de organizar el <b>concurso \"Retos de la Innovaci\u00f3n\"<\/b>. Sus datos no ser\u00e1n objeto de cesi\u00f3n a terceros o transferencia internacional. Puede ejercitar los derechos de acceso, rectificaci\u00f3n, supresi\u00f3n, oposici\u00f3n, limitaci\u00f3n del tratamiento ante el responsable del tratamiento.\t\t\t\t<\/div>\n\t\t\t\t\t\t\t\t<div class=\"elementor-field-type-acceptance elementor-field-group elementor-column elementor-field-group-field_c6196bf elementor-col-100 elementor-field-required\">\n\t\t\t\t\t\t\t<div class=\"elementor-field-subgroup\">\n\t\t\t<span class=\"elementor-field-option\">\n\t\t\t\t<input type=\"checkbox\" name=\"form_fields[field_c6196bf]\" id=\"form-field-field_c6196bf\" class=\"elementor-field elementor-size-sm  elementor-acceptance-field\" required=\"required\">\n\t\t\t\t<label for=\"form-field-field_c6196bf\">\nConsiento que Diputaci\u00f3n Provincial de Ja\u00e9n utilice mis datos para el <b>concurso de cortos \"Retos de la Innovaci\u00f3n\"<\/b>, sin la suscripci\u00f3n de este consentimiento no podr\u00e1 procederse a la inscripci\u00f3n en la citada actividad.<\/label>\t\t\t<\/span>\n\t\t<\/div>\n\t\t\t\t\t\t<\/div>\n\t\t\t\t\t\t\t\t<div class=\"elementor-field-type-acceptance elementor-field-group elementor-column elementor-field-group-field_1c90095 elementor-col-100 elementor-field-required\">\n\t\t\t\t\t\t\t<div class=\"elementor-field-subgroup\">\n\t\t\t<span class=\"elementor-field-option\">\n\t\t\t\t<input type=\"checkbox\" name=\"form_fields[field_1c90095]\" id=\"form-field-field_1c90095\" class=\"elementor-field elementor-size-sm  elementor-acceptance-field\" required=\"required\">\n\t\t\t\t<label for=\"form-field-field_1c90095\">La participaci\u00f3n en el concurso implica la aceptaci\u00f3n \u00edntegra de estas bases. Cualquier situaci\u00f3n no prevista en las mismas ser\u00e1 resuelta por la organizaci\u00f3n. <a href = https:\/\/geolit.es\/reservasalas\/wp-content\/uploads\/2025\/09\/Bases-Concurso-Reto-Innovacion-GEOLIT.pdf\" target=\"_blank\">Consultar las bases<\/a>\n<\/label>\t\t\t<\/span>\n\t\t<\/div>\n\t\t\t\t\t\t<\/div>\n\t\t\t\t\t\t\t\t<div class=\"elementor-field-type-acceptance elementor-field-group elementor-column elementor-field-group-field_a7377d4 elementor-col-100 elementor-field-required\">\n\t\t\t\t\t\t\t<div class=\"elementor-field-subgroup\">\n\t\t\t<span class=\"elementor-field-option\">\n\t\t\t\t<input type=\"checkbox\" name=\"form_fields[field_a7377d4]\" id=\"form-field-field_a7377d4\" class=\"elementor-field elementor-size-sm  elementor-acceptance-field\" required=\"required\">\n\t\t\t\t<label for=\"form-field-field_a7377d4\">Declaro que la propuesta es original y no infringe derechos de terceros.<\/label>\t\t\t<\/span>\n\t\t<\/div>\n\t\t\t\t\t\t<\/div>\n\t\t\t\t\t\t\t\t<div class=\"elementor-field-type-acceptance elementor-field-group elementor-column elementor-field-group-field_9cfc7ed elementor-col-100 elementor-field-required\">\n\t\t\t\t\t\t\t<div class=\"elementor-field-subgroup\">\n\t\t\t<span class=\"elementor-field-option\">\n\t\t\t\t<input type=\"checkbox\" name=\"form_fields[field_9cfc7ed]\" id=\"form-field-field_9cfc7ed\" class=\"elementor-field elementor-size-sm  elementor-acceptance-field\" required=\"required\">\n\t\t\t\t<label for=\"form-field-field_9cfc7ed\">Autorizaci\u00f3n la publicaci\u00f3n, reproducci\u00f3n o distribuci\u00f3n de la propuesta realizada con renuncia expresa a cualquier tipo de reclamaci\u00f3n que pueda derivarse y en los t\u00e9rminos exigidos en el Real Decreto Legislativo 1\/1996 de 12 de abril, por el que se aprueba el texto refundido de la Ley de Propiedad Intelectual.<\/label>\t\t\t<\/span>\n\t\t<\/div>\n\t\t\t\t\t\t<\/div>\n\t\t\t\t\t\t\t\t<div class=\"elementor-field-group elementor-column elementor-field-type-submit elementor-col-100 e-form__buttons\">\n\t\t\t\t\t<button class=\"elementor-button elementor-size-sm\" type=\"submit\">\n\t\t\t\t\t\t<span class=\"elementor-button-content-wrapper\">\n\t\t\t\t\t\t\t\t\t\t\t\t\t\t\t\t\t\t\t\t\t\t<span class=\"elementor-button-text\">Enviar<\/span>\n\t\t\t\t\t\t\t\t\t\t\t\t\t<\/span>\n\t\t\t\t\t<\/button>\n\t\t\t\t<\/div>\n\t\t\t<\/div>\n\t\t<\/form>\n\t\t\t\t\t\t<\/div>\n\t\t\t\t<\/div>\n\t\t\t\t\t<\/div>\n\t\t<\/div>\n\t\t\t\t\t<\/div>\n\t\t<\/section>\n\t\t\t\t<\/div>\n\t\t","protected":false},"excerpt":{"rendered":"<p>Concurso \u00abRetos de la Innovaci\u00f3n\u00bb 25\u00ba Aniversario del Parque Cient\u00edfico Tecnol\u00f3gico GEOLIT Geolit lanza el concurso \u00abRetos de la Innovaci\u00f3n\u00bb En el marco de las actividades programadas con motivo del 25\u00ba aniversario del Parque Cient\u00edfico Tecnol\u00f3gico GEOLIT, se convoca el I Concurso \u201cRetos de la Innovaci\u00f3n\u201d. El Concurso premiar\u00e1 propuestas disruptivas que aporten valor a [&hellip;]<\/p>\n","protected":false},"author":1,"featured_media":0,"parent":0,"menu_order":0,"comment_status":"closed","ping_status":"closed","template":"","meta":{"site-sidebar-layout":"no-sidebar","site-content-layout":"page-builder","ast-site-content-layout":"full-width-container","site-content-style":"default","site-sidebar-style":"default","ast-global-header-display":"","ast-banner-title-visibility":"","ast-main-header-display":"","ast-hfb-above-header-display":"","ast-hfb-below-header-display":"","ast-hfb-mobile-header-display":"","site-post-title":"disabled","ast-breadcrumbs-content":"","ast-featured-img":"disabled","footer-sml-layout":"","theme-transparent-header-meta":"default","adv-header-id-meta":"","stick-header-meta":"","header-above-stick-meta":"","header-main-stick-meta":"","header-below-stick-meta":"","astra-migrate-meta-layouts":"set","ast-page-background-enabled":"default","ast-page-background-meta":{"desktop":{"background-color":"var(--ast-global-color-4)","background-image":"","background-repeat":"repeat","background-position":"center center","background-size":"auto","background-attachment":"scroll","background-type":"","background-media":"","overlay-type":"","overlay-color":"","overlay-opacity":"","overlay-gradient":""},"tablet":{"background-color":"","background-image":"","background-repeat":"repeat","background-position":"center center","background-size":"auto","background-attachment":"scroll","background-type":"","background-media":"","overlay-type":"","overlay-color":"","overlay-opacity":"","overlay-gradient":""},"mobile":{"background-color":"","background-image":"","background-repeat":"repeat","background-position":"center center","background-size":"auto","background-attachment":"scroll","background-type":"","background-media":"","overlay-type":"","overlay-color":"","overlay-opacity":"","overlay-gradient":""}},"ast-content-background-meta":{"desktop":{"background-color":"var(--ast-global-color-5)","background-image":"","background-repeat":"repeat","background-position":"center center","background-size":"auto","background-attachment":"scroll","background-type":"","background-media":"","overlay-type":"","overlay-color":"","overlay-opacity":"","overlay-gradient":""},"tablet":{"background-color":"var(--ast-global-color-5)","background-image":"","background-repeat":"repeat","background-position":"center center","background-size":"auto","background-attachment":"scroll","background-type":"","background-media":"","overlay-type":"","overlay-color":"","overlay-opacity":"","overlay-gradient":""},"mobile":{"background-color":"var(--ast-global-color-5)","background-image":"","background-repeat":"repeat","background-position":"center center","background-size":"auto","background-attachment":"scroll","background-type":"","background-media":"","overlay-type":"","overlay-color":"","overlay-opacity":"","overlay-gradient":""}},"footnotes":""},"_links":{"self":[{"href":"https:\/\/geolit.es\/reservasalas\/wp-json\/wp\/v2\/pages\/2053"}],"collection":[{"href":"https:\/\/geolit.es\/reservasalas\/wp-json\/wp\/v2\/pages"}],"about":[{"href":"https:\/\/geolit.es\/reservasalas\/wp-json\/wp\/v2\/types\/page"}],"author":[{"embeddable":true,"href":"https:\/\/geolit.es\/reservasalas\/wp-json\/wp\/v2\/users\/1"}],"replies":[{"embeddable":true,"href":"https:\/\/geolit.es\/reservasalas\/wp-json\/wp\/v2\/comments?post=2053"}],"version-history":[{"count":23,"href":"https:\/\/geolit.es\/reservasalas\/wp-json\/wp\/v2\/pages\/2053\/revisions"}],"predecessor-version":[{"id":2097,"href":"https:\/\/geolit.es\/reservasalas\/wp-json\/wp\/v2\/pages\/2053\/revisions\/2097"}],"wp:attachment":[{"href":"https:\/\/geolit.es\/reservasalas\/wp-json\/wp\/v2\/media?parent=2053"}],"curies":[{"name":"wp","href":"https:\/\/api.w.org\/{rel}","templated":true}]}}