{"id":1912,"date":"2025-03-18T10:14:33","date_gmt":"2025-03-18T10:14:33","guid":{"rendered":"https:\/\/geolit.es\/reservasalas\/?page_id=1912"},"modified":"2025-06-16T08:55:34","modified_gmt":"2025-06-16T08:55:34","slug":"concurso-de-cortometrajes-geolit","status":"publish","type":"page","link":"https:\/\/geolit.es\/reservasalas\/concurso-de-cortometrajes-geolit\/","title":{"rendered":"Concurso de Cortometrajes Geolit"},"content":{"rendered":"\t\t<div data-elementor-type=\"wp-page\" data-elementor-id=\"1912\" class=\"elementor elementor-1912\" data-elementor-post-type=\"page\">\n\t\t\t\t\t\t<section class=\"elementor-section elementor-top-section elementor-element elementor-element-94d27f7 elementor-section-height-min-height elementor-section-boxed elementor-section-height-default elementor-section-items-middle\" data-id=\"94d27f7\" data-element_type=\"section\" data-settings=\"{&quot;background_background&quot;:&quot;classic&quot;}\">\n\t\t\t\t\t\t\t<div class=\"elementor-background-overlay\"><\/div>\n\t\t\t\t\t\t\t<div class=\"elementor-container elementor-column-gap-default\">\n\t\t\t\t\t<div class=\"elementor-column elementor-col-100 elementor-top-column elementor-element elementor-element-346c458\" data-id=\"346c458\" data-element_type=\"column\">\n\t\t\t<div class=\"elementor-widget-wrap elementor-element-populated\">\n\t\t\t\t\t\t<div class=\"elementor-element elementor-element-ea47547 elementor-widget elementor-widget-heading\" data-id=\"ea47547\" data-element_type=\"widget\" data-widget_type=\"heading.default\">\n\t\t\t\t<div class=\"elementor-widget-container\">\n\t\t\t\t\t<h1 class=\"elementor-heading-title elementor-size-default\">I CONCURSO DE CORTOMETRAJES<\/h1>\t\t\t\t<\/div>\n\t\t\t\t<\/div>\n\t\t\t\t<div class=\"elementor-element elementor-element-122e533 elementor-widget elementor-widget-heading\" data-id=\"122e533\" data-element_type=\"widget\" data-widget_type=\"heading.default\">\n\t\t\t\t<div class=\"elementor-widget-container\">\n\t\t\t\t\t<h2 class=\"elementor-heading-title elementor-size-default\">La vida en Geolit<\/h2>\t\t\t\t<\/div>\n\t\t\t\t<\/div>\n\t\t\t\t\t<\/div>\n\t\t<\/div>\n\t\t\t\t\t<\/div>\n\t\t<\/section>\n\t\t\t\t<section class=\"elementor-section elementor-top-section elementor-element elementor-element-4c4456b elementor-section-boxed elementor-section-height-default elementor-section-height-default\" data-id=\"4c4456b\" data-element_type=\"section\">\n\t\t\t\t\t\t<div class=\"elementor-container elementor-column-gap-wider\">\n\t\t\t\t\t<div class=\"elementor-column elementor-col-50 elementor-top-column elementor-element elementor-element-d5beda1\" data-id=\"d5beda1\" data-element_type=\"column\">\n\t\t\t<div class=\"elementor-widget-wrap elementor-element-populated\">\n\t\t\t\t\t\t<div class=\"elementor-element elementor-element-9957608 elementor-widget elementor-widget-image\" data-id=\"9957608\" data-element_type=\"widget\" data-widget_type=\"image.default\">\n\t\t\t\t<div class=\"elementor-widget-container\">\n\t\t\t\t\t\t\t\t\t\t\t\t\t\t\t<img fetchpriority=\"high\" decoding=\"async\" width=\"731\" height=\"1024\" src=\"https:\/\/geolit.es\/reservasalas\/wp-content\/uploads\/2025\/03\/Cartel-concurso-cortometrajes-red-731x1024.jpg\" class=\"attachment-large size-large wp-image-1938\" alt=\"\" srcset=\"https:\/\/geolit.es\/reservasalas\/wp-content\/uploads\/2025\/03\/Cartel-concurso-cortometrajes-red-731x1024.jpg 731w, https:\/\/geolit.es\/reservasalas\/wp-content\/uploads\/2025\/03\/Cartel-concurso-cortometrajes-red-214x300.jpg 214w, https:\/\/geolit.es\/reservasalas\/wp-content\/uploads\/2025\/03\/Cartel-concurso-cortometrajes-red-768x1075.jpg 768w, https:\/\/geolit.es\/reservasalas\/wp-content\/uploads\/2025\/03\/Cartel-concurso-cortometrajes-red-1097x1536.jpg 1097w, https:\/\/geolit.es\/reservasalas\/wp-content\/uploads\/2025\/03\/Cartel-concurso-cortometrajes-red-1463x2048.jpg 1463w, https:\/\/geolit.es\/reservasalas\/wp-content\/uploads\/2025\/03\/Cartel-concurso-cortometrajes-red.jpg 1500w\" sizes=\"(max-width: 731px) 100vw, 731px\" \/>\t\t\t\t\t\t\t\t\t\t\t\t\t\t\t<\/div>\n\t\t\t\t<\/div>\n\t\t\t\t\t<\/div>\n\t\t<\/div>\n\t\t\t\t<div class=\"elementor-column elementor-col-50 elementor-top-column elementor-element elementor-element-ffca383\" data-id=\"ffca383\" data-element_type=\"column\">\n\t\t\t<div class=\"elementor-widget-wrap elementor-element-populated\">\n\t\t\t\t\t\t<div class=\"elementor-element elementor-element-2afdc97 elementor-widget elementor-widget-heading\" data-id=\"2afdc97\" data-element_type=\"widget\" data-widget_type=\"heading.default\">\n\t\t\t\t<div class=\"elementor-widget-container\">\n\t\t\t\t\t<h3 class=\"elementor-heading-title elementor-size-default\">Geolit lanza el I Concurso de Cortometrajes \u201cLa Vida en Geolit\u201d en el marco de actividades de celebraci\u00f3n del 25 aniversario del parque<\/h3>\t\t\t\t<\/div>\n\t\t\t\t<\/div>\n\t\t\t\t<div class=\"elementor-element elementor-element-d6fcdc0 elementor-widget elementor-widget-text-editor\" data-id=\"d6fcdc0\" data-element_type=\"widget\" data-widget_type=\"text-editor.default\">\n\t\t\t\t<div class=\"elementor-widget-container\">\n\t\t\t\t\t\t\t\t\t<p>El Parque Cient\u00edfico Tecnol\u00f3gico Geolit te invita a participar en el<strong> I Concurso de Cortometrajes \u00abLa Vida en Geolit\u00bb<\/strong>, una iniciativa que busca promover la creatividad audiovisual y dar a conocer la vida, los valores y la innovaci\u00f3n que se desarrollan en este ecosistema empresarial y tecnol\u00f3gico, para conmemorar sus 25 a\u00f1os de existencia.<\/p><p>El certamen est\u00e1 dirigido <strong>a todas aquellas personas que quieran dar rienda suelta a su creatividad<\/strong>, ya sea de manera individual o en equipo. En el caso de menores de edad, podr\u00e1n participar con autorizaci\u00f3n de su tutor legal. El objetivo es plasmar, a trav\u00e9s del lenguaje cinematogr\u00e1fico, la esencia de Geolit, su impacto en la sociedad y su relaci\u00f3n con el entorno natural y tecnol\u00f3gico.<\/p>\t\t\t\t\t\t\t\t<\/div>\n\t\t\t\t<\/div>\n\t\t\t\t<div class=\"elementor-element elementor-element-cd1da5b elementor-widget elementor-widget-button\" data-id=\"cd1da5b\" data-element_type=\"widget\" data-widget_type=\"button.default\">\n\t\t\t\t<div class=\"elementor-widget-container\">\n\t\t\t\t\t\t\t\t\t<div class=\"elementor-button-wrapper\">\n\t\t\t\t\t<a class=\"elementor-button elementor-button-link elementor-size-sm\" href=\"#masinformacion\">\n\t\t\t\t\t\t<span class=\"elementor-button-content-wrapper\">\n\t\t\t\t\t\t\t\t\t<span class=\"elementor-button-text\">M\u00e1s informaci\u00f3n<\/span>\n\t\t\t\t\t<\/span>\n\t\t\t\t\t<\/a>\n\t\t\t\t<\/div>\n\t\t\t\t\t\t\t\t<\/div>\n\t\t\t\t<\/div>\n\t\t\t\t\t<\/div>\n\t\t<\/div>\n\t\t\t\t\t<\/div>\n\t\t<\/section>\n\t\t\t\t<section class=\"elementor-section elementor-top-section elementor-element elementor-element-1719d73 elementor-section-boxed elementor-section-height-default elementor-section-height-default\" data-id=\"1719d73\" data-element_type=\"section\" id=\"masinformacion\">\n\t\t\t\t\t\t<div class=\"elementor-container elementor-column-gap-default\">\n\t\t\t\t\t<div class=\"elementor-column elementor-col-100 elementor-top-column elementor-element elementor-element-fc03dc7\" data-id=\"fc03dc7\" data-element_type=\"column\">\n\t\t\t<div class=\"elementor-widget-wrap elementor-element-populated\">\n\t\t\t\t\t\t<div class=\"elementor-element elementor-element-9945680 elementor-widget elementor-widget-heading\" data-id=\"9945680\" data-element_type=\"widget\" data-widget_type=\"heading.default\">\n\t\t\t\t<div class=\"elementor-widget-container\">\n\t\t\t\t\t<h3 class=\"elementor-heading-title elementor-size-default\">M\u00e1s informaci\u00f3n<\/h3>\t\t\t\t<\/div>\n\t\t\t\t<\/div>\n\t\t\t\t<div class=\"elementor-element elementor-element-774806b elementor-widget elementor-widget-text-editor\" data-id=\"774806b\" data-element_type=\"widget\" data-widget_type=\"text-editor.default\">\n\t\t\t\t<div class=\"elementor-widget-container\">\n\t\t\t\t\t\t\t\t\t<h4><strong>Plazos y requisitos de participaci\u00f3n<\/strong><\/h4><p>El periodo de inscripci\u00f3n estar\u00e1 abierto hasta el <strong>31 de mayo de 2025<\/strong> y la participaci\u00f3n es completamente <strong>gratuita<\/strong>. Los interesados deber\u00e1n formalizar su inscripci\u00f3n seg\u00fan las bases disponibles en la web oficial de Geolit y presentar cortometrajes <strong>originales<\/strong> con una duraci\u00f3n de <strong>entre 1 y 10 minutos<\/strong>, en formato digital y con una resoluci\u00f3n m\u00ednima de <strong>Full HD (1920&#215;1080)<\/strong>.<\/p><p>Cada participante o equipo podr\u00e1 presentar un <strong>m\u00e1ximo de dos cortometrajes<\/strong>. Se valorar\u00e1 la originalidad de la propuesta, la calidad t\u00e9cnica y art\u00edstica, as\u00ed como la capacidad de transmitir la esencia de Geolit.<\/p><h4><strong>Premios y reconocimiento<\/strong><\/h4><p>Se entregar\u00e1n dos premios:<\/p><ul><li><strong>Primer premio:<\/strong> Dron DJI Mini 2, valorado en m\u00e1s de 400 \u20ac.<\/li><li><strong>Segundo premio:<\/strong> Gimbal ZHIYUN Crane M3 Combo, valorado en m\u00e1s de 200 \u20ac.<\/li><li><strong>Tercer premio<\/strong>: Objetivo 30x para smartphone con tr\u00edpode, valorado en casi 100\u20ac.<\/li><\/ul><p>Adem\u00e1s se premiar\u00e1 a los <strong>diez primeros participantes<\/strong> con un Lote Degusta Ja\u00e9n.<\/p><h4><strong>Proyecci\u00f3n y difusi\u00f3n de los cortometrajes<\/strong><\/h4><p>Los cortometrajes se difundir\u00e1n a trav\u00e9s de la web y redes sociales del Parque Cient\u00edfico Tecnol\u00f3gico Geolit, as\u00ed como en otros eventos culturales y tecnol\u00f3gicos. Los premios se entregar\u00e1n en un lugar y fecha a\u00fan por determinar.<\/p><p>Con esta iniciativa, Geolit busca no solo fomentar la producci\u00f3n audiovisual en torno a su comunidad y entorno, sino tambi\u00e9n dar visibilidad al talento creativo y a la innovaci\u00f3n que caracteriza al Parque.<\/p><p>Para m\u00e1s informaci\u00f3n y consulta de las bases completas, los interesados pueden visitar la p\u00e1gina web de Geolit o contactar a trav\u00e9s del correo electr\u00f3nico <strong>geolit@dipujaen.es<\/strong><\/p>\t\t\t\t\t\t\t\t<\/div>\n\t\t\t\t<\/div>\n\t\t\t\t<div class=\"elementor-element elementor-element-2996a34 elementor-widget elementor-widget-button\" data-id=\"2996a34\" data-element_type=\"widget\" data-widget_type=\"button.default\">\n\t\t\t\t<div class=\"elementor-widget-container\">\n\t\t\t\t\t\t\t\t\t<div class=\"elementor-button-wrapper\">\n\t\t\t\t\t<a class=\"elementor-button elementor-button-link elementor-size-sm\" href=\"https:\/\/geolit.es\/reservasalas\/wp-content\/uploads\/2025\/03\/Bases-concurso-de-cortos.pdf\" target=\"_blank\">\n\t\t\t\t\t\t<span class=\"elementor-button-content-wrapper\">\n\t\t\t\t\t\t\t\t\t<span class=\"elementor-button-text\">Descargar bases <\/span>\n\t\t\t\t\t<\/span>\n\t\t\t\t\t<\/a>\n\t\t\t\t<\/div>\n\t\t\t\t\t\t\t\t<\/div>\n\t\t\t\t<\/div>\n\t\t\t\t\t<\/div>\n\t\t<\/div>\n\t\t\t\t\t<\/div>\n\t\t<\/section>\n\t\t\t\t<section class=\"elementor-section elementor-top-section elementor-element elementor-element-2e6f64a elementor-section-boxed elementor-section-height-default elementor-section-height-default\" data-id=\"2e6f64a\" data-element_type=\"section\" data-settings=\"{&quot;background_background&quot;:&quot;classic&quot;,&quot;shape_divider_top&quot;:&quot;tilt&quot;}\">\n\t\t\t\t\t<div class=\"elementor-shape elementor-shape-top\" data-negative=\"false\">\n\t\t\t<svg xmlns=\"http:\/\/www.w3.org\/2000\/svg\" viewBox=\"0 0 1000 100\" preserveAspectRatio=\"none\">\n\t<path class=\"elementor-shape-fill\" d=\"M0,6V0h1000v100L0,6z\"\/>\n<\/svg>\t\t<\/div>\n\t\t\t\t\t<div class=\"elementor-container elementor-column-gap-default\">\n\t\t\t\t\t<div class=\"elementor-column elementor-col-100 elementor-top-column elementor-element elementor-element-79937f3\" data-id=\"79937f3\" data-element_type=\"column\">\n\t\t\t<div class=\"elementor-widget-wrap elementor-element-populated\">\n\t\t\t\t\t\t<div class=\"elementor-element elementor-element-da66345 elementor-widget elementor-widget-heading\" data-id=\"da66345\" data-element_type=\"widget\" data-widget_type=\"heading.default\">\n\t\t\t\t<div class=\"elementor-widget-container\">\n\t\t\t\t\t<h2 class=\"elementor-heading-title elementor-size-default\">ENV\u00cdA TU CORTO<\/h2>\t\t\t\t<\/div>\n\t\t\t\t<\/div>\n\t\t\t\t<div class=\"elementor-element elementor-element-a7a6ea6 elementor-alert-warning elementor-widget elementor-widget-alert\" data-id=\"a7a6ea6\" data-element_type=\"widget\" data-widget_type=\"alert.default\">\n\t\t\t\t<div class=\"elementor-widget-container\">\n\t\t\t\t\t\t\t<div class=\"elementor-alert\" role=\"alert\">\n\n\t\t\t\t\t\t<span class=\"elementor-alert-title\">Peso m\u00e1ximo de v\u00eddeo<\/span>\n\t\t\t\n\t\t\t\t\t\t<span class=\"elementor-alert-description\">Si tu v\u00eddeo supera los 20MB, deber\u00e1s enviarlo por wetransfer a la direcci\u00f3n de correo geolit@dipujaen.es indicando en el asunto \"Concurso de cortometrajes\". <\/span>\n\t\t\t\n\t\t\t\t\t\t<button type=\"button\" class=\"elementor-alert-dismiss\" aria-label=\"Descartar esta alerta.\">\n\t\t\t\t\t\t\t\t\t<span aria-hidden=\"true\">&times;<\/span>\n\t\t\t\t\t\t\t<\/button>\n\t\t\t\n\t\t<\/div>\n\t\t\t\t\t\t<\/div>\n\t\t\t\t<\/div>\n\t\t\t\t<div class=\"elementor-element elementor-element-dc34971 elementor-button-align-stretch elementor-widget elementor-widget-form\" data-id=\"dc34971\" data-element_type=\"widget\" data-settings=\"{&quot;step_next_label&quot;:&quot;Siguiente&quot;,&quot;step_previous_label&quot;:&quot;Anterior&quot;,&quot;button_width&quot;:&quot;100&quot;,&quot;step_type&quot;:&quot;number_text&quot;,&quot;step_icon_shape&quot;:&quot;circle&quot;}\" data-widget_type=\"form.default\">\n\t\t\t\t<div class=\"elementor-widget-container\">\n\t\t\t\t\t\t\t<form class=\"elementor-form\" method=\"post\" name=\"Nuevo formulario\">\n\t\t\t<input type=\"hidden\" name=\"post_id\" value=\"1912\"\/>\n\t\t\t<input type=\"hidden\" name=\"form_id\" value=\"dc34971\"\/>\n\t\t\t<input type=\"hidden\" name=\"referer_title\" value=\"\" \/>\n\n\t\t\t\n\t\t\t<div class=\"elementor-form-fields-wrapper elementor-labels-above\">\n\t\t\t\t\t\t\t\t<div class=\"elementor-field-type-text elementor-field-group elementor-column elementor-field-group-name elementor-col-100 elementor-field-required\">\n\t\t\t\t\t\t\t\t\t\t\t\t<label for=\"form-field-name\" class=\"elementor-field-label\">\n\t\t\t\t\t\t\t\tNombre\t\t\t\t\t\t\t<\/label>\n\t\t\t\t\t\t\t\t\t\t\t\t\t\t<input size=\"1\" type=\"text\" name=\"form_fields[name]\" id=\"form-field-name\" class=\"elementor-field elementor-size-sm  elementor-field-textual\" placeholder=\"Nombre\" required=\"required\">\n\t\t\t\t\t\t\t\t\t\t\t<\/div>\n\t\t\t\t\t\t\t\t<div class=\"elementor-field-type-email elementor-field-group elementor-column elementor-field-group-email elementor-col-100 elementor-field-required\">\n\t\t\t\t\t\t\t\t\t\t\t\t<label for=\"form-field-email\" class=\"elementor-field-label\">\n\t\t\t\t\t\t\t\tCorreo electr\u00f3nico\t\t\t\t\t\t\t<\/label>\n\t\t\t\t\t\t\t\t\t\t\t\t\t\t<input size=\"1\" type=\"email\" name=\"form_fields[email]\" id=\"form-field-email\" class=\"elementor-field elementor-size-sm  elementor-field-textual\" placeholder=\"Correo electr\u00f3nico\" required=\"required\">\n\t\t\t\t\t\t\t\t\t\t\t<\/div>\n\t\t\t\t\t\t\t\t<div class=\"elementor-field-type-textarea elementor-field-group elementor-column elementor-field-group-field_a7eeb11 elementor-col-100\">\n\t\t\t\t\t\t\t\t\t\t\t\t<label for=\"form-field-field_a7eeb11\" class=\"elementor-field-label\">\n\t\t\t\t\t\t\t\tBreve sinopsis del cortometraje\t\t\t\t\t\t\t<\/label>\n\t\t\t\t\t\t<textarea class=\"elementor-field-textual elementor-field  elementor-size-sm\" name=\"form_fields[field_a7eeb11]\" id=\"form-field-field_a7eeb11\" rows=\"4\" placeholder=\"Breve sinopsis del cortometraje\"><\/textarea>\t\t\t\t<\/div>\n\t\t\t\t\t\t\t\t<div class=\"elementor-field-type-upload elementor-field-group elementor-column elementor-field-group-message elementor-col-100 elementor-field-required\">\n\t\t\t\t\t\t\t\t\t\t\t\t<label for=\"form-field-message\" class=\"elementor-field-label\">\n\t\t\t\t\t\t\t\tV\u00eddeo. M\u00e1ximo 20MB. Formatos admitidos .MOV .MPEG\u20111 .MPEG\u20112 .MPEG4 .MP4 .MPG .AVI\t\t\t\t\t\t\t<\/label>\n\t\t\t\t\t\t\t\t<input type=\"file\" name=\"form_fields[message]\" id=\"form-field-message\" class=\"elementor-field elementor-size-sm  elementor-upload-field\" required=\"required\" data-maxsize=\"20\" data-maxsize-message=\"Este archivo excede el tama\u00f1o m\u00e1ximo permitido.\">\n\n\t\t\t\t\t\t<\/div>\n\t\t\t\t\t\t\t\t<div class=\"elementor-field-type-recaptcha_v3 elementor-field-group elementor-column elementor-field-group-field_85ef9ab elementor-col-100 recaptcha_v3-bottomright\">\n\t\t\t\t\t<div class=\"elementor-field\" id=\"form-field-field_85ef9ab\"><div class=\"elementor-g-recaptcha\" data-sitekey=\"6LcWSPgqAAAAAJcREyGBmfVZI6MVDGihZNiGEe-7\" data-type=\"v3\" data-action=\"Form\" data-badge=\"bottomright\" data-size=\"invisible\"><\/div><\/div>\t\t\t\t<\/div>\n\t\t\t\t\t\t\t\t<div class=\"elementor-field-type-html elementor-field-group elementor-column elementor-field-group-field_d2b49db elementor-col-100\">\n\t\t\t\t\t<b>Informaci\u00f3n b\u00e1sica sobre Protecci\u00f3n de Datos:<\/b>  <br\/>Diputaci\u00f3n  Provincial de Ja\u00e9n trata los datos ofrecidos con el fin de organizar el <b>concurso de cortos \"La vida en Geolit\"<\/b>. Sus datos no ser\u00e1n objeto de cesi\u00f3n a terceros o transferencia internacional. Puede ejercitar los derechos de acceso, rectificaci\u00f3n, supresi\u00f3n, oposici\u00f3n, limitaci\u00f3n del tratamiento ante el responsable del tratamiento.\t\t\t\t<\/div>\n\t\t\t\t\t\t\t\t<div class=\"elementor-field-type-acceptance elementor-field-group elementor-column elementor-field-group-field_c6196bf elementor-col-100 elementor-field-required\">\n\t\t\t\t\t\t\t<div class=\"elementor-field-subgroup\">\n\t\t\t<span class=\"elementor-field-option\">\n\t\t\t\t<input type=\"checkbox\" name=\"form_fields[field_c6196bf]\" id=\"form-field-field_c6196bf\" class=\"elementor-field elementor-size-sm  elementor-acceptance-field\" required=\"required\">\n\t\t\t\t<label for=\"form-field-field_c6196bf\">\nConsiento que Diputaci\u00f3n Provincial de Ja\u00e9n utilice mis datos para el <b>concurso de cortos \"La vida en Geolit\"<\/b>, sin la suscripci\u00f3n de este consentimiento no podr\u00e1 procederse a la inscripci\u00f3n en la citada actividad.<\/label>\t\t\t<\/span>\n\t\t<\/div>\n\t\t\t\t\t\t<\/div>\n\t\t\t\t\t\t\t\t<div class=\"elementor-field-type-acceptance elementor-field-group elementor-column elementor-field-group-field_1c90095 elementor-col-100 elementor-field-required\">\n\t\t\t\t\t\t\t<div class=\"elementor-field-subgroup\">\n\t\t\t<span class=\"elementor-field-option\">\n\t\t\t\t<input type=\"checkbox\" name=\"form_fields[field_1c90095]\" id=\"form-field-field_1c90095\" class=\"elementor-field elementor-size-sm  elementor-acceptance-field\" required=\"required\">\n\t\t\t\t<label for=\"form-field-field_1c90095\">La participaci\u00f3n en el concurso implica la aceptaci\u00f3n \u00edntegra de estas bases. Cualquier situaci\u00f3n no prevista en las mismas ser\u00e1 resuelta por la organizaci\u00f3n. <a href = \"https:\/\/geolit.es\/reservasalas\/wp-content\/uploads\/2025\/03\/Bases-concurso-de-cortos.pdf\" target=\"_blank\">Consultar las bases<\/a>\n<\/label>\t\t\t<\/span>\n\t\t<\/div>\n\t\t\t\t\t\t<\/div>\n\t\t\t\t\t\t\t\t<div class=\"elementor-field-type-acceptance elementor-field-group elementor-column elementor-field-group-field_a7377d4 elementor-col-100 elementor-field-required\">\n\t\t\t\t\t\t\t<div class=\"elementor-field-subgroup\">\n\t\t\t<span class=\"elementor-field-option\">\n\t\t\t\t<input type=\"checkbox\" name=\"form_fields[field_a7377d4]\" id=\"form-field-field_a7377d4\" class=\"elementor-field elementor-size-sm  elementor-acceptance-field\" required=\"required\">\n\t\t\t\t<label for=\"form-field-field_a7377d4\">Declaro que el cortometraje es original y no infringe derechos de terceros.<\/label>\t\t\t<\/span>\n\t\t<\/div>\n\t\t\t\t\t\t<\/div>\n\t\t\t\t\t\t\t\t<div class=\"elementor-field-type-acceptance elementor-field-group elementor-column elementor-field-group-field_9cfc7ed elementor-col-100 elementor-field-required\">\n\t\t\t\t\t\t\t<div class=\"elementor-field-subgroup\">\n\t\t\t<span class=\"elementor-field-option\">\n\t\t\t\t<input type=\"checkbox\" name=\"form_fields[field_9cfc7ed]\" id=\"form-field-field_9cfc7ed\" class=\"elementor-field elementor-size-sm  elementor-acceptance-field\" required=\"required\">\n\t\t\t\t<label for=\"form-field-field_9cfc7ed\">Autorizaci\u00f3n la publicaci\u00f3n, reproducci\u00f3n o distribuci\u00f3n del cortometraje realizado con renuncia expresa a cualquier tipo de reclamaci\u00f3n que pueda derivarse y en los t\u00e9rminos exigidos en el Real Decreto Legislativo 1\/1996 de 12 de abril, por el que se aprueba el texto refundido de la Ley de Propiedad Intelectual.<\/label>\t\t\t<\/span>\n\t\t<\/div>\n\t\t\t\t\t\t<\/div>\n\t\t\t\t\t\t\t\t<div class=\"elementor-field-group elementor-column elementor-field-type-submit elementor-col-100 e-form__buttons\">\n\t\t\t\t\t<button class=\"elementor-button elementor-size-sm\" type=\"submit\">\n\t\t\t\t\t\t<span class=\"elementor-button-content-wrapper\">\n\t\t\t\t\t\t\t\t\t\t\t\t\t\t\t\t\t\t\t\t\t\t<span class=\"elementor-button-text\">Enviar<\/span>\n\t\t\t\t\t\t\t\t\t\t\t\t\t<\/span>\n\t\t\t\t\t<\/button>\n\t\t\t\t<\/div>\n\t\t\t<\/div>\n\t\t<\/form>\n\t\t\t\t\t\t<\/div>\n\t\t\t\t<\/div>\n\t\t\t\t\t<\/div>\n\t\t<\/div>\n\t\t\t\t\t<\/div>\n\t\t<\/section>\n\t\t\t\t<\/div>\n\t\t","protected":false},"excerpt":{"rendered":"<p>I CONCURSO DE CORTOMETRAJES La vida en Geolit Geolit lanza el I Concurso de Cortometrajes \u201cLa Vida en Geolit\u201d en el marco de actividades de celebraci\u00f3n del 25 aniversario del parque El Parque Cient\u00edfico Tecnol\u00f3gico Geolit te invita a participar en el I Concurso de Cortometrajes \u00abLa Vida en Geolit\u00bb, una iniciativa que busca promover [&hellip;]<\/p>\n","protected":false},"author":1,"featured_media":0,"parent":0,"menu_order":0,"comment_status":"closed","ping_status":"closed","template":"","meta":{"site-sidebar-layout":"no-sidebar","site-content-layout":"page-builder","ast-site-content-layout":"","site-content-style":"default","site-sidebar-style":"default","ast-global-header-display":"","ast-banner-title-visibility":"","ast-main-header-display":"","ast-hfb-above-header-display":"","ast-hfb-below-header-display":"","ast-hfb-mobile-header-display":"","site-post-title":"disabled","ast-breadcrumbs-content":"","ast-featured-img":"disabled","footer-sml-layout":"","theme-transparent-header-meta":"default","adv-header-id-meta":"","stick-header-meta":"","header-above-stick-meta":"","header-main-stick-meta":"","header-below-stick-meta":"","astra-migrate-meta-layouts":"default","ast-page-background-enabled":"default","ast-page-background-meta":{"desktop":{"background-color":"var(--ast-global-color-4)","background-image":"","background-repeat":"repeat","background-position":"center center","background-size":"auto","background-attachment":"scroll","background-type":"","background-media":"","overlay-type":"","overlay-color":"","overlay-opacity":"","overlay-gradient":""},"tablet":{"background-color":"","background-image":"","background-repeat":"repeat","background-position":"center center","background-size":"auto","background-attachment":"scroll","background-type":"","background-media":"","overlay-type":"","overlay-color":"","overlay-opacity":"","overlay-gradient":""},"mobile":{"background-color":"","background-image":"","background-repeat":"repeat","background-position":"center center","background-size":"auto","background-attachment":"scroll","background-type":"","background-media":"","overlay-type":"","overlay-color":"","overlay-opacity":"","overlay-gradient":""}},"ast-content-background-meta":{"desktop":{"background-color":"var(--ast-global-color-5)","background-image":"","background-repeat":"repeat","background-position":"center center","background-size":"auto","background-attachment":"scroll","background-type":"","background-media":"","overlay-type":"","overlay-color":"","overlay-opacity":"","overlay-gradient":""},"tablet":{"background-color":"var(--ast-global-color-5)","background-image":"","background-repeat":"repeat","background-position":"center center","background-size":"auto","background-attachment":"scroll","background-type":"","background-media":"","overlay-type":"","overlay-color":"","overlay-opacity":"","overlay-gradient":""},"mobile":{"background-color":"var(--ast-global-color-5)","background-image":"","background-repeat":"repeat","background-position":"center center","background-size":"auto","background-attachment":"scroll","background-type":"","background-media":"","overlay-type":"","overlay-color":"","overlay-opacity":"","overlay-gradient":""}},"footnotes":""},"_links":{"self":[{"href":"https:\/\/geolit.es\/reservasalas\/wp-json\/wp\/v2\/pages\/1912"}],"collection":[{"href":"https:\/\/geolit.es\/reservasalas\/wp-json\/wp\/v2\/pages"}],"about":[{"href":"https:\/\/geolit.es\/reservasalas\/wp-json\/wp\/v2\/types\/page"}],"author":[{"embeddable":true,"href":"https:\/\/geolit.es\/reservasalas\/wp-json\/wp\/v2\/users\/1"}],"replies":[{"embeddable":true,"href":"https:\/\/geolit.es\/reservasalas\/wp-json\/wp\/v2\/comments?post=1912"}],"version-history":[{"count":73,"href":"https:\/\/geolit.es\/reservasalas\/wp-json\/wp\/v2\/pages\/1912\/revisions"}],"predecessor-version":[{"id":2033,"href":"https:\/\/geolit.es\/reservasalas\/wp-json\/wp\/v2\/pages\/1912\/revisions\/2033"}],"wp:attachment":[{"href":"https:\/\/geolit.es\/reservasalas\/wp-json\/wp\/v2\/media?parent=1912"}],"curies":[{"name":"wp","href":"https:\/\/api.w.org\/{rel}","templated":true}]}}