{"id":1812,"date":"2025-02-27T09:00:24","date_gmt":"2025-02-27T09:00:24","guid":{"rendered":"https:\/\/geolit.es\/reservasalas\/?page_id=1812"},"modified":"2025-09-03T09:21:03","modified_gmt":"2025-09-03T09:21:03","slug":"25-aniversario","status":"publish","type":"page","link":"https:\/\/geolit.es\/reservasalas\/25-aniversario\/","title":{"rendered":"25 Aniversario"},"content":{"rendered":"\t\t<div data-elementor-type=\"wp-page\" data-elementor-id=\"1812\" class=\"elementor elementor-1812\" data-elementor-post-type=\"page\">\n\t\t\t\t\t\t<section class=\"elementor-section elementor-top-section elementor-element elementor-element-04d9004 elementor-section-full_width elementor-section-height-default elementor-section-height-default\" data-id=\"04d9004\" data-element_type=\"section\">\n\t\t\t\t\t\t<div class=\"elementor-container elementor-column-gap-default\">\n\t\t\t\t\t<div class=\"elementor-column elementor-col-100 elementor-top-column elementor-element elementor-element-c6e8ed7\" data-id=\"c6e8ed7\" data-element_type=\"column\">\n\t\t\t<div class=\"elementor-widget-wrap elementor-element-populated\">\n\t\t\t\t\t\t<div class=\"elementor-element elementor-element-c12fe0b elementor-widget elementor-widget-image\" data-id=\"c12fe0b\" data-element_type=\"widget\" data-widget_type=\"image.default\">\n\t\t\t\t<div class=\"elementor-widget-container\">\n\t\t\t\t\t\t\t\t\t\t\t\t\t\t\t<img fetchpriority=\"high\" decoding=\"async\" width=\"1157\" height=\"517\" src=\"https:\/\/geolit.es\/reservasalas\/wp-content\/uploads\/2025\/03\/banner-cabecera-web_25aniv_1140x500.jpg\" class=\"attachment-full size-full wp-image-1900\" alt=\"\" srcset=\"https:\/\/geolit.es\/reservasalas\/wp-content\/uploads\/2025\/03\/banner-cabecera-web_25aniv_1140x500.jpg 1157w, https:\/\/geolit.es\/reservasalas\/wp-content\/uploads\/2025\/03\/banner-cabecera-web_25aniv_1140x500-300x134.jpg 300w, https:\/\/geolit.es\/reservasalas\/wp-content\/uploads\/2025\/03\/banner-cabecera-web_25aniv_1140x500-1024x458.jpg 1024w, https:\/\/geolit.es\/reservasalas\/wp-content\/uploads\/2025\/03\/banner-cabecera-web_25aniv_1140x500-768x343.jpg 768w\" sizes=\"(max-width: 1157px) 100vw, 1157px\" \/>\t\t\t\t\t\t\t\t\t\t\t\t\t\t\t<\/div>\n\t\t\t\t<\/div>\n\t\t\t\t\t<\/div>\n\t\t<\/div>\n\t\t\t\t\t<\/div>\n\t\t<\/section>\n\t\t\t\t<section class=\"elementor-section elementor-top-section elementor-element elementor-element-1b62a8c elementor-section-boxed elementor-section-height-default elementor-section-height-default\" data-id=\"1b62a8c\" data-element_type=\"section\">\n\t\t\t\t\t\t<div class=\"elementor-container elementor-column-gap-wider\">\n\t\t\t\t\t<div class=\"elementor-column elementor-col-50 elementor-top-column elementor-element elementor-element-a4165e3\" data-id=\"a4165e3\" data-element_type=\"column\">\n\t\t\t<div class=\"elementor-widget-wrap elementor-element-populated\">\n\t\t\t\t\t\t<div class=\"elementor-element elementor-element-c84c4ce elementor-widget elementor-widget-image\" data-id=\"c84c4ce\" data-element_type=\"widget\" data-widget_type=\"image.default\">\n\t\t\t\t<div class=\"elementor-widget-container\">\n\t\t\t\t\t\t\t\t\t\t\t\t\t\t\t<img decoding=\"async\" width=\"595\" height=\"842\" src=\"https:\/\/geolit.es\/reservasalas\/wp-content\/uploads\/2025\/09\/Flyer-A4-Charla-sobre-Innovacion-Inclusiva-Empresarial-Moderno-Verde-DEFINITIVO.jpg\" class=\"attachment-large size-large wp-image-2052\" alt=\"\" srcset=\"https:\/\/geolit.es\/reservasalas\/wp-content\/uploads\/2025\/09\/Flyer-A4-Charla-sobre-Innovacion-Inclusiva-Empresarial-Moderno-Verde-DEFINITIVO.jpg 595w, https:\/\/geolit.es\/reservasalas\/wp-content\/uploads\/2025\/09\/Flyer-A4-Charla-sobre-Innovacion-Inclusiva-Empresarial-Moderno-Verde-DEFINITIVO-212x300.jpg 212w\" sizes=\"(max-width: 595px) 100vw, 595px\" \/>\t\t\t\t\t\t\t\t\t\t\t\t\t\t\t<\/div>\n\t\t\t\t<\/div>\n\t\t\t\t\t<\/div>\n\t\t<\/div>\n\t\t\t\t<div class=\"elementor-column elementor-col-50 elementor-top-column elementor-element elementor-element-bc2f9da\" data-id=\"bc2f9da\" data-element_type=\"column\">\n\t\t\t<div class=\"elementor-widget-wrap elementor-element-populated\">\n\t\t\t\t\t\t<div class=\"elementor-element elementor-element-79e1901 elementor-widget elementor-widget-heading\" data-id=\"79e1901\" data-element_type=\"widget\" data-widget_type=\"heading.default\">\n\t\t\t\t<div class=\"elementor-widget-container\">\n\t\t\t\t\t<h3 class=\"elementor-heading-title elementor-size-default\">Geolit lanza el concurso \"Retos de la Innovaci\u00f3n\"<\/h3>\t\t\t\t<\/div>\n\t\t\t\t<\/div>\n\t\t\t\t<div class=\"elementor-element elementor-element-23b9cfc elementor-widget elementor-widget-text-editor\" data-id=\"23b9cfc\" data-element_type=\"widget\" data-widget_type=\"text-editor.default\">\n\t\t\t\t<div class=\"elementor-widget-container\">\n\t\t\t\t\t\t\t\t\t<p>En el marco de las actividades programadas con motivo del 25\u00ba aniversario del Parque Cient\u00edfico Tecnol\u00f3gico GEOLIT, se convoca el I Concurso \u201c<strong>Retos de la Innovaci\u00f3n<\/strong>\u201d.<\/p><p>El Concurso premiar\u00e1 propuestas disruptivas que aporten valor a Geolit como ecosistema de innovaci\u00f3n, en torno a retos relacionados con<\/p><ul><li>Sostenibilidad ambiental y econom\u00eda circular<\/li><li>Fomento de la innovaci\u00f3n colaborativa<\/li><\/ul><p>El Concurso \u201c<strong>Retos de la Innovaci\u00f3n<\/strong>\u201d tiene como finalidad impulsar propuestas innovadoras que mejoren la competitividad, sostenibilidad y cooperaci\u00f3n dentro del ecosistema GEOLIT, as\u00ed como reconocer y premiar el talento y la capacidad de innovaci\u00f3n de los distintos agentes y del capital humano presentes en el Parque.<\/p><p>El concurso pretende, adem\u00e1s, fomentar la interacci\u00f3n y la colaboraci\u00f3n entre las empresas, agentes tecnol\u00f3gicos y organizaciones del tercer sector instalados en <strong>GEOLIT<\/strong>.<\/p>\t\t\t\t\t\t\t\t<\/div>\n\t\t\t\t<\/div>\n\t\t\t\t<div class=\"elementor-element elementor-element-5a08ec0 elementor-align-justify elementor-widget__width-auto elementor-invisible elementor-widget elementor-widget-button\" data-id=\"5a08ec0\" data-element_type=\"widget\" data-settings=\"{&quot;_animation&quot;:&quot;fadeIn&quot;,&quot;_animation_delay&quot;:600}\" data-widget_type=\"button.default\">\n\t\t\t\t<div class=\"elementor-widget-container\">\n\t\t\t\t\t\t\t\t\t<div class=\"elementor-button-wrapper\">\n\t\t\t\t\t<a class=\"elementor-button elementor-button-link elementor-size-md elementor-animation-shrink\" href=\"https:\/\/geolit.es\/reservasalas\/concurso-retos-innovacion\/\">\n\t\t\t\t\t\t<span class=\"elementor-button-content-wrapper\">\n\t\t\t\t\t\t\t\t\t<span class=\"elementor-button-text\">M\u00e1s informaci\u00f3n<\/span>\n\t\t\t\t\t<\/span>\n\t\t\t\t\t<\/a>\n\t\t\t\t<\/div>\n\t\t\t\t\t\t\t\t<\/div>\n\t\t\t\t<\/div>\n\t\t\t\t\t<\/div>\n\t\t<\/div>\n\t\t\t\t\t<\/div>\n\t\t<\/section>\n\t\t\t\t<section class=\"elementor-section elementor-top-section elementor-element elementor-element-9b7e4e7 elementor-section-boxed elementor-section-height-default elementor-section-height-default\" data-id=\"9b7e4e7\" data-element_type=\"section\">\n\t\t\t\t\t\t<div class=\"elementor-container elementor-column-gap-wider\">\n\t\t\t\t\t<div class=\"elementor-column elementor-col-50 elementor-top-column elementor-element elementor-element-f1ec187\" data-id=\"f1ec187\" data-element_type=\"column\">\n\t\t\t<div class=\"elementor-widget-wrap elementor-element-populated\">\n\t\t\t\t\t\t<div class=\"elementor-element elementor-element-b3a281b elementor-widget elementor-widget-image\" data-id=\"b3a281b\" data-element_type=\"widget\" data-widget_type=\"image.default\">\n\t\t\t\t<div class=\"elementor-widget-container\">\n\t\t\t\t\t\t\t\t\t\t\t\t\t\t\t<img decoding=\"async\" width=\"731\" height=\"1024\" src=\"https:\/\/geolit.es\/reservasalas\/wp-content\/uploads\/2025\/03\/Cartel-concurso-cortometrajes-red-731x1024.jpg\" class=\"attachment-large size-large wp-image-1938\" alt=\"\" srcset=\"https:\/\/geolit.es\/reservasalas\/wp-content\/uploads\/2025\/03\/Cartel-concurso-cortometrajes-red-731x1024.jpg 731w, https:\/\/geolit.es\/reservasalas\/wp-content\/uploads\/2025\/03\/Cartel-concurso-cortometrajes-red-214x300.jpg 214w, https:\/\/geolit.es\/reservasalas\/wp-content\/uploads\/2025\/03\/Cartel-concurso-cortometrajes-red-768x1075.jpg 768w, https:\/\/geolit.es\/reservasalas\/wp-content\/uploads\/2025\/03\/Cartel-concurso-cortometrajes-red-1097x1536.jpg 1097w, https:\/\/geolit.es\/reservasalas\/wp-content\/uploads\/2025\/03\/Cartel-concurso-cortometrajes-red-1463x2048.jpg 1463w, https:\/\/geolit.es\/reservasalas\/wp-content\/uploads\/2025\/03\/Cartel-concurso-cortometrajes-red.jpg 1500w\" sizes=\"(max-width: 731px) 100vw, 731px\" \/>\t\t\t\t\t\t\t\t\t\t\t\t\t\t\t<\/div>\n\t\t\t\t<\/div>\n\t\t\t\t\t<\/div>\n\t\t<\/div>\n\t\t\t\t<div class=\"elementor-column elementor-col-50 elementor-top-column elementor-element elementor-element-61e7404\" data-id=\"61e7404\" data-element_type=\"column\">\n\t\t\t<div class=\"elementor-widget-wrap elementor-element-populated\">\n\t\t\t\t\t\t<div class=\"elementor-element elementor-element-6283a96 elementor-widget elementor-widget-heading\" data-id=\"6283a96\" data-element_type=\"widget\" data-widget_type=\"heading.default\">\n\t\t\t\t<div class=\"elementor-widget-container\">\n\t\t\t\t\t<h3 class=\"elementor-heading-title elementor-size-default\">Geolit lanza el I Concurso de Cortometrajes \u201cLa Vida en Geolit\u201d en el marco de actividades de celebraci\u00f3n del 25 aniversario del parque<\/h3>\t\t\t\t<\/div>\n\t\t\t\t<\/div>\n\t\t\t\t<div class=\"elementor-element elementor-element-c59c878 elementor-widget elementor-widget-text-editor\" data-id=\"c59c878\" data-element_type=\"widget\" data-widget_type=\"text-editor.default\">\n\t\t\t\t<div class=\"elementor-widget-container\">\n\t\t\t\t\t\t\t\t\t<p>El Parque Cient\u00edfico Tecnol\u00f3gico Geolit te invita a participar en el<strong> I Concurso de Cortometrajes \u00abLa Vida en Geolit\u00bb<\/strong>, una iniciativa que busca promover la creatividad audiovisual y dar a conocer la vida, los valores y la innovaci\u00f3n que se desarrollan en este ecosistema empresarial y tecnol\u00f3gico, para conmemorar sus 25 a\u00f1os de existencia.<\/p><p>El certamen est\u00e1 dirigido <strong>a todas aquellas personas que quieran dar rienda suelta a su creatividad<\/strong>, ya sea de manera individual o en equipo. En el caso de menores de edad, podr\u00e1n participar con autorizaci\u00f3n de su tutor legal. El objetivo es plasmar, a trav\u00e9s del lenguaje cinematogr\u00e1fico, la esencia de Geolit, su impacto en la sociedad y su relaci\u00f3n con el entorno natural y tecnol\u00f3gico.<\/p>\t\t\t\t\t\t\t\t<\/div>\n\t\t\t\t<\/div>\n\t\t\t\t<div class=\"elementor-element elementor-element-75cc57a elementor-align-justify elementor-widget__width-auto elementor-invisible elementor-widget elementor-widget-button\" data-id=\"75cc57a\" data-element_type=\"widget\" data-settings=\"{&quot;_animation&quot;:&quot;fadeIn&quot;,&quot;_animation_delay&quot;:600}\" data-widget_type=\"button.default\">\n\t\t\t\t<div class=\"elementor-widget-container\">\n\t\t\t\t\t\t\t\t\t<div class=\"elementor-button-wrapper\">\n\t\t\t\t\t<a class=\"elementor-button elementor-button-link elementor-size-md elementor-animation-shrink\" href=\"https:\/\/geolit.es\/reservasalas\/concurso-de-cortometrajes-geolit\/\">\n\t\t\t\t\t\t<span class=\"elementor-button-content-wrapper\">\n\t\t\t\t\t\t\t\t\t<span class=\"elementor-button-text\">M\u00e1s informaci\u00f3n<\/span>\n\t\t\t\t\t<\/span>\n\t\t\t\t\t<\/a>\n\t\t\t\t<\/div>\n\t\t\t\t\t\t\t\t<\/div>\n\t\t\t\t<\/div>\n\t\t\t\t\t<\/div>\n\t\t<\/div>\n\t\t\t\t\t<\/div>\n\t\t<\/section>\n\t\t\t\t<section class=\"elementor-section elementor-top-section elementor-element elementor-element-5af95a9 elementor-section-content-middle elementor-section-boxed elementor-section-height-default elementor-section-height-default\" data-id=\"5af95a9\" data-element_type=\"section\">\n\t\t\t\t\t\t<div class=\"elementor-container elementor-column-gap-extended\">\n\t\t\t\t\t<div class=\"elementor-column elementor-col-50 elementor-top-column elementor-element elementor-element-e8dca33\" data-id=\"e8dca33\" data-element_type=\"column\">\n\t\t\t<div class=\"elementor-widget-wrap elementor-element-populated\">\n\t\t\t\t\t\t<div class=\"elementor-element elementor-element-01abf31 elementor-widget elementor-widget-image\" data-id=\"01abf31\" data-element_type=\"widget\" data-widget_type=\"image.default\">\n\t\t\t\t<div class=\"elementor-widget-container\">\n\t\t\t\t\t\t\t\t\t\t\t\t\t\t\t<img loading=\"lazy\" decoding=\"async\" width=\"1024\" height=\"525\" src=\"https:\/\/geolit.es\/reservasalas\/wp-content\/uploads\/2025\/03\/geolit-1024x525.jpg\" class=\"attachment-large size-large wp-image-1891\" alt=\"\" srcset=\"https:\/\/geolit.es\/reservasalas\/wp-content\/uploads\/2025\/03\/geolit-1024x525.jpg 1024w, https:\/\/geolit.es\/reservasalas\/wp-content\/uploads\/2025\/03\/geolit-300x154.jpg 300w, https:\/\/geolit.es\/reservasalas\/wp-content\/uploads\/2025\/03\/geolit-768x394.jpg 768w, https:\/\/geolit.es\/reservasalas\/wp-content\/uploads\/2025\/03\/geolit-1536x788.jpg 1536w, https:\/\/geolit.es\/reservasalas\/wp-content\/uploads\/2025\/03\/geolit.jpg 1583w\" sizes=\"(max-width: 1024px) 100vw, 1024px\" \/>\t\t\t\t\t\t\t\t\t\t\t\t\t\t\t<\/div>\n\t\t\t\t<\/div>\n\t\t\t\t\t<\/div>\n\t\t<\/div>\n\t\t\t\t<div class=\"elementor-column elementor-col-50 elementor-top-column elementor-element elementor-element-0505921\" data-id=\"0505921\" data-element_type=\"column\">\n\t\t\t<div class=\"elementor-widget-wrap elementor-element-populated\">\n\t\t\t\t\t\t<div class=\"elementor-element elementor-element-a2c944f elementor-widget elementor-widget-heading\" data-id=\"a2c944f\" data-element_type=\"widget\" data-widget_type=\"heading.default\">\n\t\t\t\t<div class=\"elementor-widget-container\">\n\t\t\t\t\t<h3 class=\"elementor-heading-title elementor-size-default\">Programa de actividades 25 aniversario<\/h3>\t\t\t\t<\/div>\n\t\t\t\t<\/div>\n\t\t\t\t<div class=\"elementor-element elementor-element-aef6053 elementor-widget elementor-widget-text-editor\" data-id=\"aef6053\" data-element_type=\"widget\" data-widget_type=\"text-editor.default\">\n\t\t\t\t<div class=\"elementor-widget-container\">\n\t\t\t\t\t\t\t\t\t<p>El <strong>Parque Cient\u00edfico Tecnol\u00f3gico Geolit<\/strong> cumple 25 a\u00f1os. Un cuarto de siglo impulsando la innovaci\u00f3n, el talento y el desarrollo empresarial en la provincia de Ja\u00e9n. Porque en Geolit somos emprendimiento, somos oportunidades, somos innovaci\u00f3n.<\/p><p><strong>Somos Geolit<\/strong>, el ecosistema para crecer y transformar ideas en proyectos de futuro.\u00a0<\/p><p>Para celebrar este <strong>25 aniversario<\/strong>, el Parque Cient\u00edfico Tecnol\u00f3gico Geolit de la Diputaci\u00f3n de Ja\u00e9n ha organizado un programa de actividades a lo largo del a\u00f1o 2025, con el objetivo de poner en valor la trayectoria, la innovaci\u00f3n y el futuro del parque, del que forman parte ya m\u00e1s de setenta empresas.<\/p>\t\t\t\t\t\t\t\t<\/div>\n\t\t\t\t<\/div>\n\t\t\t\t<div class=\"elementor-element elementor-element-8556192 elementor-align-justify elementor-widget__width-auto elementor-invisible elementor-widget elementor-widget-button\" data-id=\"8556192\" data-element_type=\"widget\" data-settings=\"{&quot;_animation&quot;:&quot;fadeIn&quot;,&quot;_animation_delay&quot;:600}\" data-widget_type=\"button.default\">\n\t\t\t\t<div class=\"elementor-widget-container\">\n\t\t\t\t\t\t\t\t\t<div class=\"elementor-button-wrapper\">\n\t\t\t\t\t<a class=\"elementor-button elementor-button-link elementor-size-md elementor-animation-shrink\" href=\"https:\/\/geolit.es\/reservasalas\/wp-content\/uploads\/2025\/02\/Programa-25aniv-geolit-v6.pdf\" target=\"_blank\">\n\t\t\t\t\t\t<span class=\"elementor-button-content-wrapper\">\n\t\t\t\t\t\t\t\t\t<span class=\"elementor-button-text\">DESCARGAR PROGRAMA 25 ANIVERSARIO<\/span>\n\t\t\t\t\t<\/span>\n\t\t\t\t\t<\/a>\n\t\t\t\t<\/div>\n\t\t\t\t\t\t\t\t<\/div>\n\t\t\t\t<\/div>\n\t\t\t\t\t<\/div>\n\t\t<\/div>\n\t\t\t\t\t<\/div>\n\t\t<\/section>\n\t\t\t\t<\/div>\n\t\t","protected":false},"excerpt":{"rendered":"<p>Geolit lanza el concurso \u00abRetos de la Innovaci\u00f3n\u00bb En el marco de las actividades programadas con motivo del 25\u00ba aniversario del Parque Cient\u00edfico Tecnol\u00f3gico GEOLIT, se convoca el I Concurso \u201cRetos de la Innovaci\u00f3n\u201d. El Concurso premiar\u00e1 propuestas disruptivas que aporten valor a Geolit como ecosistema de innovaci\u00f3n, en torno a retos relacionados con Sostenibilidad [&hellip;]<\/p>\n","protected":false},"author":1,"featured_media":0,"parent":0,"menu_order":0,"comment_status":"closed","ping_status":"closed","template":"","meta":{"site-sidebar-layout":"no-sidebar","site-content-layout":"page-builder","ast-site-content-layout":"","site-content-style":"default","site-sidebar-style":"default","ast-global-header-display":"","ast-banner-title-visibility":"","ast-main-header-display":"","ast-hfb-above-header-display":"","ast-hfb-below-header-display":"","ast-hfb-mobile-header-display":"","site-post-title":"disabled","ast-breadcrumbs-content":"","ast-featured-img":"disabled","footer-sml-layout":"","theme-transparent-header-meta":"default","adv-header-id-meta":"","stick-header-meta":"","header-above-stick-meta":"","header-main-stick-meta":"","header-below-stick-meta":"","astra-migrate-meta-layouts":"default","ast-page-background-enabled":"default","ast-page-background-meta":{"desktop":{"background-color":"var(--ast-global-color-4)","background-image":"","background-repeat":"repeat","background-position":"center center","background-size":"auto","background-attachment":"scroll","background-type":"","background-media":"","overlay-type":"","overlay-color":"","overlay-opacity":"","overlay-gradient":""},"tablet":{"background-color":"","background-image":"","background-repeat":"repeat","background-position":"center center","background-size":"auto","background-attachment":"scroll","background-type":"","background-media":"","overlay-type":"","overlay-color":"","overlay-opacity":"","overlay-gradient":""},"mobile":{"background-color":"","background-image":"","background-repeat":"repeat","background-position":"center center","background-size":"auto","background-attachment":"scroll","background-type":"","background-media":"","overlay-type":"","overlay-color":"","overlay-opacity":"","overlay-gradient":""}},"ast-content-background-meta":{"desktop":{"background-color":"var(--ast-global-color-5)","background-image":"","background-repeat":"repeat","background-position":"center center","background-size":"auto","background-attachment":"scroll","background-type":"","background-media":"","overlay-type":"","overlay-color":"","overlay-opacity":"","overlay-gradient":""},"tablet":{"background-color":"var(--ast-global-color-5)","background-image":"","background-repeat":"repeat","background-position":"center center","background-size":"auto","background-attachment":"scroll","background-type":"","background-media":"","overlay-type":"","overlay-color":"","overlay-opacity":"","overlay-gradient":""},"mobile":{"background-color":"var(--ast-global-color-5)","background-image":"","background-repeat":"repeat","background-position":"center center","background-size":"auto","background-attachment":"scroll","background-type":"","background-media":"","overlay-type":"","overlay-color":"","overlay-opacity":"","overlay-gradient":""}},"footnotes":""},"_links":{"self":[{"href":"https:\/\/geolit.es\/reservasalas\/wp-json\/wp\/v2\/pages\/1812"}],"collection":[{"href":"https:\/\/geolit.es\/reservasalas\/wp-json\/wp\/v2\/pages"}],"about":[{"href":"https:\/\/geolit.es\/reservasalas\/wp-json\/wp\/v2\/types\/page"}],"author":[{"embeddable":true,"href":"https:\/\/geolit.es\/reservasalas\/wp-json\/wp\/v2\/users\/1"}],"replies":[{"embeddable":true,"href":"https:\/\/geolit.es\/reservasalas\/wp-json\/wp\/v2\/comments?post=1812"}],"version-history":[{"count":85,"href":"https:\/\/geolit.es\/reservasalas\/wp-json\/wp\/v2\/pages\/1812\/revisions"}],"predecessor-version":[{"id":2071,"href":"https:\/\/geolit.es\/reservasalas\/wp-json\/wp\/v2\/pages\/1812\/revisions\/2071"}],"wp:attachment":[{"href":"https:\/\/geolit.es\/reservasalas\/wp-json\/wp\/v2\/media?parent=1812"}],"curies":[{"name":"wp","href":"https:\/\/api.w.org\/{rel}","templated":true}]}}