{"id":805,"date":"2023-07-05T11:20:33","date_gmt":"2023-07-05T11:20:33","guid":{"rendered":"http:\/\/dev.kayzenemprende.es\/?page_id=805"},"modified":"2023-11-05T09:22:40","modified_gmt":"2023-11-05T09:22:40","slug":"proteccion-de-datos","status":"publish","type":"page","link":"https:\/\/geolit.es\/iatmatriz\/proteccion-de-datos\/","title":{"rendered":"Protecci\u00f3n de datos"},"content":{"rendered":"\t\t<div data-elementor-type=\"wp-page\" data-elementor-id=\"805\" class=\"elementor elementor-805\" data-elementor-post-type=\"page\">\n\t\t\t\t\t\t<section class=\"elementor-section elementor-top-section elementor-element elementor-element-95c71ba elementor-section-height-min-height elementor-section-boxed elementor-section-height-default elementor-section-items-middle\" data-id=\"95c71ba\" data-element_type=\"section\" data-e-type=\"section\" data-settings=\"{&quot;background_background&quot;:&quot;classic&quot;,&quot;shape_divider_bottom&quot;:&quot;opacity-tilt&quot;}\">\n\t\t\t\t\t\t\t<div class=\"elementor-background-overlay\"><\/div>\n\t\t\t\t\t\t<div class=\"elementor-shape elementor-shape-bottom\" aria-hidden=\"true\" data-negative=\"false\">\n\t\t\t<svg xmlns=\"http:\/\/www.w3.org\/2000\/svg\" viewBox=\"0 0 2600 131.1\" preserveAspectRatio=\"none\">\n\t<path class=\"elementor-shape-fill\" d=\"M0 0L2600 0 2600 69.1 0 0z\"\/>\n\t<path class=\"elementor-shape-fill\" style=\"opacity:0.5\" d=\"M0 0L2600 0 2600 69.1 0 69.1z\"\/>\n\t<path class=\"elementor-shape-fill\" style=\"opacity:0.25\" d=\"M2600 0L0 0 0 130.1 2600 69.1z\"\/>\n<\/svg>\t\t<\/div>\n\t\t\t\t\t<div class=\"elementor-container elementor-column-gap-default\">\n\t\t\t\t\t<div class=\"elementor-column elementor-col-100 elementor-top-column elementor-element elementor-element-a692e61\" data-id=\"a692e61\" data-element_type=\"column\" data-e-type=\"column\">\n\t\t\t<div class=\"elementor-widget-wrap elementor-element-populated\">\n\t\t\t\t\t\t<div class=\"elementor-element elementor-element-62cf5ea elementor-invisible elementor-widget elementor-widget-heading\" data-id=\"62cf5ea\" data-element_type=\"widget\" data-e-type=\"widget\" data-settings=\"{&quot;_animation&quot;:&quot;fadeInDown&quot;}\" data-widget_type=\"heading.default\">\n\t\t\t\t<div class=\"elementor-widget-container\">\n\t\t\t\t\t<h1 class=\"elementor-heading-title elementor-size-default\">Protecci\u00f3n de Datos<\/h1>\t\t\t\t<\/div>\n\t\t\t\t<\/div>\n\t\t\t\t\t<\/div>\n\t\t<\/div>\n\t\t\t\t\t<\/div>\n\t\t<\/section>\n\t\t\t\t<section class=\"elementor-section elementor-top-section elementor-element elementor-element-f69c3b2 elementor-section-boxed elementor-section-height-default elementor-section-height-default\" data-id=\"f69c3b2\" data-element_type=\"section\" data-e-type=\"section\">\n\t\t\t\t\t\t<div class=\"elementor-container elementor-column-gap-default\">\n\t\t\t\t\t<div class=\"elementor-column elementor-col-100 elementor-top-column elementor-element elementor-element-007d2db\" data-id=\"007d2db\" data-element_type=\"column\" data-e-type=\"column\">\n\t\t\t<div class=\"elementor-widget-wrap elementor-element-populated\">\n\t\t\t\t\t\t<div class=\"elementor-element elementor-element-7c6a391 elementor-widget elementor-widget-text-editor\" data-id=\"7c6a391\" data-element_type=\"widget\" data-e-type=\"widget\" data-widget_type=\"text-editor.default\">\n\t\t\t\t<div class=\"elementor-widget-container\">\n\t\t\t\t\t\t\t\t\t<h3>RESPONSABLE<\/h3><p>El Responsable del Tratamiento es la Diputaci\u00f3n Provincial de Ja\u00e9n, Plaza de San Francisco s\/n 23071 \u2013 Ja\u00e9n, siendo el representante su Presidente. Conforme a lo dispuesto en el art\u00edculo 37 del REGLAMENTO (UE) 2016\/679 DEL PARLAMENTO EUROPEO Y DEL CONSEJO de 27 de abril de 2016, as\u00ed como lo previsto en el art\u00edculo 34 de la Ley org\u00e1nica 3\/2018, de 5 de diciembre, de Protecci\u00f3n de Datos Personales y garant\u00eda de los derechos digitales, se ha designado a la Secretar\u00eda General de la Corporaci\u00f3n, como Delegado de Protecci\u00f3n de Datos. Para el ejercicio de los derechos previstos en el mismo, podr\u00e1 contactar a trav\u00e9s de la direcci\u00f3n de correo electr\u00f3nico: <a href=\"mailto:dpd@dipujaen.es\">dpd@dipujaen.es<\/a> (esta direcci\u00f3n de correo electr\u00f3nico estar\u00e1 disponible, exclusivamente, para consultas relacionadas con la protecci\u00f3n de datos).<\/p><h3>FINALIDAD DEL TRATAMIENTO<\/h3><p>La finalidad del tratamiento es la tramitaci\u00f3n de las consultas realizadas por los usuarios y usuarias a trav\u00e9s del portal www.geolit.es\/iatmatriz<\/p><h3>LEGITIMACI\u00d3N<\/h3><p>Conforme a lo previsto en el art\u00edculo 6 del REGLAMENTO (UE) 2016\/679 DEL PARLAMENTO EUROPEO Y DEL CONSEJO de 27 de abril de 2016, el tratamiento encuentra su base de legitimaci\u00f3n en:<br \/>a) el interesado dio su consentimiento para el tratamiento de sus datos personales para esta finalidad. En el mismo sentido, la Ley 3\/2018, de 5 de diciembre, de Protecci\u00f3n de Datos Personales y garant\u00eda de los derechos digitales permite en su art\u00edculo 6 el tratamiento de datos, basado en el consentimiento otorgado por el interesado.<\/p><h3>DESTINATARIOS DE CESIONES O TRANSFERENCIAS<\/h3><p>No se prev\u00e9n transferencias internacionales de datos.<\/p><h3>DERECHOS<\/h3><p>En cualquier momento el interesado podr\u00e1 ejercer los derechos recogidos en los art\u00edculos 15 y siguientes del Reglamento (UE) 2016\/379, de 27 de abril de 2016, as\u00ed como los se\u00f1alados en el art\u00edculo 12 y siguientes de la Ley org\u00e1nica 3\/2018, de 5 de diciembre, de Protecci\u00f3n de Datos Personales y garant\u00eda de los derechos digitales, mediante la presentaci\u00f3n de escrito en el Registro Electr\u00f3nico General. Estos derechos son los que a continuaci\u00f3n se indican:<\/p><ul><li>Derecho a obtener del responsable del tratamiento confirmaci\u00f3n de si se est\u00e1n o no tratando datos personales que le conciernen y, en tal caso derecho de acceso a los mismos y, a la siguiente informaci\u00f3n: los fines del tratamiento, categor\u00edas de datos personales que se traten y de las posibles comunicaciones de datos y sus destinatarios. De ser posible, ser informado del plazo de conservaci\u00f3n de sus datos. De no ser posible, los criterios para determinar este plazo.<\/li><li>Derecho a obtener sin dilaci\u00f3n indebida la rectificaci\u00f3n de los datos personales inexactos que le conciernan y, en caso de ser incompletos a que se completen, inclusive mediante una declaraci\u00f3n adicional.<br \/>Derecho de supresi\u00f3n de los datos personales sin dilaci\u00f3n indebida en los supuestos contemplados en el art\u00edculo 17, salvo las excepciones recogidas en el mismo.<\/li><li>Derecho a la limitaci\u00f3n del tratamiento, que comprende: El derecho a solicitar la suspensi\u00f3n del tratamiento cuando; 1. Se impugne la exactitud de los datos, mientras se verifica dicha exactitud por el responsable. 2. El interesado ha ejercitado su derecho de oposici\u00f3n, mientras se verifica si los motivos leg\u00edtimos del responsable prevalecen sobre el afectado. El derecho a solicitar la conservaci\u00f3n de los datos personales cuando; 1. El tratamiento sea il\u00edcito y el afectado se oponga a la supresi\u00f3n de sus datos y solicite en su lugar la limitaci\u00f3n de su uso. 2. El responsable ya no necesita los datos para los fines del tratamiento pero el afectado si los necesita para la formulaci\u00f3n, ejercicio o defensa de reclamaciones.<\/li><li>Derecho a la portabilidad de sus datos, es decir, derecho a recibir los datos personales que le incumban y que haya facilitado al responsable del tratamiento, en un formato estructurado, de uso com\u00fan y lectura mec\u00e1nica y, a transmitirlos a otro responsable del tratamiento sin que pueda impedirlo el responsable al que se los hubiera facilitado en los casos que dispone el art\u00edculo 20, siempre y cuando no afecte negativamente a los derechos y libertades de otros.<\/li><li>Derecho a oponerse en cualquier momento, por motivos relacionados con su situaci\u00f3n particular y personal, a que datos personales que le conciernan sean objeto de tratamiento salvo que se acredite un inter\u00e9s leg\u00edtimo o, sea necesario para el ejercicio o defensa de reclamaciones. Derecho a oponerse al tratamiento cuando este tenga por objeto la mercadotecnia directa.<\/li><\/ul><p>Recibida la solicitud de cualquiera de las actuaciones anteriores, la Diputaci\u00f3n de Ja\u00e9n responder\u00e1 en el plazo de un mes a partir de la recepci\u00f3n de la misma. No obstante, dicho plazo podr\u00e1 ampliarse otros dos meses en caso necesario, teniendo en cuenta la complejidad y el n\u00famero de solicitudes. En este caso, se informar\u00e1 al ciudadano de la citada pr\u00f3rroga en el plazo de un mes a partir de la recepci\u00f3n de la solicitud, indicando los motivos de la dilaci\u00f3n. Si el ciudadano presentase la solicitud por medios electr\u00f3nicos, la informaci\u00f3n se facilitar\u00e1 por medios electr\u00f3nicos cuando sea posible, a menos que este solicite que se facilite por otro medio.<\/p><p>El interesado tendr\u00e1 derecho a presentar una reclamaci\u00f3n (sin perjuicio de cualquier otro recurso administrativo o acci\u00f3n judicial) frente al Consejo de Transparencia y Protecci\u00f3n de Datos de Andaluc\u00eda, autoridad independiente de control en materia de protecci\u00f3n de datos en la Comunidad Aut\u00f3noma de Andaluc\u00eda tal y como establecen los art\u00edculos 43.1 y 45 de la Ley 1\/2014, de 24 de junio, de Transparencia P\u00fablica de Andaluc\u00eda.<\/p>\t\t\t\t\t\t\t\t<\/div>\n\t\t\t\t<\/div>\n\t\t\t\t\t<\/div>\n\t\t<\/div>\n\t\t\t\t\t<\/div>\n\t\t<\/section>\n\t\t\t\t<\/div>\n\t\t","protected":false},"excerpt":{"rendered":"<p>Protecci\u00f3n de Datos RESPONSABLE El Responsable del Tratamiento es la Diputaci\u00f3n Provincial de Ja\u00e9n, Plaza de San Francisco s\/n 23071 \u2013 Ja\u00e9n, siendo el representante su Presidente. Conforme a lo dispuesto en el art\u00edculo 37 del REGLAMENTO (UE) 2016\/679 DEL PARLAMENTO EUROPEO Y DEL CONSEJO de 27 de abril de 2016, as\u00ed como lo previsto [&hellip;]<\/p>\n","protected":false},"author":2,"featured_media":0,"parent":0,"menu_order":0,"comment_status":"closed","ping_status":"closed","template":"","meta":{"_acf_changed":false,"site-sidebar-layout":"no-sidebar","site-content-layout":"","ast-site-content-layout":"full-width-container","site-content-style":"default","site-sidebar-style":"default","ast-global-header-display":"","ast-banner-title-visibility":"","ast-main-header-display":"","ast-hfb-above-header-display":"","ast-hfb-below-header-display":"","ast-hfb-mobile-header-display":"","site-post-title":"disabled","ast-breadcrumbs-content":"","ast-featured-img":"disabled","footer-sml-layout":"","ast-disable-related-posts":"","theme-transparent-header-meta":"","adv-header-id-meta":"","stick-header-meta":"","header-above-stick-meta":"","header-main-stick-meta":"","header-below-stick-meta":"","astra-migrate-meta-layouts":"default","ast-page-background-enabled":"default","ast-page-background-meta":{"desktop":{"background-color":"var(--ast-global-color-4)","background-image":"","background-repeat":"repeat","background-position":"center center","background-size":"auto","background-attachment":"scroll","background-type":"","background-media":"","overlay-type":"","overlay-color":"","overlay-opacity":"","overlay-gradient":""},"tablet":{"background-color":"","background-image":"","background-repeat":"repeat","background-position":"center center","background-size":"auto","background-attachment":"scroll","background-type":"","background-media":"","overlay-type":"","overlay-color":"","overlay-opacity":"","overlay-gradient":""},"mobile":{"background-color":"","background-image":"","background-repeat":"repeat","background-position":"center center","background-size":"auto","background-attachment":"scroll","background-type":"","background-media":"","overlay-type":"","overlay-color":"","overlay-opacity":"","overlay-gradient":""}},"ast-content-background-meta":{"desktop":{"background-color":"var(--ast-global-color-5)","background-image":"","background-repeat":"repeat","background-position":"center center","background-size":"auto","background-attachment":"scroll","background-type":"","background-media":"","overlay-type":"","overlay-color":"","overlay-opacity":"","overlay-gradient":""},"tablet":{"background-color":"var(--ast-global-color-5)","background-image":"","background-repeat":"repeat","background-position":"center center","background-size":"auto","background-attachment":"scroll","background-type":"","background-media":"","overlay-type":"","overlay-color":"","overlay-opacity":"","overlay-gradient":""},"mobile":{"background-color":"var(--ast-global-color-5)","background-image":"","background-repeat":"repeat","background-position":"center center","background-size":"auto","background-attachment":"scroll","background-type":"","background-media":"","overlay-type":"","overlay-color":"","overlay-opacity":"","overlay-gradient":""}},"footnotes":""},"class_list":["post-805","page","type-page","status-publish","hentry"],"acf":[],"_links":{"self":[{"href":"https:\/\/geolit.es\/iatmatriz\/wp-json\/wp\/v2\/pages\/805","targetHints":{"allow":["GET"]}}],"collection":[{"href":"https:\/\/geolit.es\/iatmatriz\/wp-json\/wp\/v2\/pages"}],"about":[{"href":"https:\/\/geolit.es\/iatmatriz\/wp-json\/wp\/v2\/types\/page"}],"author":[{"embeddable":true,"href":"https:\/\/geolit.es\/iatmatriz\/wp-json\/wp\/v2\/users\/2"}],"replies":[{"embeddable":true,"href":"https:\/\/geolit.es\/iatmatriz\/wp-json\/wp\/v2\/comments?post=805"}],"version-history":[{"count":7,"href":"https:\/\/geolit.es\/iatmatriz\/wp-json\/wp\/v2\/pages\/805\/revisions"}],"predecessor-version":[{"id":2382,"href":"https:\/\/geolit.es\/iatmatriz\/wp-json\/wp\/v2\/pages\/805\/revisions\/2382"}],"wp:attachment":[{"href":"https:\/\/geolit.es\/iatmatriz\/wp-json\/wp\/v2\/media?parent=805"}],"curies":[{"name":"wp","href":"https:\/\/api.w.org\/{rel}","templated":true}]}}