{"id":802,"date":"2023-07-05T11:20:05","date_gmt":"2023-07-05T11:20:05","guid":{"rendered":"http:\/\/dev.kayzenemprende.es\/?page_id=802"},"modified":"2025-10-31T08:34:28","modified_gmt":"2025-10-31T06:34:28","slug":"accesibilidad","status":"publish","type":"page","link":"https:\/\/geolit.es\/iatmatriz\/accesibilidad\/","title":{"rendered":"Accesibilidad"},"content":{"rendered":"\t\t<div data-elementor-type=\"wp-page\" data-elementor-id=\"802\" class=\"elementor elementor-802\" data-elementor-post-type=\"page\">\n\t\t\t\t\t\t<section class=\"elementor-section elementor-top-section elementor-element elementor-element-78236d8 elementor-section-height-min-height elementor-section-boxed elementor-section-height-default elementor-section-items-middle\" data-id=\"78236d8\" data-element_type=\"section\" data-e-type=\"section\" data-settings=\"{&quot;background_background&quot;:&quot;classic&quot;,&quot;shape_divider_bottom&quot;:&quot;opacity-tilt&quot;}\">\n\t\t\t\t\t\t\t<div class=\"elementor-background-overlay\"><\/div>\n\t\t\t\t\t\t<div class=\"elementor-shape elementor-shape-bottom\" aria-hidden=\"true\" data-negative=\"false\">\n\t\t\t<svg xmlns=\"http:\/\/www.w3.org\/2000\/svg\" viewBox=\"0 0 2600 131.1\" preserveAspectRatio=\"none\">\n\t<path class=\"elementor-shape-fill\" d=\"M0 0L2600 0 2600 69.1 0 0z\"\/>\n\t<path class=\"elementor-shape-fill\" style=\"opacity:0.5\" d=\"M0 0L2600 0 2600 69.1 0 69.1z\"\/>\n\t<path class=\"elementor-shape-fill\" style=\"opacity:0.25\" d=\"M2600 0L0 0 0 130.1 2600 69.1z\"\/>\n<\/svg>\t\t<\/div>\n\t\t\t\t\t<div class=\"elementor-container elementor-column-gap-default\">\n\t\t\t\t\t<div class=\"elementor-column elementor-col-100 elementor-top-column elementor-element elementor-element-cc72a72\" data-id=\"cc72a72\" data-element_type=\"column\" data-e-type=\"column\">\n\t\t\t<div class=\"elementor-widget-wrap elementor-element-populated\">\n\t\t\t\t\t\t<div class=\"elementor-element elementor-element-2c414b3 elementor-invisible elementor-widget elementor-widget-heading\" data-id=\"2c414b3\" data-element_type=\"widget\" data-e-type=\"widget\" data-settings=\"{&quot;_animation&quot;:&quot;fadeInDown&quot;}\" data-widget_type=\"heading.default\">\n\t\t\t\t<div class=\"elementor-widget-container\">\n\t\t\t\t\t<h1 class=\"elementor-heading-title elementor-size-default\">Pol\u00edtica de Accesibilidad\n<\/h1>\t\t\t\t<\/div>\n\t\t\t\t<\/div>\n\t\t\t\t\t<\/div>\n\t\t<\/div>\n\t\t\t\t\t<\/div>\n\t\t<\/section>\n\t\t\t\t<section class=\"elementor-section elementor-top-section elementor-element elementor-element-678072c elementor-section-boxed elementor-section-height-default elementor-section-height-default\" data-id=\"678072c\" data-element_type=\"section\" data-e-type=\"section\">\n\t\t\t\t\t\t<div class=\"elementor-container elementor-column-gap-default\">\n\t\t\t\t\t<div class=\"elementor-column elementor-col-100 elementor-top-column elementor-element elementor-element-df18146\" data-id=\"df18146\" data-element_type=\"column\" data-e-type=\"column\">\n\t\t\t<div class=\"elementor-widget-wrap elementor-element-populated\">\n\t\t\t\t\t\t<div class=\"elementor-element elementor-element-9b18b48 elementor-widget elementor-widget-text-editor\" data-id=\"9b18b48\" data-element_type=\"widget\" data-e-type=\"widget\" data-widget_type=\"text-editor.default\">\n\t\t\t\t<div class=\"elementor-widget-container\">\n\t\t\t\t\t\t\t\t\t<p><strong>Pol\u00edtica de accesibilidad<\/strong><\/p><p>Diputaci\u00f3n Provincial de Ja\u00e9n se ha comprometido a hacer accesibles sus sitios web de conformidad con el Real Decreto 1112\/2018, de 7 de septiembre, sobre accesibilidad de los sitios web y aplicaciones para dispositivos m\u00f3viles del sector p\u00fablico.<\/p><p>La presente declaraci\u00f3n de accesibilidad se aplica al sitio web\u00a0<a href=\"https:\/\/geolit.es\/iatmatriz\/\" target=\"_blank\" rel=\"noopener\">https:\/\/geolit.es\/iatmatriz\/<\/a> excluyendo los contenidos incrustados provenientes de otros dominios.<\/p><p><strong>Situaci\u00f3n de cumplimiento<\/strong><\/p><p>Este sitio web es Parcialmente conforme con el RD 1112\/2018 debido a la falta de conformidad de los aspectos que se indican a continuaci\u00f3n.<\/p><p><strong>Contenido no accesible<\/strong><\/p><p>El contenido que se recoge a continuaci\u00f3n no es accesible por los siguientes motivos:<\/p><ul><li>Falta de conformidad:<ul><li>Puede existir elementos de encabezado incorrectamente implementados, o cuyo orden l\u00f3gico no sea el correcto &#8211; Requisito n\u00famero 9.1.3.1 Informaci\u00f3n y relaciones de UNE-EN 301549:2022<\/li><li>En los formularios, puede haber campos que no se hayan facilitado su rellenado a trav\u00e9s de sistemas autom\u00e1ticos \u2013 Requisito 9.1.3.5 Identificar el prop\u00f3sito de la entrada UNE-EN 301549:2022<\/li><li>Puede haber elementos cuyo contraste no sea el suficiente en algunas p\u00e1ginas \u2013 Requisito 9.1.4.3 Contraste UNE-EN 301549:2020<\/li><li>Pueden existir encabezados que no sean claros o breves, o que no deber\u00edan ser encabezados \u2013 Requisito n\u00famero 9.2.4.6 Encabezados y etiquetas de UNE-EN 301549:2022<\/li><li>Pueden existir elementos provenientes de otros sistemas o webs, que no dispongan de una definici\u00f3n de funci\u00f3n suficiente &#8211; Requisito n\u00famero 9.4.1.2 Nombre, funci\u00f3n y valor de UNE-EN 301549:2020<\/li><li>Podr\u00edan existir fallos puntuales de edici\u00f3n en alguna p\u00e1gina web.<\/li><\/ul><\/li><li>Carga desproporcionada: No resulta aplicable.<\/li><li>El contenido no entra dentro del \u00e1mbito de la legislaci\u00f3n aplicable.<\/li><\/ul><p>Podr\u00edan existir archivos ofim\u00e1ticos en PDF u otros formatos publicados antes del 20 de septiembre de 2018 que no cumplan en su totalidad todos los requisitos de accesibilidad.<br \/>Puede haber contenidos de terceros que no est\u00e9n desarrollados en esta Unidad, ni bajo su control, como archivos ofim\u00e1ticos de diferentes organismos que deban publicarse en este sitio.<\/p><p><strong>Preparaci\u00f3n de la presente declaraci\u00f3n de accesibilidad<\/strong><\/p><p>La presente declaraci\u00f3n fue preparada el 24\/10\/2025.<\/p><p>El m\u00e9todo empleado para preparar la declaraci\u00f3n ha sido una autoevaluaci\u00f3n externa llevada a cabo por Tu Web Accesible.<\/p><p>\u00daltima revisi\u00f3n de la declaraci\u00f3n: 24\/10\/2025.<\/p><p><strong>Observaciones y datos de contacto<\/strong><\/p><p>Puede realizar comunicaciones sobre requisitos de accesibilidad [art\u00edculo 10.2.a) del RD 1112\/2018] como, por ejemplo:<\/p><ul><li>Informar sobre cualquier posible incumplimiento por parte de este sitio web.<\/li><li>Transmitir otras dificultades de acceso al contenido.<\/li><li>Formular cualquier otra consulta o sugerencia de mejora relativa a la accesibilidad del sitio web a trav\u00e9s del siguiente\u00a0siguiente <a href=\"https:\/\/www.dipujaen.es\/accesibilidad_contacto.html\" target=\"_blank\" rel=\"noopener\"><strong>formulario de contacto<\/strong><\/a>\u00a0o llamando al tel\u00e9fono 953 24 80 00; ext. 1270 de 9 a 14 horas de lunes a viernes.<\/li><\/ul><p>Puede presentar:<\/p><ul><li>Una queja relativa al cumplimiento de los requisitos del RD 1112\/2018<\/li><li>Una solicitud de informaci\u00f3n accesible relativa a:<\/li><li>Contenidos que est\u00e1n excluidos del \u00e1mbito de aplicaci\u00f3n del RD 1112\/2018 seg\u00fan lo establecido por el art\u00edculo 3, apartado 4.<\/li><li>Contenidos que est\u00e1n exentos del cumplimiento de los requisitos de accesibilidad por imponer una carga desproporcionada.<\/li><\/ul><p>En la solicitud de informaci\u00f3n accesible, se debe concretar, con toda claridad, los hechos, razones y petici\u00f3n que permitan constatar que se trata de una solicitud razonable y leg\u00edtima.<\/p><p><a href=\"https:\/\/sede.dipujaen.es\/QuejasSugerencias\" target=\"_blank\" rel=\"noopener\"><strong>Acceso al tr\u00e1mite\u00a0<\/strong><\/a><\/p><p>Diputaci\u00f3n Provincial de Ja\u00e9n trabaja para garantizar que todos los ciudadanos, -con especial atenci\u00f3n a las personas con alg\u00fan tipo de discapacidad y mayores-, que se relacionen con Diputaci\u00f3n de Ja\u00e9n a trav\u00e9s de los portales webs y sedes electr\u00f3nicas impulsados por la instituci\u00f3n provincial puedan acceder a la informaci\u00f3n y los servicios electr\u00f3nicos en igualdad de condiciones, con independencia de sus circunstancias personales, medios y conocimientos.\u00a0<\/p>\t\t\t\t\t\t\t\t<\/div>\n\t\t\t\t<\/div>\n\t\t\t\t<div class=\"elementor-element elementor-element-3fdc5fd elementor-widget elementor-widget-image\" data-id=\"3fdc5fd\" data-element_type=\"widget\" data-e-type=\"widget\" data-widget_type=\"image.default\">\n\t\t\t\t<div class=\"elementor-widget-container\">\n\t\t\t\t\t\t\t\t\t\t\t\t\t\t\t<img decoding=\"async\" width=\"972\" height=\"1024\" src=\"https:\/\/geolit.es\/iatmatriz\/\/wp-content\/uploads\/2025\/10\/Sello-Accesibilidad-Web-Nota-Negro-Geolit-IAT-972x1024.png\" class=\"attachment-large size-large wp-image-5840\" alt=\"\" srcset=\"https:\/\/geolit.es\/iatmatriz\/\/wp-content\/uploads\/2025\/10\/Sello-Accesibilidad-Web-Nota-Negro-Geolit-IAT-972x1024.png 972w, https:\/\/geolit.es\/iatmatriz\/\/wp-content\/uploads\/2025\/10\/Sello-Accesibilidad-Web-Nota-Negro-Geolit-IAT-285x300.png 285w, https:\/\/geolit.es\/iatmatriz\/\/wp-content\/uploads\/2025\/10\/Sello-Accesibilidad-Web-Nota-Negro-Geolit-IAT-768x809.png 768w, https:\/\/geolit.es\/iatmatriz\/\/wp-content\/uploads\/2025\/10\/Sello-Accesibilidad-Web-Nota-Negro-Geolit-IAT-475x500.png 475w, https:\/\/geolit.es\/iatmatriz\/\/wp-content\/uploads\/2025\/10\/Sello-Accesibilidad-Web-Nota-Negro-Geolit-IAT.png 1018w\" sizes=\"(max-width: 972px) 100vw, 972px\" \/>\t\t\t\t\t\t\t\t\t\t\t\t\t\t\t<\/div>\n\t\t\t\t<\/div>\n\t\t\t\t\t<\/div>\n\t\t<\/div>\n\t\t\t\t\t<\/div>\n\t\t<\/section>\n\t\t\t\t<\/div>\n\t\t","protected":false},"excerpt":{"rendered":"<p>Pol\u00edtica de Accesibilidad Pol\u00edtica de accesibilidad Diputaci\u00f3n Provincial de Ja\u00e9n se ha comprometido a hacer accesibles sus sitios web de conformidad con el Real Decreto 1112\/2018, de 7 de septiembre, sobre accesibilidad de los sitios web y aplicaciones para dispositivos m\u00f3viles del sector p\u00fablico. La presente declaraci\u00f3n de accesibilidad se aplica al sitio web\u00a0https:\/\/geolit.es\/iatmatriz\/ excluyendo [&hellip;]<\/p>\n","protected":false},"author":2,"featured_media":0,"parent":0,"menu_order":0,"comment_status":"closed","ping_status":"closed","template":"elementor_header_footer","meta":{"_acf_changed":false,"site-sidebar-layout":"no-sidebar","site-content-layout":"","ast-site-content-layout":"full-width-container","site-content-style":"unboxed","site-sidebar-style":"unboxed","ast-global-header-display":"","ast-banner-title-visibility":"disabled","ast-main-header-display":"disabled","ast-hfb-above-header-display":"","ast-hfb-below-header-display":"","ast-hfb-mobile-header-display":"disabled","site-post-title":"disabled","ast-breadcrumbs-content":"disabled","ast-featured-img":"disabled","footer-sml-layout":"disabled","ast-disable-related-posts":"","theme-transparent-header-meta":"default","adv-header-id-meta":"","stick-header-meta":"","header-above-stick-meta":"","header-main-stick-meta":"","header-below-stick-meta":"","astra-migrate-meta-layouts":"set","ast-page-background-enabled":"default","ast-page-background-meta":{"desktop":{"background-color":"var(--ast-global-color-4)","background-image":"","background-repeat":"repeat","background-position":"center center","background-size":"auto","background-attachment":"scroll","background-type":"","background-media":"","overlay-type":"","overlay-color":"","overlay-opacity":"","overlay-gradient":""},"tablet":{"background-color":"","background-image":"","background-repeat":"repeat","background-position":"center center","background-size":"auto","background-attachment":"scroll","background-type":"","background-media":"","overlay-type":"","overlay-color":"","overlay-opacity":"","overlay-gradient":""},"mobile":{"background-color":"","background-image":"","background-repeat":"repeat","background-position":"center center","background-size":"auto","background-attachment":"scroll","background-type":"","background-media":"","overlay-type":"","overlay-color":"","overlay-opacity":"","overlay-gradient":""}},"ast-content-background-meta":{"desktop":{"background-color":"var(--ast-global-color-5)","background-image":"","background-repeat":"repeat","background-position":"center center","background-size":"auto","background-attachment":"scroll","background-type":"","background-media":"","overlay-type":"","overlay-color":"","overlay-opacity":"","overlay-gradient":""},"tablet":{"background-color":"var(--ast-global-color-5)","background-image":"","background-repeat":"repeat","background-position":"center center","background-size":"auto","background-attachment":"scroll","background-type":"","background-media":"","overlay-type":"","overlay-color":"","overlay-opacity":"","overlay-gradient":""},"mobile":{"background-color":"var(--ast-global-color-5)","background-image":"","background-repeat":"repeat","background-position":"center center","background-size":"auto","background-attachment":"scroll","background-type":"","background-media":"","overlay-type":"","overlay-color":"","overlay-opacity":"","overlay-gradient":""}},"footnotes":""},"class_list":["post-802","page","type-page","status-publish","hentry"],"acf":[],"_links":{"self":[{"href":"https:\/\/geolit.es\/iatmatriz\/wp-json\/wp\/v2\/pages\/802","targetHints":{"allow":["GET"]}}],"collection":[{"href":"https:\/\/geolit.es\/iatmatriz\/wp-json\/wp\/v2\/pages"}],"about":[{"href":"https:\/\/geolit.es\/iatmatriz\/wp-json\/wp\/v2\/types\/page"}],"author":[{"embeddable":true,"href":"https:\/\/geolit.es\/iatmatriz\/wp-json\/wp\/v2\/users\/2"}],"replies":[{"embeddable":true,"href":"https:\/\/geolit.es\/iatmatriz\/wp-json\/wp\/v2\/comments?post=802"}],"version-history":[{"count":47,"href":"https:\/\/geolit.es\/iatmatriz\/wp-json\/wp\/v2\/pages\/802\/revisions"}],"predecessor-version":[{"id":5843,"href":"https:\/\/geolit.es\/iatmatriz\/wp-json\/wp\/v2\/pages\/802\/revisions\/5843"}],"wp:attachment":[{"href":"https:\/\/geolit.es\/iatmatriz\/wp-json\/wp\/v2\/media?parent=802"}],"curies":[{"name":"wp","href":"https:\/\/api.w.org\/{rel}","templated":true}]}}