{"id":799,"date":"2023-07-05T11:12:31","date_gmt":"2023-07-05T11:12:31","guid":{"rendered":"http:\/\/dev.kayzenemprende.es\/?page_id=799"},"modified":"2023-10-03T06:26:04","modified_gmt":"2023-10-03T06:26:04","slug":"aviso-legal","status":"publish","type":"page","link":"https:\/\/geolit.es\/iatmatriz\/aviso-legal\/","title":{"rendered":"Aviso Legal"},"content":{"rendered":"\t\t<div data-elementor-type=\"wp-page\" data-elementor-id=\"799\" class=\"elementor elementor-799\" data-elementor-post-type=\"page\">\n\t\t\t\t\t\t<section class=\"elementor-section elementor-top-section elementor-element elementor-element-b257ced elementor-section-height-min-height elementor-section-boxed elementor-section-height-default elementor-section-items-middle\" data-id=\"b257ced\" data-element_type=\"section\" data-e-type=\"section\" data-settings=\"{&quot;background_background&quot;:&quot;classic&quot;,&quot;shape_divider_bottom&quot;:&quot;opacity-tilt&quot;}\">\n\t\t\t\t\t\t\t<div class=\"elementor-background-overlay\"><\/div>\n\t\t\t\t\t\t<div class=\"elementor-shape elementor-shape-bottom\" aria-hidden=\"true\" data-negative=\"false\">\n\t\t\t<svg xmlns=\"http:\/\/www.w3.org\/2000\/svg\" viewBox=\"0 0 2600 131.1\" preserveAspectRatio=\"none\">\n\t<path class=\"elementor-shape-fill\" d=\"M0 0L2600 0 2600 69.1 0 0z\"\/>\n\t<path class=\"elementor-shape-fill\" style=\"opacity:0.5\" d=\"M0 0L2600 0 2600 69.1 0 69.1z\"\/>\n\t<path class=\"elementor-shape-fill\" style=\"opacity:0.25\" d=\"M2600 0L0 0 0 130.1 2600 69.1z\"\/>\n<\/svg>\t\t<\/div>\n\t\t\t\t\t<div class=\"elementor-container elementor-column-gap-default\">\n\t\t\t\t\t<div class=\"elementor-column elementor-col-100 elementor-top-column elementor-element elementor-element-9eb5403\" data-id=\"9eb5403\" data-element_type=\"column\" data-e-type=\"column\">\n\t\t\t<div class=\"elementor-widget-wrap elementor-element-populated\">\n\t\t\t\t\t\t<div class=\"elementor-element elementor-element-be6de32 elementor-invisible elementor-widget elementor-widget-heading\" data-id=\"be6de32\" data-element_type=\"widget\" data-e-type=\"widget\" data-settings=\"{&quot;_animation&quot;:&quot;fadeInDown&quot;}\" data-widget_type=\"heading.default\">\n\t\t\t\t<div class=\"elementor-widget-container\">\n\t\t\t\t\t<h1 class=\"elementor-heading-title elementor-size-default\">Aviso legal<\/h1>\t\t\t\t<\/div>\n\t\t\t\t<\/div>\n\t\t\t\t\t<\/div>\n\t\t<\/div>\n\t\t\t\t\t<\/div>\n\t\t<\/section>\n\t\t\t\t<section class=\"elementor-section elementor-top-section elementor-element elementor-element-08b7fb4 elementor-section-boxed elementor-section-height-default elementor-section-height-default\" data-id=\"08b7fb4\" data-element_type=\"section\" data-e-type=\"section\">\n\t\t\t\t\t\t<div class=\"elementor-container elementor-column-gap-default\">\n\t\t\t\t\t<div class=\"elementor-column elementor-col-100 elementor-top-column elementor-element elementor-element-b4f7f56\" data-id=\"b4f7f56\" data-element_type=\"column\" data-e-type=\"column\">\n\t\t\t<div class=\"elementor-widget-wrap elementor-element-populated\">\n\t\t\t\t\t\t<div class=\"elementor-element elementor-element-9f0868c elementor-widget elementor-widget-text-editor\" data-id=\"9f0868c\" data-element_type=\"widget\" data-e-type=\"widget\" data-widget_type=\"text-editor.default\">\n\t\t\t\t<div class=\"elementor-widget-container\">\n\t\t\t\t\t\t\t\t\t<h2>Informaci\u00f3n general en cumplimiento de la normativa de Sociedad de la Informaci\u00f3n y de Protecci\u00f3n de Datos de car\u00e1cter personal<\/h2><h3>Titularidad del sitio web<\/h3><ul><li>Dominio: <a href=\"https:\/\/geolit.es\/iatmatriz\" target=\"_blank\" rel=\"noopener\">geolit.es\/iatmatriz<\/a><\/li><li>Titular: Diputaci\u00f3n Provincial de Ja\u00e9n<\/li><li>Domicilio: Plaza de San Francisco, 2, 23071 Ja\u00e9n<\/li><li>Tel\u00e9fono: 953 276 977<\/li><li>Correo electr\u00f3nico: <a href=\"mailto:geolit@dipujaen.es\">geolit@dipujaen.es<\/a><\/li><\/ul><h3>Condiciones generales de utilizaci\u00f3n<\/h3><h4>1. Limitaciones de uso<\/h4><p>El acceso a este portal tiene car\u00e1cter gratuito y su visualizaci\u00f3n no requiere previa suscripci\u00f3n o registro alguno.<br \/>Los usuarios utilizar\u00e1n la informaci\u00f3n contenida en este portal respetando los derechos de propiedad intelectual de la Diputaci\u00f3n Provincial de Ja\u00e9n.<\/p><p>El usuario no realizar\u00e1 a trav\u00e9s de los servicios que pone a su disposici\u00f3n la Diputaci\u00f3n Provincial de Ja\u00e9n ninguna acci\u00f3n que cause da\u00f1o o alteraciones de los contenidos, ni obstaculizar\u00e1 el buen funcionamiento del sitio web, no causando problemas t\u00e9cnicos de ninguna \u00edndole, no transfiriendo elementos susceptibles de portar virus inform\u00e1ticos o de da\u00f1ar, interferir o interceptar total o parcialmente la presente web, as\u00ed como a no intervenir o alterar el correo electr\u00f3nico de otros usuarios.<\/p><p>En ning\u00fan caso la Diputaci\u00f3n Provincial de Ja\u00e9n ser\u00e1 responsable del uso inadecuado de este portal o de sus contenidos, o de las consecuencias que dicho uso pueda originar.<\/p><h4>2. Limitaci\u00f3n de responsabilidad<\/h4><p>La Diputaci\u00f3n Provincial de Ja\u00e9n no garantiza que sus p\u00e1ginas se encuentren operativas, ni que sus contenidos sean completos, exactos o fiables en todo momento. La Diputaci\u00f3n Provincial de Ja\u00e9n se reserva el derecho a modificar en cualquier momento, sin previo aviso, los contenidos de este sitio web y las<\/p><h5>Condiciones Generales de Acceso.<\/h5><p>En caso de efectuar operaciones de mantenimiento, reparaci\u00f3n, actualizaci\u00f3n o mejora de los servicios, la Diputaci\u00f3n Provincial de Ja\u00e9n tiene el derecho a suspender temporalmente y sin necesidad de preaviso el acceso al presente sitio web, as\u00ed como a reservarse el derecho de prestaci\u00f3n o cancelaci\u00f3n de los servicios, procurando ponerlo en conocimiento de los usuarios, siempre que las circunstancias as\u00ed se lo permitan. De encontrar cualquier error o tener cualquier problema con este sitio le rogamos remita un correo electr\u00f3nico a: <a href=\"mailto:geolit@dipujaen.es\">geolit@dipujaen.es<\/a>.<\/p><p>Diputaci\u00f3n de Ja\u00e9n se excluye cualquier de responsabilidad por los da\u00f1os y perjuicios de cualquier naturaleza que puedan derivarse de la falta de disponibilidad o de continuidad del funcionamiento del sitio web y de sus servicios y la utilidad que los usuarios hubieran podido atribuir al presente sitio web.<\/p><h4>3. Otras condiciones<\/h4><p>Las presentes Condiciones Generales de Utilizaci\u00f3n y todas las relaciones que se establezcan entre el usuario y la Diputaci\u00f3n Provincial de Ja\u00e9n se regir\u00e1n por la legislaci\u00f3n espa\u00f1ola.<\/p><p>La utilizaci\u00f3n del sitio web implica la aceptaci\u00f3n de las anteriores Condiciones Generales de Utilizaci\u00f3n.<\/p>\t\t\t\t\t\t\t\t<\/div>\n\t\t\t\t<\/div>\n\t\t\t\t\t<\/div>\n\t\t<\/div>\n\t\t\t\t\t<\/div>\n\t\t<\/section>\n\t\t\t\t<\/div>\n\t\t","protected":false},"excerpt":{"rendered":"<p>Aviso legal Informaci\u00f3n general en cumplimiento de la normativa de Sociedad de la Informaci\u00f3n y de Protecci\u00f3n de Datos de car\u00e1cter personal Titularidad del sitio web Dominio: geolit.es\/iatmatriz Titular: Diputaci\u00f3n Provincial de Ja\u00e9n Domicilio: Plaza de San Francisco, 2, 23071 Ja\u00e9n Tel\u00e9fono: 953 276 977 Correo electr\u00f3nico: geolit@dipujaen.es Condiciones generales de utilizaci\u00f3n 1. Limitaciones de [&hellip;]<\/p>\n","protected":false},"author":2,"featured_media":0,"parent":0,"menu_order":0,"comment_status":"closed","ping_status":"closed","template":"elementor_header_footer","meta":{"_acf_changed":false,"site-sidebar-layout":"no-sidebar","site-content-layout":"","ast-site-content-layout":"full-width-container","site-content-style":"unboxed","site-sidebar-style":"unboxed","ast-global-header-display":"","ast-banner-title-visibility":"disabled","ast-main-header-display":"disabled","ast-hfb-above-header-display":"","ast-hfb-below-header-display":"","ast-hfb-mobile-header-display":"disabled","site-post-title":"disabled","ast-breadcrumbs-content":"disabled","ast-featured-img":"disabled","footer-sml-layout":"disabled","ast-disable-related-posts":"","theme-transparent-header-meta":"default","adv-header-id-meta":"","stick-header-meta":"","header-above-stick-meta":"","header-main-stick-meta":"","header-below-stick-meta":"","astra-migrate-meta-layouts":"set","ast-page-background-enabled":"default","ast-page-background-meta":{"desktop":{"background-color":"var(--ast-global-color-4)","background-image":"","background-repeat":"repeat","background-position":"center center","background-size":"auto","background-attachment":"scroll","background-type":"","background-media":"","overlay-type":"","overlay-color":"","overlay-opacity":"","overlay-gradient":""},"tablet":{"background-color":"","background-image":"","background-repeat":"repeat","background-position":"center center","background-size":"auto","background-attachment":"scroll","background-type":"","background-media":"","overlay-type":"","overlay-color":"","overlay-opacity":"","overlay-gradient":""},"mobile":{"background-color":"","background-image":"","background-repeat":"repeat","background-position":"center center","background-size":"auto","background-attachment":"scroll","background-type":"","background-media":"","overlay-type":"","overlay-color":"","overlay-opacity":"","overlay-gradient":""}},"ast-content-background-meta":{"desktop":{"background-color":"var(--ast-global-color-5)","background-image":"","background-repeat":"repeat","background-position":"center center","background-size":"auto","background-attachment":"scroll","background-type":"","background-media":"","overlay-type":"","overlay-color":"","overlay-opacity":"","overlay-gradient":""},"tablet":{"background-color":"var(--ast-global-color-5)","background-image":"","background-repeat":"repeat","background-position":"center center","background-size":"auto","background-attachment":"scroll","background-type":"","background-media":"","overlay-type":"","overlay-color":"","overlay-opacity":"","overlay-gradient":""},"mobile":{"background-color":"var(--ast-global-color-5)","background-image":"","background-repeat":"repeat","background-position":"center center","background-size":"auto","background-attachment":"scroll","background-type":"","background-media":"","overlay-type":"","overlay-color":"","overlay-opacity":"","overlay-gradient":""}},"footnotes":""},"class_list":["post-799","page","type-page","status-publish","hentry"],"acf":[],"_links":{"self":[{"href":"https:\/\/geolit.es\/iatmatriz\/wp-json\/wp\/v2\/pages\/799","targetHints":{"allow":["GET"]}}],"collection":[{"href":"https:\/\/geolit.es\/iatmatriz\/wp-json\/wp\/v2\/pages"}],"about":[{"href":"https:\/\/geolit.es\/iatmatriz\/wp-json\/wp\/v2\/types\/page"}],"author":[{"embeddable":true,"href":"https:\/\/geolit.es\/iatmatriz\/wp-json\/wp\/v2\/users\/2"}],"replies":[{"embeddable":true,"href":"https:\/\/geolit.es\/iatmatriz\/wp-json\/wp\/v2\/comments?post=799"}],"version-history":[{"count":56,"href":"https:\/\/geolit.es\/iatmatriz\/wp-json\/wp\/v2\/pages\/799\/revisions"}],"predecessor-version":[{"id":2072,"href":"https:\/\/geolit.es\/iatmatriz\/wp-json\/wp\/v2\/pages\/799\/revisions\/2072"}],"wp:attachment":[{"href":"https:\/\/geolit.es\/iatmatriz\/wp-json\/wp\/v2\/media?parent=799"}],"curies":[{"name":"wp","href":"https:\/\/api.w.org\/{rel}","templated":true}]}}