{"id":2358,"date":"2023-11-02T09:27:32","date_gmt":"2023-11-02T09:27:32","guid":{"rendered":"https:\/\/dev.kayzenemprende.es\/v2\/?page_id=2358"},"modified":"2023-11-02T09:29:58","modified_gmt":"2023-11-02T09:29:58","slug":"politica-de-cookies","status":"publish","type":"page","link":"https:\/\/geolit.es\/iatmatriz\/politica-de-cookies\/","title":{"rendered":"Pol\u00edtica de Cookies"},"content":{"rendered":"\t\t<div data-elementor-type=\"wp-page\" data-elementor-id=\"2358\" class=\"elementor elementor-2358\" data-elementor-post-type=\"page\">\n\t\t\t\t\t\t<section class=\"elementor-section elementor-top-section elementor-element elementor-element-5df6b36 elementor-section-height-min-height elementor-section-boxed elementor-section-height-default elementor-section-items-middle\" data-id=\"5df6b36\" data-element_type=\"section\" data-e-type=\"section\" data-settings=\"{&quot;background_background&quot;:&quot;classic&quot;,&quot;shape_divider_bottom&quot;:&quot;opacity-tilt&quot;}\">\n\t\t\t\t\t\t\t<div class=\"elementor-background-overlay\"><\/div>\n\t\t\t\t\t\t<div class=\"elementor-shape elementor-shape-bottom\" aria-hidden=\"true\" data-negative=\"false\">\n\t\t\t<svg xmlns=\"http:\/\/www.w3.org\/2000\/svg\" viewBox=\"0 0 2600 131.1\" preserveAspectRatio=\"none\">\n\t<path class=\"elementor-shape-fill\" d=\"M0 0L2600 0 2600 69.1 0 0z\"\/>\n\t<path class=\"elementor-shape-fill\" style=\"opacity:0.5\" d=\"M0 0L2600 0 2600 69.1 0 69.1z\"\/>\n\t<path class=\"elementor-shape-fill\" style=\"opacity:0.25\" d=\"M2600 0L0 0 0 130.1 2600 69.1z\"\/>\n<\/svg>\t\t<\/div>\n\t\t\t\t\t<div class=\"elementor-container elementor-column-gap-default\">\n\t\t\t\t\t<div class=\"elementor-column elementor-col-100 elementor-top-column elementor-element elementor-element-d02a354\" data-id=\"d02a354\" data-element_type=\"column\" data-e-type=\"column\">\n\t\t\t<div class=\"elementor-widget-wrap elementor-element-populated\">\n\t\t\t\t\t\t<div class=\"elementor-element elementor-element-996eca2 elementor-invisible elementor-widget elementor-widget-heading\" data-id=\"996eca2\" data-element_type=\"widget\" data-e-type=\"widget\" data-settings=\"{&quot;_animation&quot;:&quot;fadeInDown&quot;}\" data-widget_type=\"heading.default\">\n\t\t\t\t<div class=\"elementor-widget-container\">\n\t\t\t\t\t<h1 class=\"elementor-heading-title elementor-size-default\">Pol\u00edtica de Cookies<\/h1>\t\t\t\t<\/div>\n\t\t\t\t<\/div>\n\t\t\t\t\t<\/div>\n\t\t<\/div>\n\t\t\t\t\t<\/div>\n\t\t<\/section>\n\t\t<div class=\"elementor-element elementor-element-c606095 e-flex e-con-boxed e-con e-parent\" data-id=\"c606095\" data-element_type=\"container\" data-e-type=\"container\">\n\t\t\t\t\t<div class=\"e-con-inner\">\n\t\t\t\t<div class=\"elementor-element elementor-element-ed6f98d elementor-widget elementor-widget-text-editor\" data-id=\"ed6f98d\" data-element_type=\"widget\" data-e-type=\"widget\" data-widget_type=\"text-editor.default\">\n\t\t\t\t<div class=\"elementor-widget-container\">\n\t\t\t\t\t\t\t\t\t<div class=\"elementor-element elementor-element-273f77b elementor-widget elementor-widget-heading\" data-id=\"273f77b\" data-element_type=\"widget\" data-widget_type=\"heading.default\"><div class=\"elementor-widget-container\"><h1 class=\"elementor-heading-title elementor-size-default\">\u00a0<\/h1><\/div><\/div><div class=\"elementor-element elementor-element-de7c5e3 elementor-widget elementor-widget-heading\" data-id=\"de7c5e3\" data-element_type=\"widget\" data-widget_type=\"heading.default\"><div class=\"elementor-widget-container\"><h2 class=\"elementor-heading-title elementor-size-default\">\u00bfQu\u00e9 son las Cookies?<\/h2><\/div><\/div><div class=\"elementor-element elementor-element-9c8b2bd elementor-widget elementor-widget-text-editor\" data-id=\"9c8b2bd\" data-element_type=\"widget\" data-widget_type=\"text-editor.default\"><div class=\"elementor-widget-container\"><p>Las cookies son peque\u00f1os fragmentos de informaci\u00f3n que se generan en un sitio web y se almacenan en el navegador del usuario. Esta informaci\u00f3n se emplea generalmente para consultar la actividad previa del usuario, consultar sus h\u00e1bitos de navegaci\u00f3n (dentro del sitio web d\u00f3nde se genera la cookie) y agilizar\/facilitar as\u00ed ciertas tareas como por ejemplo la autenticaci\u00f3n y seguridad en el sitio.<\/p><\/div><\/div><div class=\"elementor-element elementor-element-5725d31 elementor-widget elementor-widget-heading\" data-id=\"5725d31\" data-element_type=\"widget\" data-widget_type=\"heading.default\"><div class=\"elementor-widget-container\"><h2 class=\"elementor-heading-title elementor-size-default\">\u00bfQu\u00e9 tipo de Cookies usa esta web?<\/h2><\/div><\/div><div class=\"elementor-element elementor-element-faa2a3c elementor-widget elementor-widget-text-editor\" data-id=\"faa2a3c\" data-element_type=\"widget\" data-widget_type=\"text-editor.default\"><div class=\"elementor-widget-container\"><p>En esta web se utilizan los siguientes tipos:<\/p><ul><li><strong>Cookies t\u00e9cnicas:\u00a0<\/strong>son aqu\u00e9llas que permiten al usuario la navegaci\u00f3n a trav\u00e9s de la p\u00e1gina web o aplicaci\u00f3n y la utilizaci\u00f3n de las diferentes opciones o servicios que en ella existen. Por ejemplo, controlar el tr\u00e1fico y la comunicaci\u00f3n de datos, identificar la sesi\u00f3n, acceder a los contenidos y secciones de acceso restringido, realizar una solicitud de inscripci\u00f3n, etc. Si se deshabilitan las cookies no se podr\u00e1 acceder a estas secciones. Una vez finalizada la sesi\u00f3n, pueden ser eliminadas sin problema.<\/li><li><strong>Cookies de an\u00e1lisis:<\/strong>\u00a0se utilizan para medir y analizar la navegaci\u00f3n de los usuarios con idea de mejorar los contenidos y servicios prestados. No se obtiene informaci\u00f3n personal del usuario, s\u00f3lo informaci\u00f3n an\u00f3nima\u00a0de car\u00e1cter estad\u00edstico tales como el n\u00famero de usuarios, n\u00famero de p\u00e1ginas visitadas, frecuencia y repetici\u00f3n de las visitas, duraci\u00f3n, navegador utilizado, operador, idioma de navegaci\u00f3n o la direcci\u00f3n IP de origen del equipo. Esta p\u00e1gina web utiliza Google Analytics, un servicio de anal\u00edtica web desarrollado por Google. Si se deshabilitan las cookies, no se realizar\u00e1 ning\u00fan an\u00e1lisis estad\u00edstico de dichos datos.<\/li><li><strong>Cookies de terceros:<\/strong>\u00a0se emplean para proporcionar servicios de terceros dentro de la p\u00e1gina web. Esta web hace uso de los servicios a terceros de redes sociales como Facebook o Twitter entre otras para publicar en ellas contenido directamente desde la p\u00e1gina web.<\/li><\/ul><p>En ninguna de las cookies anteriores se almacena informaci\u00f3n que permita identificar al usuario, tal como nombres, apellidos o direcci\u00f3n de correo electr\u00f3nico o postal, ni se utilizan para obtener o acceder ning\u00fan tipo de informaci\u00f3n personal del usuario.<\/p><\/div><\/div><div class=\"elementor-element elementor-element-87f3594 elementor-widget elementor-widget-heading\" data-id=\"87f3594\" data-element_type=\"widget\" data-widget_type=\"heading.default\"><div class=\"elementor-widget-container\"><h2 class=\"elementor-heading-title elementor-size-default\">\u00bfC\u00f3mo puedo impedir que se usen las Cookies?<\/h2><\/div><\/div><div class=\"elementor-element elementor-element-1e2dd0a elementor-widget elementor-widget-text-editor\" data-id=\"1e2dd0a\" data-element_type=\"widget\" data-widget_type=\"text-editor.default\"><div class=\"elementor-widget-container\"><p>Se puede configurar el navegador del usuario para que no utilice cookies o que informe cuando se instale alguna en el equipo. Esta configuraci\u00f3n depende del navegador y ser\u00e1 necesario consultar la informaci\u00f3n espec\u00edfica del mismo para saber c\u00f3mo autorizar, bloquear o eliminarlas del navegador. A continuaci\u00f3n presentamos enlaces a las p\u00e1ginas de ayuda sobre la gesti\u00f3n de cookies de los principales navegadores:<\/p><\/div><\/div><div class=\"elementor-element elementor-element-a4b780a elementor-icon-list--layout-traditional elementor-list-item-link-full_width elementor-widget elementor-widget-icon-list\" data-id=\"a4b780a\" data-element_type=\"widget\" data-widget_type=\"icon-list.default\"><div class=\"elementor-widget-container\"><ul class=\"elementor-icon-list-items\"><li class=\"elementor-icon-list-item\"><a title=\"Este enlace se abrir\u00e1 en una nueva ventana\" href=\"https:\/\/support.microsoft.com\/es-es\/windows\/eliminar-y-administrar-cookies-168dab11-0753-043d-7c16-ede5947fc64d\" target=\"_blank\" rel=\"noopener\"><i class=\"fas fa-external-link-square-alt\" aria-hidden=\"true\"><\/i><span class=\"elementor-icon-list-text\">Internet Explorer<\/span><\/a><\/li><li class=\"elementor-icon-list-item\"><a title=\"Este enlace se abrir\u00e1 en una nueva ventana\" href=\"https:\/\/support.google.com\/chrome\/answer\/95647?co=GENIE.Platform%3DDesktop&amp;hl=es\" target=\"_blank\" rel=\"noopener\"><i class=\"fas fa-external-link-square-alt\" aria-hidden=\"true\"><\/i><span class=\"elementor-icon-list-text\">Google Chrome<\/span><\/a><\/li><li class=\"elementor-icon-list-item\"><a title=\"Este enlace se abrir\u00e1 en una nueva ventana\" href=\"https:\/\/support.mozilla.org\/es\/kb\/habilitar-y-deshabilitar-cookies-sitios-web-rastrear-preferencias\" target=\"_blank\" rel=\"noopener\"><i class=\"fas fa-external-link-square-alt\" aria-hidden=\"true\"><\/i><span class=\"elementor-icon-list-text\">Mozilla Firefox<\/span><\/a><\/li><li class=\"elementor-icon-list-item\"><a title=\"Este enlace se abrir\u00e1 en una nueva ventana\" href=\"https:\/\/support.apple.com\/kb\/ph21411?locale=es_ES\" target=\"_blank\" rel=\"noopener\"><i class=\"fas fa-external-link-square-alt\" aria-hidden=\"true\"><\/i><span class=\"elementor-icon-list-text\">Safari<\/span><\/a><\/li><li class=\"elementor-icon-list-item\"><a title=\"Este enlace se abrir\u00e1 en una nueva ventana\" href=\"https:\/\/help.opera.com\/en\/latest\/web-preferences\/#cookies\" target=\"_blank\" rel=\"noopener\"><i class=\"fas fa-external-link-square-alt\" aria-hidden=\"true\"><\/i><span class=\"elementor-icon-list-text\">Opera<\/span><\/a><\/li><\/ul><\/div><\/div>\t\t\t\t\t\t\t\t<\/div>\n\t\t\t\t<\/div>\n\t\t\t\t\t<\/div>\n\t\t\t\t<\/div>\n\t\t\t\t<\/div>\n\t\t","protected":false},"excerpt":{"rendered":"<p>Pol\u00edtica de Cookies \u00a0 \u00bfQu\u00e9 son las Cookies? Las cookies son peque\u00f1os fragmentos de informaci\u00f3n que se generan en un sitio web y se almacenan en el navegador del usuario. Esta informaci\u00f3n se emplea generalmente para consultar la actividad previa del usuario, consultar sus h\u00e1bitos de navegaci\u00f3n (dentro del sitio web d\u00f3nde se genera la [&hellip;]<\/p>\n","protected":false},"author":2,"featured_media":0,"parent":0,"menu_order":0,"comment_status":"closed","ping_status":"closed","template":"","meta":{"_acf_changed":false,"site-sidebar-layout":"no-sidebar","site-content-layout":"","ast-site-content-layout":"full-width-container","site-content-style":"default","site-sidebar-style":"default","ast-global-header-display":"","ast-banner-title-visibility":"","ast-main-header-display":"","ast-hfb-above-header-display":"","ast-hfb-below-header-display":"","ast-hfb-mobile-header-display":"","site-post-title":"disabled","ast-breadcrumbs-content":"","ast-featured-img":"disabled","footer-sml-layout":"","ast-disable-related-posts":"","theme-transparent-header-meta":"default","adv-header-id-meta":"","stick-header-meta":"","header-above-stick-meta":"","header-main-stick-meta":"","header-below-stick-meta":"","astra-migrate-meta-layouts":"set","ast-page-background-enabled":"default","ast-page-background-meta":{"desktop":{"background-color":"var(--ast-global-color-4)","background-image":"","background-repeat":"repeat","background-position":"center center","background-size":"auto","background-attachment":"scroll","background-type":"","background-media":"","overlay-type":"","overlay-color":"","overlay-opacity":"","overlay-gradient":""},"tablet":{"background-color":"","background-image":"","background-repeat":"repeat","background-position":"center center","background-size":"auto","background-attachment":"scroll","background-type":"","background-media":"","overlay-type":"","overlay-color":"","overlay-opacity":"","overlay-gradient":""},"mobile":{"background-color":"","background-image":"","background-repeat":"repeat","background-position":"center center","background-size":"auto","background-attachment":"scroll","background-type":"","background-media":"","overlay-type":"","overlay-color":"","overlay-opacity":"","overlay-gradient":""}},"ast-content-background-meta":{"desktop":{"background-color":"var(--ast-global-color-5)","background-image":"","background-repeat":"repeat","background-position":"center center","background-size":"auto","background-attachment":"scroll","background-type":"","background-media":"","overlay-type":"","overlay-color":"","overlay-opacity":"","overlay-gradient":""},"tablet":{"background-color":"var(--ast-global-color-5)","background-image":"","background-repeat":"repeat","background-position":"center center","background-size":"auto","background-attachment":"scroll","background-type":"","background-media":"","overlay-type":"","overlay-color":"","overlay-opacity":"","overlay-gradient":""},"mobile":{"background-color":"var(--ast-global-color-5)","background-image":"","background-repeat":"repeat","background-position":"center center","background-size":"auto","background-attachment":"scroll","background-type":"","background-media":"","overlay-type":"","overlay-color":"","overlay-opacity":"","overlay-gradient":""}},"footnotes":""},"class_list":["post-2358","page","type-page","status-publish","hentry"],"acf":[],"_links":{"self":[{"href":"https:\/\/geolit.es\/iatmatriz\/wp-json\/wp\/v2\/pages\/2358","targetHints":{"allow":["GET"]}}],"collection":[{"href":"https:\/\/geolit.es\/iatmatriz\/wp-json\/wp\/v2\/pages"}],"about":[{"href":"https:\/\/geolit.es\/iatmatriz\/wp-json\/wp\/v2\/types\/page"}],"author":[{"embeddable":true,"href":"https:\/\/geolit.es\/iatmatriz\/wp-json\/wp\/v2\/users\/2"}],"replies":[{"embeddable":true,"href":"https:\/\/geolit.es\/iatmatriz\/wp-json\/wp\/v2\/comments?post=2358"}],"version-history":[{"count":4,"href":"https:\/\/geolit.es\/iatmatriz\/wp-json\/wp\/v2\/pages\/2358\/revisions"}],"predecessor-version":[{"id":2363,"href":"https:\/\/geolit.es\/iatmatriz\/wp-json\/wp\/v2\/pages\/2358\/revisions\/2363"}],"wp:attachment":[{"href":"https:\/\/geolit.es\/iatmatriz\/wp-json\/wp\/v2\/media?parent=2358"}],"curies":[{"name":"wp","href":"https:\/\/api.w.org\/{rel}","templated":true}]}}