{"id":2281,"date":"2023-10-30T12:47:40","date_gmt":"2023-10-30T12:47:40","guid":{"rendered":"https:\/\/dev.kayzenemprende.es\/v2\/?page_id=2281"},"modified":"2023-11-06T12:26:25","modified_gmt":"2023-11-06T12:26:25","slug":"formulario-de-suscripcion","status":"publish","type":"page","link":"https:\/\/geolit.es\/iatmatriz\/formulario-de-suscripcion\/","title":{"rendered":"Formulario de suscripci\u00f3n"},"content":{"rendered":"\t\t<div data-elementor-type=\"wp-page\" data-elementor-id=\"2281\" class=\"elementor elementor-2281\" data-elementor-post-type=\"page\">\n\t\t\t\t<div class=\"elementor-element elementor-element-90d9883 e-flex e-con-boxed e-con e-parent\" data-id=\"90d9883\" data-element_type=\"container\" data-e-type=\"container\">\n\t\t\t\t\t<div class=\"e-con-inner\">\n\t\t<div class=\"elementor-element elementor-element-0b8dacf e-con-full e-flex e-con e-child\" data-id=\"0b8dacf\" data-element_type=\"container\" data-e-type=\"container\">\n\t\t<div class=\"elementor-element elementor-element-8e13b22 e-con-full e-flex e-con e-child\" data-id=\"8e13b22\" data-element_type=\"container\" data-e-type=\"container\">\n\t\t<div class=\"elementor-element elementor-element-a8cfb65 e-con-full e-flex e-con e-child\" data-id=\"a8cfb65\" data-element_type=\"container\" data-e-type=\"container\">\n\t\t\t\t<div class=\"elementor-element elementor-element-cb649dd elementor-widget elementor-widget-heading\" data-id=\"cb649dd\" data-element_type=\"widget\" data-e-type=\"widget\" data-widget_type=\"heading.default\">\n\t\t\t\t<div class=\"elementor-widget-container\">\n\t\t\t\t\t<h2 class=\"elementor-heading-title elementor-size-default\">INFORMACI\u00d3N ADICIONAL SOBRE PROTECCI\u00d3N DE DATOS<\/h2>\t\t\t\t<\/div>\n\t\t\t\t<\/div>\n\t\t\t\t<\/div>\n\t\t\t\t<\/div>\n\t\t\t\t<\/div>\n\t\t<div class=\"elementor-element elementor-element-199af0f e-con-full e-flex e-con e-child\" data-id=\"199af0f\" data-element_type=\"container\" data-e-type=\"container\">\n\t\t<div class=\"elementor-element elementor-element-0689efa e-con-full e-flex e-con e-child\" data-id=\"0689efa\" data-element_type=\"container\" data-e-type=\"container\">\n\t\t<div class=\"elementor-element elementor-element-ad32d96 e-con-full e-flex e-con e-child\" data-id=\"ad32d96\" data-element_type=\"container\" data-e-type=\"container\">\n\t\t\t\t<div class=\"elementor-element elementor-element-cdc414c elementor-widget elementor-widget-heading\" data-id=\"cdc414c\" data-element_type=\"widget\" data-e-type=\"widget\" data-widget_type=\"heading.default\">\n\t\t\t\t<div class=\"elementor-widget-container\">\n\t\t\t\t\t<h2 class=\"elementor-heading-title elementor-size-default\">RESPONSABLE<\/h2>\t\t\t\t<\/div>\n\t\t\t\t<\/div>\n\t\t\t\t<\/div>\n\t\t\t\t<\/div>\n\t\t<div class=\"elementor-element elementor-element-e914791 e-con-full e-flex e-con e-child\" data-id=\"e914791\" data-element_type=\"container\" data-e-type=\"container\">\n\t\t<div class=\"elementor-element elementor-element-598760f e-con-full e-flex e-con e-child\" data-id=\"598760f\" data-element_type=\"container\" data-e-type=\"container\">\n\t\t\t\t<div class=\"elementor-element elementor-element-73665b8 elementor-widget elementor-widget-text-editor\" data-id=\"73665b8\" data-element_type=\"widget\" data-e-type=\"widget\" data-widget_type=\"text-editor.default\">\n\t\t\t\t<div class=\"elementor-widget-container\">\n\t\t\t\t\t\t\t\t\tEl Responsable del Tratamiento es la Diputaci\u00f3n Provincial de Ja\u00e9n, Plaza de San Francisco s\/n 23071 \u2013 Ja\u00e9n, siendo el representante su Presidente. Conforme a lo dispuesto en el art\u00edculo 37 del REGLAMENTO (UE) 2016\/679 DEL PARLAMENTO EUROPEO Y DEL CONSEJO de 27 de abril de 2016, se ha designado al \u00f3rgano de esta Diputaci\u00f3n Provincial: Secretar\u00eda General, como Delegado de Protecci\u00f3n de Datos. Para el ejercicio de los derechos previstos en el mismo, el interesado podr\u00e1 presentar el formulario correspondiente que aparece en el ep\u00edgrafe \u201cProtecci\u00f3n de datos\u201d al pie de la web de la Sede Electr\u00f3nica de la Diputaci\u00f3n Provincial de Ja\u00e9n o mediante la remisi\u00f3n del mismo a trav\u00e9s de la direcci\u00f3n de\ncorreo electr\u00f3nico: dpd@dipujaen.es (esta direcci\u00f3n de correo electr\u00f3nico estar\u00e1 disponible, exclusivamente, para consultas\nrelacionadas con la protecci\u00f3n de datos personales).\t\t\t\t\t\t\t\t<\/div>\n\t\t\t\t<\/div>\n\t\t\t\t<\/div>\n\t\t\t\t<\/div>\n\t\t\t\t<\/div>\n\t\t<div class=\"elementor-element elementor-element-181fe46 e-con-full e-flex e-con e-child\" data-id=\"181fe46\" data-element_type=\"container\" data-e-type=\"container\">\n\t\t<div class=\"elementor-element elementor-element-3939f0a e-con-full e-flex e-con e-child\" data-id=\"3939f0a\" data-element_type=\"container\" data-e-type=\"container\">\n\t\t<div class=\"elementor-element elementor-element-c7019dc e-con-full e-flex e-con e-child\" data-id=\"c7019dc\" data-element_type=\"container\" data-e-type=\"container\">\n\t\t\t\t<div class=\"elementor-element elementor-element-16ba13d elementor-widget elementor-widget-heading\" data-id=\"16ba13d\" data-element_type=\"widget\" data-e-type=\"widget\" data-widget_type=\"heading.default\">\n\t\t\t\t<div class=\"elementor-widget-container\">\n\t\t\t\t\t<h2 class=\"elementor-heading-title elementor-size-default\">finalidad del tratamiento<\/h2>\t\t\t\t<\/div>\n\t\t\t\t<\/div>\n\t\t\t\t<\/div>\n\t\t\t\t<\/div>\n\t\t<div class=\"elementor-element elementor-element-2ec44df e-con-full e-flex e-con e-child\" data-id=\"2ec44df\" data-element_type=\"container\" data-e-type=\"container\">\n\t\t<div class=\"elementor-element elementor-element-d0b8e7d e-con-full e-flex e-con e-child\" data-id=\"d0b8e7d\" data-element_type=\"container\" data-e-type=\"container\">\n\t\t\t\t<div class=\"elementor-element elementor-element-cfae4e6 elementor-widget elementor-widget-text-editor\" data-id=\"cfae4e6\" data-element_type=\"widget\" data-e-type=\"widget\" data-widget_type=\"text-editor.default\">\n\t\t\t\t<div class=\"elementor-widget-container\">\n\t\t\t\t\t\t\t\t\tLa finalidad del tratamiento es tramitar la solicitud de suscripci\u00f3n al newslatter de la Incubadora de Alta Tecnolog\u00eda para la Transici\u00f3n Verde y Digital.<br>\n<br>Los datos se conservar\u00e1n durante el tiempo que sea necesario para cumplir con la finalidad para la que se recabaron y, en su caso, para determinar las posibles responsabilidades que se pudieran derivar de dicha finalidad y del tratamiento de los datos. Ser\u00e1 de aplicaci\u00f3n lo dispuesto en la normativa de archivos y documentaci\u00f3n.\n\t\t\t\t\t\t\t\t<\/div>\n\t\t\t\t<\/div>\n\t\t\t\t<\/div>\n\t\t\t\t<\/div>\n\t\t\t\t<\/div>\n\t\t<div class=\"elementor-element elementor-element-e84313e e-con-full e-flex e-con e-child\" data-id=\"e84313e\" data-element_type=\"container\" data-e-type=\"container\">\n\t\t<div class=\"elementor-element elementor-element-5fb812f e-con-full e-flex e-con e-child\" data-id=\"5fb812f\" data-element_type=\"container\" data-e-type=\"container\">\n\t\t<div class=\"elementor-element elementor-element-c0114ce e-con-full e-flex e-con e-child\" data-id=\"c0114ce\" data-element_type=\"container\" data-e-type=\"container\">\n\t\t\t\t<div class=\"elementor-element elementor-element-87a8cc3 elementor-widget elementor-widget-heading\" data-id=\"87a8cc3\" data-element_type=\"widget\" data-e-type=\"widget\" data-widget_type=\"heading.default\">\n\t\t\t\t<div class=\"elementor-widget-container\">\n\t\t\t\t\t<h2 class=\"elementor-heading-title elementor-size-default\">Legitimaci\u00f3n<\/h2>\t\t\t\t<\/div>\n\t\t\t\t<\/div>\n\t\t\t\t<\/div>\n\t\t\t\t<\/div>\n\t\t<div class=\"elementor-element elementor-element-a07ab9c e-con-full e-flex e-con e-child\" data-id=\"a07ab9c\" data-element_type=\"container\" data-e-type=\"container\">\n\t\t<div class=\"elementor-element elementor-element-e234398 e-con-full e-flex e-con e-child\" data-id=\"e234398\" data-element_type=\"container\" data-e-type=\"container\">\n\t\t\t\t<div class=\"elementor-element elementor-element-a9dbb5d elementor-widget elementor-widget-text-editor\" data-id=\"a9dbb5d\" data-element_type=\"widget\" data-e-type=\"widget\" data-widget_type=\"text-editor.default\">\n\t\t\t\t<div class=\"elementor-widget-container\">\n\t\t\t\t\t\t\t\t\tConforme a lo previsto en el art\u00edculo 6.1 del REGLAMENTO (UE) 2016\/679 DEL PARLAMENTO EUROPEO Y DEL CONSEJO de 27 de abril de 2016 y en el art\u00edculo 6 de la Ley org\u00e1nica 3\/2018, de 5 de diciembre, de Protecci\u00f3n de Datos Personales y garant\u00eda de los derechos digitales. El tratamiento encuentra su base de legitimaci\u00f3n en:<br>\n<br>a) el interesado dio su consentimiento para el tratamiento de sus\ndatos personales para esta finalidad.<br>\n<br>El interesado da su consentimiento expreso a facilitar los datos a\nque se refiere el presente formulario para que la Diputaci\u00f3n Provincial de Ja\u00e9n pueda tramitar la solicitud de acceso a la Incubadora de Alta Tecnolog\u00eda para la Transici\u00f3n Verde y Digital.\t\t\t\t\t\t\t\t<\/div>\n\t\t\t\t<\/div>\n\t\t\t\t<\/div>\n\t\t\t\t<\/div>\n\t\t\t\t<\/div>\n\t\t<div class=\"elementor-element elementor-element-6244f45 e-con-full e-flex e-con e-child\" data-id=\"6244f45\" data-element_type=\"container\" data-e-type=\"container\">\n\t\t<div class=\"elementor-element elementor-element-67b2e75 e-con-full e-flex e-con e-child\" data-id=\"67b2e75\" data-element_type=\"container\" data-e-type=\"container\">\n\t\t<div class=\"elementor-element elementor-element-d53229a e-con-full e-flex e-con e-child\" data-id=\"d53229a\" data-element_type=\"container\" data-e-type=\"container\">\n\t\t\t\t<div class=\"elementor-element elementor-element-d5c78ac elementor-widget elementor-widget-heading\" data-id=\"d5c78ac\" data-element_type=\"widget\" data-e-type=\"widget\" data-widget_type=\"heading.default\">\n\t\t\t\t<div class=\"elementor-widget-container\">\n\t\t\t\t\t<h2 class=\"elementor-heading-title elementor-size-default\">Destinatarios de cesiones<\/h2>\t\t\t\t<\/div>\n\t\t\t\t<\/div>\n\t\t\t\t<\/div>\n\t\t\t\t<\/div>\n\t\t<div class=\"elementor-element elementor-element-ad94bf5 e-con-full e-flex e-con e-child\" data-id=\"ad94bf5\" data-element_type=\"container\" data-e-type=\"container\">\n\t\t<div class=\"elementor-element elementor-element-0f0a7ae e-con-full e-flex e-con e-child\" data-id=\"0f0a7ae\" data-element_type=\"container\" data-e-type=\"container\">\n\t\t\t\t<div class=\"elementor-element elementor-element-ee338a9 elementor-widget elementor-widget-text-editor\" data-id=\"ee338a9\" data-element_type=\"widget\" data-e-type=\"widget\" data-widget_type=\"text-editor.default\">\n\t\t\t\t<div class=\"elementor-widget-container\">\n\t\t\t\t\t\t\t\t\tLos datos se ceder\u00e1n a la Fundaci\u00f3n Instituto Cameral para la Creaci\u00f3n y Desarrollo de la Empresa (FUNDACI\u00d3N INCYDE) como\nentidad financiadora del Programa, as\u00ed como a los Organismos correspondientes de gesti\u00f3n y control de los Fondos Europeos FEDER Programa Operativo 2014-2020.<br>\nSe prev\u00e9n transferencias internacionales de datos dentro de la Uni\u00f3n Europea.\t\t\t\t\t\t\t\t<\/div>\n\t\t\t\t<\/div>\n\t\t\t\t<\/div>\n\t\t\t\t<\/div>\n\t\t\t\t<\/div>\n\t\t<div class=\"elementor-element elementor-element-b8aaa8b e-con-full e-flex e-con e-child\" data-id=\"b8aaa8b\" data-element_type=\"container\" data-e-type=\"container\">\n\t\t<div class=\"elementor-element elementor-element-629e386 e-con-full e-flex e-con e-child\" data-id=\"629e386\" data-element_type=\"container\" data-e-type=\"container\">\n\t\t<div class=\"elementor-element elementor-element-2fc995e e-con-full e-flex e-con e-child\" data-id=\"2fc995e\" data-element_type=\"container\" data-e-type=\"container\">\n\t\t\t\t<div class=\"elementor-element elementor-element-730aa87 elementor-widget elementor-widget-heading\" data-id=\"730aa87\" data-element_type=\"widget\" data-e-type=\"widget\" data-widget_type=\"heading.default\">\n\t\t\t\t<div class=\"elementor-widget-container\">\n\t\t\t\t\t<h2 class=\"elementor-heading-title elementor-size-default\">Derechos<\/h2>\t\t\t\t<\/div>\n\t\t\t\t<\/div>\n\t\t\t\t<\/div>\n\t\t\t\t<\/div>\n\t\t<div class=\"elementor-element elementor-element-d9cd370 e-con-full e-flex e-con e-child\" data-id=\"d9cd370\" data-element_type=\"container\" data-e-type=\"container\">\n\t\t<div class=\"elementor-element elementor-element-724323b e-con-full e-flex e-con e-child\" data-id=\"724323b\" data-element_type=\"container\" data-e-type=\"container\">\n\t\t\t\t<div class=\"elementor-element elementor-element-8d67704 elementor-widget elementor-widget-text-editor\" data-id=\"8d67704\" data-element_type=\"widget\" data-e-type=\"widget\" data-widget_type=\"text-editor.default\">\n\t\t\t\t<div class=\"elementor-widget-container\">\n\t\t\t\t\t\t\t\t\tEn cualquier momento el interesado podr\u00e1 ejercer los derechos recogidos en los art\u00edculos 15 y siguientes del Reglamento (UE) 2016\/679, de 27 de abril de 2016, s\u00ed como los se\u00f1alados en el art\u00edculo 12 y siguientes de la Ley Org\u00e1nica 3\/2018, de 5 de diciembre, de Protecci\u00f3n de Datos Personales y garant\u00eda de los derechos digitales, mediante la presentaci\u00f3n de escrito en el Registro Electr\u00f3nico General. Estos derechos son los que a\ncontinuaci\u00f3n se indican:<br>\n<br>Derecho a obtener del responsable del tratamiento confirmaci\u00f3n de si se est\u00e1n o no tratando datos personales que le conciernen y, en tal caso derecho de acceso a los mismos y, a la siguiente\ninformaci\u00f3n: los fines del tratamiento, categor\u00edas de datos personales que se traten y de las posibles comunicaciones de datos\ny sus destinatarios. De ser posible, ser informado del plazo de conservaci\u00f3n de sus datos. De no ser posible, los criterios para determinar este plazo.<br>\n<br>Derecho a retirar el consentimiento en cualquier momento, sin que\nello afecte a la licitud del tratamiento basado en el consentimiento\nprevio a su retirada tal y conforme dispone el art\u00edculo 13.2 c) del\nRGPD.<br>\n<br>Derecho a obtener sin dilaci\u00f3n indebida la rectificaci\u00f3n de los datos\npersonales inexactos que le conciernan y, en caso de ser\nincompletos a que se completen, inclusive mediante una declaraci\u00f3n\nadicional.<br>\n<br>Derecho de supresi\u00f3n de los datos personales sin dilaci\u00f3n indebida\nen los supuestos contemplados en el art\u00edculo 17, salvo las\nexcepciones recogidas en el mismo.<br>\n<br>Derecho a la limitaci\u00f3n del tratamiento, que comprende: El derecho\na solicitar la suspensi\u00f3n del tratamiento cuando; 1. Se impugne la exactitud de los datos, mientras se verifica dicha exactitud por el responsable. 2. El interesado ha ejercitado su derecho de oposici\u00f3n, mientras se verifica si los motivos leg\u00edtimos del responsable prevalecen sobre el afectado. El derecho a solicitar la conservaci\u00f3n de los datos personales cuando; 1. El tratamiento sea il\u00edcito y el afectado se oponga a la supresi\u00f3n de sus datos y solicite en su lugar la limitaci\u00f3n de su uso. 2. El responsable ya no necesita los datos para los fines del tratamiento pero el afectado si los necesita para la formulaci\u00f3n, ejercicio o defensa de reclamaciones.<br>\n<br>Derecho a la portabilidad de sus datos, es decir, derecho a recibir los datos personales que le incumban y que haya facilitado al\nresponsable del tratamiento, en un formato estructurado, de uso com\u00fan y lectura mec\u00e1nica y, a transmitirlos a otro responsable del tratamiento sin que pueda impedirlo el responsable al que se los\nhubiera facilitado en los casos que dispone el art\u00edculo 20, siempre y cuando no afecte negativamente a los derechos y libertades de\notros.<br>\n<br>Derecho a oponerse en cualquier momento, por motivos\nrelacionados con su situaci\u00f3n particular y personal, a que datos personales que le conciernan sean objeto de tratamiento salvo que se acredite un inter\u00e9s leg\u00edtimo o, sea necesario para el ejercicio o defensa de reclamaciones. Derecho a oponerse al tratamiento cuando este tenga por objeto la mercadotecnia directa.<br>\n<br>Recibida la solicitud de cualquiera de las actuaciones anteriores, la Diputaci\u00f3n de Ja\u00e9n responder\u00e1 en el plazo de un mes a partir de la recepci\u00f3n de la misma. No obstante, dicho plazo podr\u00e1 ampliarse otros dos meses en caso necesario, teniendo en cuenta la complejidad y el n\u00famero de solicitudes. En este caso, se informar\u00e1 al ciudadano de la citada pr\u00f3rroga en el plazo de un mes a partir de la recepci\u00f3n de la solicitud, indicando los motivos de la dilaci\u00f3n. Si el ciudadano presentase la solicitud por medios electr\u00f3nicos, la\ninformaci\u00f3n se facilitar\u00e1 por medios electr\u00f3nicos cuando sea\nposible, a menos que este solicite que se facilite por otro medio.<br>\n<br>En caso de considerar vulnerado su derecho a la protecci\u00f3n de datos personales, podr\u00e1 interponer una reclamaci\u00f3n ante el Consejo de Transparencia y Protecci\u00f3n de Datos de Andaluc\u00eda\n<a href=\"https:\/\/www.ctpdandalucia.es\/\" rel=\"noopener\" target=\"_blank\">https:\/\/www.ctpdandalucia.es\/<\/a>\t\t\t\t\t\t\t\t<\/div>\n\t\t\t\t<\/div>\n\t\t\t\t<\/div>\n\t\t\t\t<\/div>\n\t\t\t\t<\/div>\n\t\t\t\t\t<\/div>\n\t\t\t\t<\/div>\n\t\t\t\t<\/div>\n\t\t","protected":false},"excerpt":{"rendered":"<p>INFORMACI\u00d3N ADICIONAL SOBRE PROTECCI\u00d3N DE DATOS RESPONSABLE El Responsable del Tratamiento es la Diputaci\u00f3n Provincial de Ja\u00e9n, Plaza de San Francisco s\/n 23071 \u2013 Ja\u00e9n, siendo el representante su Presidente. Conforme a lo dispuesto en el art\u00edculo 37 del REGLAMENTO (UE) 2016\/679 DEL PARLAMENTO EUROPEO Y DEL CONSEJO de 27 de abril de 2016, se [&hellip;]<\/p>\n","protected":false},"author":2,"featured_media":0,"parent":0,"menu_order":0,"comment_status":"closed","ping_status":"closed","template":"elementor_header_footer","meta":{"_acf_changed":false,"site-sidebar-layout":"no-sidebar","site-content-layout":"","ast-site-content-layout":"full-width-container","site-content-style":"unboxed","site-sidebar-style":"unboxed","ast-global-header-display":"","ast-banner-title-visibility":"disabled","ast-main-header-display":"disabled","ast-hfb-above-header-display":"","ast-hfb-below-header-display":"","ast-hfb-mobile-header-display":"disabled","site-post-title":"disabled","ast-breadcrumbs-content":"disabled","ast-featured-img":"disabled","footer-sml-layout":"disabled","ast-disable-related-posts":"","theme-transparent-header-meta":"default","adv-header-id-meta":"","stick-header-meta":"","header-above-stick-meta":"","header-main-stick-meta":"","header-below-stick-meta":"","astra-migrate-meta-layouts":"set","ast-page-background-enabled":"default","ast-page-background-meta":{"desktop":{"background-color":"var(--ast-global-color-4)","background-image":"","background-repeat":"repeat","background-position":"center center","background-size":"auto","background-attachment":"scroll","background-type":"","background-media":"","overlay-type":"","overlay-color":"","overlay-opacity":"","overlay-gradient":""},"tablet":{"background-color":"","background-image":"","background-repeat":"repeat","background-position":"center center","background-size":"auto","background-attachment":"scroll","background-type":"","background-media":"","overlay-type":"","overlay-color":"","overlay-opacity":"","overlay-gradient":""},"mobile":{"background-color":"","background-image":"","background-repeat":"repeat","background-position":"center center","background-size":"auto","background-attachment":"scroll","background-type":"","background-media":"","overlay-type":"","overlay-color":"","overlay-opacity":"","overlay-gradient":""}},"ast-content-background-meta":{"desktop":{"background-color":"var(--ast-global-color-5)","background-image":"","background-repeat":"repeat","background-position":"center center","background-size":"auto","background-attachment":"scroll","background-type":"","background-media":"","overlay-type":"","overlay-color":"","overlay-opacity":"","overlay-gradient":""},"tablet":{"background-color":"var(--ast-global-color-5)","background-image":"","background-repeat":"repeat","background-position":"center center","background-size":"auto","background-attachment":"scroll","background-type":"","background-media":"","overlay-type":"","overlay-color":"","overlay-opacity":"","overlay-gradient":""},"mobile":{"background-color":"var(--ast-global-color-5)","background-image":"","background-repeat":"repeat","background-position":"center center","background-size":"auto","background-attachment":"scroll","background-type":"","background-media":"","overlay-type":"","overlay-color":"","overlay-opacity":"","overlay-gradient":""}},"footnotes":""},"class_list":["post-2281","page","type-page","status-publish","hentry"],"acf":[],"_links":{"self":[{"href":"https:\/\/geolit.es\/iatmatriz\/wp-json\/wp\/v2\/pages\/2281","targetHints":{"allow":["GET"]}}],"collection":[{"href":"https:\/\/geolit.es\/iatmatriz\/wp-json\/wp\/v2\/pages"}],"about":[{"href":"https:\/\/geolit.es\/iatmatriz\/wp-json\/wp\/v2\/types\/page"}],"author":[{"embeddable":true,"href":"https:\/\/geolit.es\/iatmatriz\/wp-json\/wp\/v2\/users\/2"}],"replies":[{"embeddable":true,"href":"https:\/\/geolit.es\/iatmatriz\/wp-json\/wp\/v2\/comments?post=2281"}],"version-history":[{"count":10,"href":"https:\/\/geolit.es\/iatmatriz\/wp-json\/wp\/v2\/pages\/2281\/revisions"}],"predecessor-version":[{"id":2398,"href":"https:\/\/geolit.es\/iatmatriz\/wp-json\/wp\/v2\/pages\/2281\/revisions\/2398"}],"wp:attachment":[{"href":"https:\/\/geolit.es\/iatmatriz\/wp-json\/wp\/v2\/media?parent=2281"}],"curies":[{"name":"wp","href":"https:\/\/api.w.org\/{rel}","templated":true}]}}