{"id":18,"date":"2023-05-29T12:12:18","date_gmt":"2023-05-29T12:12:18","guid":{"rendered":"http:\/\/dev.kayzenemprende.es\/?page_id=18"},"modified":"2025-12-10T12:56:15","modified_gmt":"2025-12-10T10:56:15","slug":"pagina-de-inicio","status":"publish","type":"page","link":"https:\/\/geolit.es\/iatmatriz\/","title":{"rendered":"Incubadora de Alta Tecnolog\u00eda para la Transici\u00f3n Ecol\u00f3gica y Digital"},"content":{"rendered":"\t\t<div data-elementor-type=\"wp-page\" data-elementor-id=\"18\" class=\"elementor elementor-18\" data-elementor-post-type=\"page\">\n\t\t\t\t<main class=\"elementor-element elementor-element-d6b4fd8 e-con-full e-flex e-con e-parent\" data-id=\"d6b4fd8\" data-element_type=\"container\" data-e-type=\"container\">\n\t\t<div class=\"elementor-element elementor-element-ef6e934 e-con-full e-flex e-con e-child\" data-id=\"ef6e934\" data-element_type=\"container\" data-e-type=\"container\">\n\t\t\t\t<div class=\"elementor-element elementor-element-a74b681 elementor--h-position-center elementor--v-position-middle elementor-arrows-position-inside elementor-pagination-position-inside elementor-widget elementor-widget-slides\" data-id=\"a74b681\" data-element_type=\"widget\" data-e-type=\"widget\" data-settings=\"{&quot;navigation&quot;:&quot;both&quot;,&quot;autoplay&quot;:&quot;yes&quot;,&quot;pause_on_hover&quot;:&quot;yes&quot;,&quot;pause_on_interaction&quot;:&quot;yes&quot;,&quot;autoplay_speed&quot;:5000,&quot;infinite&quot;:&quot;yes&quot;,&quot;transition&quot;:&quot;slide&quot;,&quot;transition_speed&quot;:500}\" arial=\"Imagen decorativa de fondo\" data-widget_type=\"slides.default\">\n\t\t\t\t<div class=\"elementor-widget-container\">\n\t\t\t\t\t\t\t\t\t<div class=\"elementor-swiper\">\n\t\t\t\t\t<div class=\"elementor-slides-wrapper elementor-main-swiper swiper\" role=\"region\" aria-roledescription=\"carousel\" aria-label=\"Diapositivas\" dir=\"ltr\" data-animation=\"fadeInUp\">\n\t\t\t\t<div class=\"swiper-wrapper elementor-slides\">\n\t\t\t\t\t\t\t\t\t\t<div class=\"elementor-repeater-item-046a995 swiper-slide\" role=\"group\" aria-roledescription=\"slide\"><div class=\"swiper-slide-bg elementor-ken-burns elementor-ken-burns--in\" role=\"img\" aria-label=\"iat-quienes-somos-top-02\"><\/div><a class=\"swiper-slide-inner\" href=\"https:\/\/geolit.es\/iatmatriz\/forotendencias\/\"><div class=\"swiper-slide-contents\"><span class=\"elementor-slide-heading\">II Foro Tendencias<\/span><div class=\"elementor-slide-description\">11 de diciembre 2025\n(Aforo completado)<\/div><div  class=\"elementor-button elementor-slide-button elementor-size-sm\"><span class=\"screen-reader-text \">Mas informaci\u00f3n sobre I Encuentro de \u201cProyectos Innovadores de IAT MATRIZ\u201d<\/span> M\u00c1S INFORMACI\u00d3N<\/div><\/div><\/a><\/div><div class=\"elementor-repeater-item-2978988 swiper-slide\" role=\"group\" aria-roledescription=\"slide\"><div class=\"swiper-slide-bg elementor-ken-burns elementor-ken-burns--in\" role=\"img\" aria-label=\"iat-quienes-somos-top-02\"><\/div><a class=\"swiper-slide-inner\" href=\"https:\/\/geolit.es\/iatmatriz\/tecnologia-e-instalaciones\/\"><div class=\"swiper-slide-contents\"><span class=\"elementor-slide-heading\">Tecnolog\u00eda e Instalaciones<\/span><div class=\"elementor-slide-description\">Descubre el equipamiento tecnol\u00f3gico y las instalaciones de la IAT MATRIZ<\/div><div  class=\"elementor-button elementor-slide-button elementor-size-sm\"><span class=\"screen-reader-text \">Mas informaci\u00f3n sobre I Encuentro de \u201cProyectos Innovadores de IAT MATRIZ\u201d<\/span> M\u00c1S INFORMACI\u00d3N<\/div><\/div><\/a><\/div><div class=\"elementor-repeater-item-c0eb314 swiper-slide\" role=\"group\" aria-roledescription=\"slide\"><div class=\"swiper-slide-bg elementor-ken-burns elementor-ken-burns--in\" role=\"img\" aria-label=\"Quienes Somos\"><\/div><a class=\"swiper-slide-inner\" href=\"https:\/\/geolit.es\/iatmatriz\/solicitar-el-acceso-a-la-iat-matriz\/\"><div class=\"swiper-slide-contents\"><span class=\"elementor-slide-heading\">\u00bfQuieres formar parte de la IAT?<\/span><div class=\"elementor-slide-description\">S\u00e9 una de las empresas o proyectos que forman parte de la IAT<\/div><div  class=\"elementor-button elementor-slide-button elementor-size-sm\"><span class=\"screen-reader-text \">M\u00e1s informaci\u00f3n de solicitud de acceso a IAT Matriz\u201d<\/span> SOLICITUD DE ACCESO<\/div><\/div><\/a><\/div><div class=\"elementor-repeater-item-330d860 swiper-slide\" role=\"group\" aria-roledescription=\"slide\"><div class=\"swiper-slide-bg elementor-ken-burns elementor-ken-burns--in\" role=\"img\" aria-label=\"slider-02\"><\/div><a class=\"swiper-slide-inner\" href=\"https:\/\/geolit.es\/iatmatriz\/contacto-y-consultas\/\"><div class=\"swiper-slide-contents\"><span class=\"elementor-slide-heading\">\u00bfTienes dudas?<\/span><div class=\"elementor-slide-description\">Contacta con nosotros y te ayudaremos a resolver tus dudas<\/div><div  class=\"elementor-button elementor-slide-button elementor-size-sm\"><span class=\"screen-reader-text \">Contacta con nosotros\u201d<\/span> CONTACTO<\/div><\/div><\/a><\/div>\t\t\t\t<\/div>\n\t\t\t\t\t\t\t\t\t\t\t\t\t\t\t<div class=\"elementor-swiper-button elementor-swiper-button-prev\" role=\"button\" tabindex=\"0\" aria-label=\"Diapositiva anterior\">\n\t\t\t\t\t\t\t<svg aria-hidden=\"true\" class=\"e-font-icon-svg e-eicon-chevron-left\" viewBox=\"0 0 1000 1000\" xmlns=\"http:\/\/www.w3.org\/2000\/svg\"><path d=\"M646 125C629 125 613 133 604 142L308 442C296 454 292 471 292 487 292 504 296 521 308 533L604 854C617 867 629 875 646 875 663 875 679 871 692 858 704 846 713 829 713 812 713 796 708 779 692 767L438 487 692 225C700 217 708 204 708 187 708 171 704 154 692 142 675 129 663 125 646 125Z\"><\/path><\/svg>\t\t\t\t\t\t<\/div>\n\t\t\t\t\t\t<div class=\"elementor-swiper-button elementor-swiper-button-next\" role=\"button\" tabindex=\"0\" aria-label=\"Diapositiva siguiente\">\n\t\t\t\t\t\t\t<svg aria-hidden=\"true\" class=\"e-font-icon-svg e-eicon-chevron-right\" viewBox=\"0 0 1000 1000\" xmlns=\"http:\/\/www.w3.org\/2000\/svg\"><path d=\"M696 533C708 521 713 504 713 487 713 471 708 454 696 446L400 146C388 133 375 125 354 125 338 125 325 129 313 142 300 154 292 171 292 187 292 204 296 221 308 233L563 492 304 771C292 783 288 800 288 817 288 833 296 850 308 863 321 871 338 875 354 875 371 875 388 867 400 854L696 533Z\"><\/path><\/svg>\t\t\t\t\t\t<\/div>\n\t\t\t\t\t\t\t\t\t\t\t\t\t\t\t\t<div class=\"swiper-pagination\"><\/div>\n\t\t\t\t\t\t\t\t\t\t\t\t<\/div>\n\t\t\t\t<\/div>\n\t\t\t\t\t\t\t\t<\/div>\n\t\t\t\t<\/div>\n\t\t\t\t<\/div>\n\t\t\t\t<\/main>\n\t\t<main class=\"elementor-element elementor-element-ad2f399 e-flex e-con-boxed e-con e-parent\" data-id=\"ad2f399\" data-element_type=\"container\" data-e-type=\"container\">\n\t\t\t\t\t<div class=\"e-con-inner\">\n\t\t\t\t<div class=\"elementor-element elementor-element-30f41fb elementor-invisible elementor-widget elementor-widget-heading\" data-id=\"30f41fb\" data-element_type=\"widget\" data-e-type=\"widget\" data-settings=\"{&quot;_animation&quot;:&quot;fadeInUp&quot;}\" data-widget_type=\"heading.default\">\n\t\t\t\t<div class=\"elementor-widget-container\">\n\t\t\t\t\t<h1 class=\"elementor-heading-title elementor-size-default\">Incubadora de Alta Tecnolog\u00eda para la Transici\u00f3n Verde y Digital<\/h1>\t\t\t\t<\/div>\n\t\t\t\t<\/div>\n\t\t\t\t\t<\/div>\n\t\t\t\t<\/main>\n\t\t\t\t<main class=\"elementor-section elementor-top-section elementor-element elementor-element-d57a0b2 elementor-section-boxed elementor-section-height-default elementor-section-height-default\" data-id=\"d57a0b2\" data-element_type=\"section\" data-e-type=\"section\">\n\t\t\t\t\t\t<div class=\"elementor-container elementor-column-gap-wider\">\n\t\t\t\t\t<div class=\"elementor-column elementor-col-50 elementor-top-column elementor-element elementor-element-3cd41b3\" data-id=\"3cd41b3\" data-element_type=\"column\" data-e-type=\"column\">\n\t\t\t<div class=\"elementor-widget-wrap elementor-element-populated\">\n\t\t\t\t\t\t<div class=\"elementor-element elementor-element-5a456cd elementor-invisible elementor-widget elementor-widget-video\" data-id=\"5a456cd\" data-element_type=\"widget\" data-e-type=\"widget\" data-settings=\"{&quot;youtube_url&quot;:&quot;https:\\\/\\\/www.youtube.com\\\/watch?v=Ha_hhTBv4NY&quot;,&quot;_animation&quot;:&quot;fadeInLeft&quot;,&quot;video_type&quot;:&quot;youtube&quot;,&quot;controls&quot;:&quot;yes&quot;}\" data-widget_type=\"video.default\">\n\t\t\t\t<div class=\"elementor-widget-container\">\n\t\t\t\t\t\t\t<div class=\"elementor-wrapper elementor-open-inline\">\n\t\t\t<div class=\"elementor-video\"><\/div>\t\t<\/div>\n\t\t\t\t\t\t<\/div>\n\t\t\t\t<\/div>\n\t\t\t\t\t<\/div>\n\t\t<\/div>\n\t\t\t\t<div class=\"elementor-column elementor-col-50 elementor-top-column elementor-element elementor-element-6c59dc3\" data-id=\"6c59dc3\" data-element_type=\"column\" data-e-type=\"column\">\n\t\t\t<div class=\"elementor-widget-wrap elementor-element-populated\">\n\t\t\t\t\t\t<div class=\"elementor-element elementor-element-a9c33a0 elementor-invisible elementor-widget elementor-widget-heading\" data-id=\"a9c33a0\" data-element_type=\"widget\" data-e-type=\"widget\" data-settings=\"{&quot;_animation&quot;:&quot;fadeInUp&quot;}\" data-widget_type=\"heading.default\">\n\t\t\t\t<div class=\"elementor-widget-container\">\n\t\t\t\t\t<h2 class=\"elementor-heading-title elementor-size-default\">IAT MATRIZ<\/h2>\t\t\t\t<\/div>\n\t\t\t\t<\/div>\n\t\t\t\t<div class=\"elementor-element elementor-element-264f472 elementor-invisible elementor-widget elementor-widget-text-editor\" data-id=\"264f472\" data-element_type=\"widget\" data-e-type=\"widget\" data-settings=\"{&quot;_animation&quot;:&quot;fadeInRight&quot;}\" data-widget_type=\"text-editor.default\">\n\t\t\t\t<div class=\"elementor-widget-container\">\n\t\t\t\t\t\t\t\t\t<p>La Incubadora de Alta Tecnolog\u00eda para la Transici\u00f3n Verde y Digital forma parte del compromiso de la Diputaci\u00f3n Provincial de Ja\u00e9n con el desarrollo sostenible de nuestro territorio, apoyando a PYMEs e iniciativas emprendedoras para que sean generadoras de empleo, bienestar social y motor de sostenibilidad.<\/p>\t\t\t\t\t\t\t\t<\/div>\n\t\t\t\t<\/div>\n\t\t\t\t<div class=\"elementor-element elementor-element-7b6b867 elementor-invisible elementor-widget elementor-widget-button\" data-id=\"7b6b867\" data-element_type=\"widget\" data-e-type=\"widget\" data-settings=\"{&quot;_animation&quot;:&quot;fadeInUp&quot;}\" data-widget_type=\"button.default\">\n\t\t\t\t<div class=\"elementor-widget-container\">\n\t\t\t\t\t\t\t\t\t<div class=\"elementor-button-wrapper\">\n\t\t\t\t\t<a class=\"elementor-button elementor-button-link elementor-size-sm elementor-animation-grow\" href=\"https:\/\/geolit.es\/iatmatriz\/quienes-somos\/\">\n\t\t\t\t\t\t<span class=\"elementor-button-content-wrapper\">\n\t\t\t\t\t\t<span class=\"elementor-button-icon\">\n\t\t\t\t<svg aria-hidden=\"true\" class=\"e-font-icon-svg e-fas-chevron-right\" viewBox=\"0 0 320 512\" xmlns=\"http:\/\/www.w3.org\/2000\/svg\"><path d=\"M285.476 272.971L91.132 467.314c-9.373 9.373-24.569 9.373-33.941 0l-22.667-22.667c-9.357-9.357-9.375-24.522-.04-33.901L188.505 256 34.484 101.255c-9.335-9.379-9.317-24.544.04-33.901l22.667-22.667c9.373-9.373 24.569-9.373 33.941 0L285.475 239.03c9.373 9.372 9.373 24.568.001 33.941z\"><\/path><\/svg>\t\t\t<\/span>\n\t\t\t\t\t\t\t\t\t<span class=\"elementor-button-text\">QUI\u00c9NES SOMOS<\/span>\n\t\t\t\t\t<\/span>\n\t\t\t\t\t<\/a>\n\t\t\t\t<\/div>\n\t\t\t\t\t\t\t\t<\/div>\n\t\t\t\t<\/div>\n\t\t\t\t\t<\/div>\n\t\t<\/div>\n\t\t\t\t\t<\/div>\n\t\t<\/main>\n\t\t\t\t<main class=\"elementor-section elementor-top-section elementor-element elementor-element-ff50e9d elementor-section-boxed elementor-section-height-default elementor-section-height-default\" data-id=\"ff50e9d\" data-element_type=\"section\" data-e-type=\"section\">\n\t\t\t\t\t\t<div class=\"elementor-container elementor-column-gap-default\">\n\t\t\t\t\t<div class=\"elementor-column elementor-col-100 elementor-top-column elementor-element elementor-element-4822270\" data-id=\"4822270\" data-element_type=\"column\" data-e-type=\"column\">\n\t\t\t<div class=\"elementor-widget-wrap elementor-element-populated\">\n\t\t\t\t\t\t<div class=\"elementor-element elementor-element-b8aeeb2 elementor-invisible elementor-widget elementor-widget-heading\" data-id=\"b8aeeb2\" data-element_type=\"widget\" data-e-type=\"widget\" data-settings=\"{&quot;_animation&quot;:&quot;fadeInDown&quot;}\" data-widget_type=\"heading.default\">\n\t\t\t\t<div class=\"elementor-widget-container\">\n\t\t\t\t\t<h2 class=\"elementor-heading-title elementor-size-default\">ACTUALIDAD<\/h2>\t\t\t\t<\/div>\n\t\t\t\t<\/div>\n\t\t\t\t\t<\/div>\n\t\t<\/div>\n\t\t\t\t\t<\/div>\n\t\t<\/main>\n\t\t<main class=\"elementor-element elementor-element-7cea159 e-flex e-con-boxed e-con e-parent\" data-id=\"7cea159\" data-element_type=\"container\" data-e-type=\"container\">\n\t\t\t\t\t<div class=\"e-con-inner\">\n\t\t\t\t<div class=\"elementor-element elementor-element-9be14b5 elementor-grid-3 elementor-grid-tablet-2 elementor-grid-mobile-1 elementor-posts--thumbnail-top elementor-card-shadow-yes elementor-posts__hover-gradient elementor-widget elementor-widget-posts\" data-id=\"9be14b5\" data-element_type=\"widget\" data-e-type=\"widget\" data-settings=\"{&quot;cards_columns&quot;:&quot;3&quot;,&quot;cards_columns_tablet&quot;:&quot;2&quot;,&quot;cards_columns_mobile&quot;:&quot;1&quot;,&quot;cards_row_gap&quot;:{&quot;unit&quot;:&quot;px&quot;,&quot;size&quot;:35,&quot;sizes&quot;:[]},&quot;cards_row_gap_tablet&quot;:{&quot;unit&quot;:&quot;px&quot;,&quot;size&quot;:&quot;&quot;,&quot;sizes&quot;:[]},&quot;cards_row_gap_mobile&quot;:{&quot;unit&quot;:&quot;px&quot;,&quot;size&quot;:&quot;&quot;,&quot;sizes&quot;:[]}}\" data-widget_type=\"posts.cards\">\n\t\t\t\t<div class=\"elementor-widget-container\">\n\t\t\t\t\t\t\t<div class=\"elementor-posts-container elementor-posts elementor-posts--skin-cards elementor-grid\" role=\"list\">\n\t\t\t\t<article class=\"elementor-post elementor-grid-item post-5425 post type-post status-publish format-standard has-post-thumbnail hentry category-actualidad\" role=\"listitem\">\n\t\t\t<div class=\"elementor-post__card\">\n\t\t\t\t<a class=\"elementor-post__thumbnail__link\" href=\"https:\/\/geolit.es\/iatmatriz\/foro-matriz-2025\/\" tabindex=\"-1\" ><div class=\"elementor-post__thumbnail\"><img decoding=\"async\" width=\"1024\" height=\"576\" src=\"https:\/\/geolit.es\/iatmatriz\/\/wp-content\/uploads\/2025\/05\/geolit-1024x576-1.jpg\" class=\"attachment-large size-large wp-image-5414\" alt=\"\" srcset=\"https:\/\/geolit.es\/iatmatriz\/\/wp-content\/uploads\/2025\/05\/geolit-1024x576-1.jpg 1024w, https:\/\/geolit.es\/iatmatriz\/\/wp-content\/uploads\/2025\/05\/geolit-1024x576-1-300x169.jpg 300w, https:\/\/geolit.es\/iatmatriz\/\/wp-content\/uploads\/2025\/05\/geolit-1024x576-1-768x432.jpg 768w, https:\/\/geolit.es\/iatmatriz\/\/wp-content\/uploads\/2025\/05\/geolit-1024x576-1-500x281.jpg 500w\" sizes=\"(max-width: 1024px) 100vw, 1024px\" \/><\/div><\/a>\n\t\t\t\t<div class=\"elementor-post__text\">\n\t\t\t\t<h3 class=\"elementor-post__title\">\n\t\t\t<a href=\"https:\/\/geolit.es\/iatmatriz\/foro-matriz-2025\/\" >\n\t\t\t\tForo Matriz 2025\t\t\t<\/a>\n\t\t<\/h3>\n\t\t\t\t<\/div>\n\t\t\t\t\t<\/div>\n\t\t<\/article>\n\t\t\t\t<article class=\"elementor-post elementor-grid-item post-5286 post type-post status-publish format-standard has-post-thumbnail hentry category-actualidad\" role=\"listitem\">\n\t\t\t<div class=\"elementor-post__card\">\n\t\t\t\t<a class=\"elementor-post__thumbnail__link\" href=\"https:\/\/geolit.es\/iatmatriz\/foro-tendencias\/\" tabindex=\"-1\" ><div class=\"elementor-post__thumbnail\"><img decoding=\"async\" width=\"1024\" height=\"436\" src=\"https:\/\/geolit.es\/iatmatriz\/\/wp-content\/uploads\/2024\/12\/banner-foro-tendencias-jaen-por-industria-1024x436.jpg\" class=\"attachment-large size-large wp-image-5332\" alt=\"\" srcset=\"https:\/\/geolit.es\/iatmatriz\/\/wp-content\/uploads\/2024\/12\/banner-foro-tendencias-jaen-por-industria-1024x436.jpg 1024w, https:\/\/geolit.es\/iatmatriz\/\/wp-content\/uploads\/2024\/12\/banner-foro-tendencias-jaen-por-industria-300x128.jpg 300w, https:\/\/geolit.es\/iatmatriz\/\/wp-content\/uploads\/2024\/12\/banner-foro-tendencias-jaen-por-industria-768x327.jpg 768w, https:\/\/geolit.es\/iatmatriz\/\/wp-content\/uploads\/2024\/12\/banner-foro-tendencias-jaen-por-industria-1536x653.jpg 1536w, https:\/\/geolit.es\/iatmatriz\/\/wp-content\/uploads\/2024\/12\/banner-foro-tendencias-jaen-por-industria-2048x871.jpg 2048w, https:\/\/geolit.es\/iatmatriz\/\/wp-content\/uploads\/2024\/12\/banner-foro-tendencias-jaen-por-industria-500x213.jpg 500w\" sizes=\"(max-width: 1024px) 100vw, 1024px\" \/><\/div><\/a>\n\t\t\t\t<div class=\"elementor-post__text\">\n\t\t\t\t<h3 class=\"elementor-post__title\">\n\t\t\t<a href=\"https:\/\/geolit.es\/iatmatriz\/foro-tendencias\/\" >\n\t\t\t\tII Foro sobre tendencias de mercado y oportunidades de negocio en sectores estrat\u00e9gicos para la Industria De Jaen\t\t\t<\/a>\n\t\t<\/h3>\n\t\t\t\t<\/div>\n\t\t\t\t\t<\/div>\n\t\t<\/article>\n\t\t\t\t<article class=\"elementor-post elementor-grid-item post-5245 post type-post status-publish format-standard has-post-thumbnail hentry category-actualidad\" role=\"listitem\">\n\t\t\t<div class=\"elementor-post__card\">\n\t\t\t\t<a class=\"elementor-post__thumbnail__link\" href=\"https:\/\/geolit.es\/iatmatriz\/jaen-y-asturias-se-alian-para-aprovechar-las-oportunidades-que-ofrecera-el-corredor-industrial-ruta-de-la-plata\/\" tabindex=\"-1\" ><div class=\"elementor-post__thumbnail\"><img decoding=\"async\" width=\"1024\" height=\"576\" src=\"https:\/\/geolit.es\/iatmatriz\/\/wp-content\/uploads\/2024\/11\/20241021_Fortalecimiento_del_Corredor_Industrial_Ruta_de_la_Plata_x2x-1024x576.jpg\" class=\"attachment-large size-large wp-image-5246\" alt=\"\" srcset=\"https:\/\/geolit.es\/iatmatriz\/\/wp-content\/uploads\/2024\/11\/20241021_Fortalecimiento_del_Corredor_Industrial_Ruta_de_la_Plata_x2x-1024x576.jpg 1024w, https:\/\/geolit.es\/iatmatriz\/\/wp-content\/uploads\/2024\/11\/20241021_Fortalecimiento_del_Corredor_Industrial_Ruta_de_la_Plata_x2x-300x169.jpg 300w, https:\/\/geolit.es\/iatmatriz\/\/wp-content\/uploads\/2024\/11\/20241021_Fortalecimiento_del_Corredor_Industrial_Ruta_de_la_Plata_x2x-768x432.jpg 768w, https:\/\/geolit.es\/iatmatriz\/\/wp-content\/uploads\/2024\/11\/20241021_Fortalecimiento_del_Corredor_Industrial_Ruta_de_la_Plata_x2x-1536x864.jpg 1536w, https:\/\/geolit.es\/iatmatriz\/\/wp-content\/uploads\/2024\/11\/20241021_Fortalecimiento_del_Corredor_Industrial_Ruta_de_la_Plata_x2x-500x281.jpg 500w, https:\/\/geolit.es\/iatmatriz\/\/wp-content\/uploads\/2024\/11\/20241021_Fortalecimiento_del_Corredor_Industrial_Ruta_de_la_Plata_x2x.jpg 2016w\" sizes=\"(max-width: 1024px) 100vw, 1024px\" \/><\/div><\/a>\n\t\t\t\t<div class=\"elementor-post__text\">\n\t\t\t\t<h3 class=\"elementor-post__title\">\n\t\t\t<a href=\"https:\/\/geolit.es\/iatmatriz\/jaen-y-asturias-se-alian-para-aprovechar-las-oportunidades-que-ofrecera-el-corredor-industrial-ruta-de-la-plata\/\" >\n\t\t\t\tJa\u00e9n y Asturias se al\u00edan para aprovechar las oportunidades que ofrecer\u00e1 el corredor industrial \u201cRuta de la Plata\u201d\t\t\t<\/a>\n\t\t<\/h3>\n\t\t\t\t<\/div>\n\t\t\t\t\t<\/div>\n\t\t<\/article>\n\t\t\t\t<\/div>\n\t\t\n\t\t\t\t\t\t<\/div>\n\t\t\t\t<\/div>\n\t\t\t\t\t<\/div>\n\t\t\t\t<\/main>\n\t\t\t\t<\/div>\n\t\t","protected":false},"excerpt":{"rendered":"<p>II Foro Tendencias11 de diciembre 2025 (Aforo completado)Mas informaci\u00f3n sobre I Encuentro de \u201cProyectos Innovadores de IAT MATRIZ\u201d M\u00c1S INFORMACI\u00d3NTecnolog\u00eda e InstalacionesDescubre el equipamiento tecnol\u00f3gico<\/p>\n","protected":false},"author":2,"featured_media":0,"parent":0,"menu_order":0,"comment_status":"closed","ping_status":"closed","template":"elementor_header_footer","meta":{"_acf_changed":false,"site-sidebar-layout":"no-sidebar","site-content-layout":"","ast-site-content-layout":"full-width-container","site-content-style":"unboxed","site-sidebar-style":"unboxed","ast-global-header-display":"","ast-banner-title-visibility":"disabled","ast-main-header-display":"disabled","ast-hfb-above-header-display":"","ast-hfb-below-header-display":"","ast-hfb-mobile-header-display":"disabled","site-post-title":"disabled","ast-breadcrumbs-content":"disabled","ast-featured-img":"disabled","footer-sml-layout":"disabled","ast-disable-related-posts":"","theme-transparent-header-meta":"default","adv-header-id-meta":"","stick-header-meta":"","header-above-stick-meta":"","header-main-stick-meta":"","header-below-stick-meta":"","astra-migrate-meta-layouts":"set","ast-page-background-enabled":"default","ast-page-background-meta":{"desktop":{"background-color":"var(--ast-global-color-4)","background-image":"","background-repeat":"repeat","background-position":"center center","background-size":"auto","background-attachment":"scroll","background-type":"","background-media":"","overlay-type":"","overlay-color":"","overlay-opacity":"","overlay-gradient":""},"tablet":{"background-color":"","background-image":"","background-repeat":"repeat","background-position":"center center","background-size":"auto","background-attachment":"scroll","background-type":"","background-media":"","overlay-type":"","overlay-color":"","overlay-opacity":"","overlay-gradient":""},"mobile":{"background-color":"","background-image":"","background-repeat":"repeat","background-position":"center center","background-size":"auto","background-attachment":"scroll","background-type":"","background-media":"","overlay-type":"","overlay-color":"","overlay-opacity":"","overlay-gradient":""}},"ast-content-background-meta":{"desktop":{"background-color":"var(--ast-global-color-5)","background-image":"","background-repeat":"repeat","background-position":"center center","background-size":"auto","background-attachment":"scroll","background-type":"","background-media":"","overlay-type":"","overlay-color":"","overlay-opacity":"","overlay-gradient":""},"tablet":{"background-color":"var(--ast-global-color-5)","background-image":"","background-repeat":"repeat","background-position":"center center","background-size":"auto","background-attachment":"scroll","background-type":"","background-media":"","overlay-type":"","overlay-color":"","overlay-opacity":"","overlay-gradient":""},"mobile":{"background-color":"var(--ast-global-color-5)","background-image":"","background-repeat":"repeat","background-position":"center center","background-size":"auto","background-attachment":"scroll","background-type":"","background-media":"","overlay-type":"","overlay-color":"","overlay-opacity":"","overlay-gradient":""}},"footnotes":""},"class_list":["post-18","page","type-page","status-publish","hentry"],"acf":[],"_links":{"self":[{"href":"https:\/\/geolit.es\/iatmatriz\/wp-json\/wp\/v2\/pages\/18","targetHints":{"allow":["GET"]}}],"collection":[{"href":"https:\/\/geolit.es\/iatmatriz\/wp-json\/wp\/v2\/pages"}],"about":[{"href":"https:\/\/geolit.es\/iatmatriz\/wp-json\/wp\/v2\/types\/page"}],"author":[{"embeddable":true,"href":"https:\/\/geolit.es\/iatmatriz\/wp-json\/wp\/v2\/users\/2"}],"replies":[{"embeddable":true,"href":"https:\/\/geolit.es\/iatmatriz\/wp-json\/wp\/v2\/comments?post=18"}],"version-history":[{"count":653,"href":"https:\/\/geolit.es\/iatmatriz\/wp-json\/wp\/v2\/pages\/18\/revisions"}],"predecessor-version":[{"id":6127,"href":"https:\/\/geolit.es\/iatmatriz\/wp-json\/wp\/v2\/pages\/18\/revisions\/6127"}],"wp:attachment":[{"href":"https:\/\/geolit.es\/iatmatriz\/wp-json\/wp\/v2\/media?parent=18"}],"curies":[{"name":"wp","href":"https:\/\/api.w.org\/{rel}","templated":true}]}}